{"id":32567,"date":"2025-06-17T14:25:53","date_gmt":"2025-06-17T14:25:53","guid":{"rendered":"https:\/\/mps.digital-monkey.in\/product\/temperatursensor-yanmar-3jh4-4jh4-4jh5-120130-91370\/"},"modified":"2025-10-22T14:36:08","modified_gmt":"2025-10-22T14:36:08","slug":"temperatursensor-yanmar-3jh4-4jh4-4jh5-120130-91370","status":"publish","type":"product","link":"https:\/\/mps.digital-monkey.in\/de\/product\/temperatursensor-yanmar-3jh4-4jh4-4jh5-120130-91370\/","title":{"rendered":"Temperatursensor Yanmar 3JH4 4JH4 4JH5 &#8211; 120130-91370"},"content":{"rendered":"<p><strong>Temperatursensor f\u00fcr Yanmar 3JH \/ 4JH Serie &#8211; 120130-91370 (Nachr\u00fcstsatz)<\/strong><\/p>\n<p>Dieser <strong>Ersatz-Temperatursensor<\/strong> (als Ersatz f\u00fcr die Yanmar Teilenummer <strong>120130-91370<\/strong>) wurde entwickelt, um genaue Temperaturmessungen f\u00fcr eine Vielzahl von Yanmar 3JH und 4JH Schiffsdieselmotoren zu liefern. Er ist wichtig f\u00fcr die Sicherheit des Motors, erm\u00f6glicht eine korrekte Temperatur\u00fcberwachung und verhindert eine m\u00f6gliche \u00dcberhitzung. <\/p>\n<p><strong>Geeignet f\u00fcr Yanmar Marine Motormodelle:<\/strong><\/p>\n<p><strong>3JH Serie:<\/strong><\/p>\n<ul>\n<li>\n<p>3JH2(B)E &#8211; 38.7 HP<\/p>\n<\/li>\n<li>\n<p>3JH2T(B)E &#8211; 47.6 HP<\/p>\n<\/li>\n<li>\n<p>3JH3E &#8211; 40 PS<\/p>\n<\/li>\n<li>\n<p>3JH4E &#8211; 39 PS<\/p>\n<\/li>\n<li>\n<p>3JH5E &#8211; 39 PS<\/p>\n<\/li>\n<\/ul>\n<p><strong>Serie 4JH:<\/strong><\/p>\n<ul>\n<li>\n<p>4JHE &#8211; 44 PS<\/p>\n<\/li>\n<li>\n<p>4JHTE &#8211; 55 PS<\/p>\n<\/li>\n<li>\n<p>4JHHTE &#8211; 66 PS<\/p>\n<\/li>\n<li>\n<p>4JHDTE &#8211; 77 PS<\/p>\n<\/li>\n<li>\n<p>4JH2(B)E &#8211; 51 HP<\/p>\n<\/li>\n<li>\n<p>4JH2T(B)E &#8211; 63.2 HP<\/p>\n<\/li>\n<li>\n<p>4JH2HT(B)E &#8211; 76.1 HP<\/p>\n<\/li>\n<li>\n<p>4JH2DT(B)E &#8211; 88.4 HP<\/p>\n<\/li>\n<li>\n<p>4JH2UT(B)E &#8211; 100.6 HP<\/p>\n<\/li>\n<li>\n<p>4JH3E (EU) &#8211; 56 HP<\/p>\n<\/li>\n<li>\n<p>4JH3TE &#8211; 75 PS<\/p>\n<\/li>\n<li>\n<p>4JH3HTE &#8211; 100 HP<\/p>\n<\/li>\n<li>\n<p>4JH3DTE &#8211; 125 PS<\/p>\n<\/li>\n<li>\n<p>4JH4E &#8211; 54 PS<\/p>\n<\/li>\n<li>\n<p>4JH4AE &#8211; 54 PS<\/p>\n<\/li>\n<li>\n<p>4JH4TE &#8211; 75 PS<\/p>\n<\/li>\n<li>\n<p>4JH4HTE &#8211; 110 HP<\/p>\n<\/li>\n<li>\n<p>4JH5E &#8211; 54 PS<\/p>\n<\/li>\n<\/ul>\n<hr>\n<p><strong>Wichtige Merkmale:<\/strong><\/p>\n<ul>\n<li>\n<p>Pr\u00e4zise Temperatur\u00fcberwachung f\u00fcr Yanmar-Dieselmotoren<\/p>\n<\/li>\n<li>\n<p>Direkter Ersatz f\u00fcr die OEM-Teilenummer 120130-91370<\/p>\n<\/li>\n<li>\n<p>Kompatibel mit mehreren 3JH- und 4JH-Motorengenerationen<\/p>\n<\/li>\n<li>\n<p>Hilft, \u00dcberhitzung zu vermeiden und verbessert die Zuverl\u00e4ssigkeit des Motors<\/p>\n<\/li>\n<li>\n<p>Langlebige Konstruktion f\u00fcr die Umgebung von Schiffsmotoren<\/p>\n<\/li>\n<\/ul>\n<p>???? <strong>Teilenummer (Ersetzt):<\/strong> 120130-91370<br \/>\n????\ufe0f <strong>Typ:<\/strong> Aftermarket Temperatursensor<br \/>\n???? <strong>Enth\u00e4lt:<\/strong> 1x Temperatursensoreinheit<\/p>\n<hr>\n","protected":false},"excerpt":{"rendered":"<p>Temperatursensor f\u00fcr Yanmar 3JH \/ 4JH Serie &#8211; 120130-91370 (Nachr\u00fcstsatz) Dieser Ersatz-Temperatursensor (als Ersatz f\u00fcr die Yanmar Teilenummer 120130-91370) wurde entwickelt, um genaue Temperaturmessungen f\u00fcr eine Vielzahl von Yanmar 3JH und 4JH Schiffsdieselmotoren zu liefern. Er ist wichtig f\u00fcr die Sicherheit des Motors, erm\u00f6glicht eine korrekte Temperatur\u00fcberwachung und verhindert eine m\u00f6gliche \u00dcberhitzung. Geeignet f\u00fcr Yanmar [&hellip;]<\/p>\n","protected":false},"featured_media":28030,"comment_status":"open","ping_status":"closed","template":"","meta":[],"product_brand":[4236],"product_cat":[2533,2532,2534],"product_tag":[],"class_list":{"0":"post-32567","1":"product","2":"type-product","3":"status-publish","4":"has-post-thumbnail","6":"product_brand-yanmar","7":"product_cat-elektrische-systeme","8":"product_cat-motorenteile","9":"product_cat-sensoren-temperatur-druck-position-etc","10":"pa_condition-neu","11":"pa_model-3jh2","12":"pa_model-3jh2be","13":"pa_model-3jh2e","14":"pa_model-3jh2t","15":"pa_model-3jh2tbe","16":"pa_model-3jh4e","17":"pa_model-3jh5e","18":"pa_model-4jh","19":"pa_model-4jh-dte","20":"pa_model-4jh-e","21":"pa_model-4jh-hte","22":"pa_model-4jh-te","23":"pa_model-4jh2","24":"pa_model-4jh2be","25":"pa_model-4jh2dte","26":"pa_model-4jh2e","27":"pa_model-4jh2hte","28":"pa_model-4jh2tbe","29":"pa_model-4jh2te","30":"pa_model-4jh2utbe","31":"pa_model-4jh2ute","32":"pa_model-4jh3","33":"pa_model-4jh3-dte","34":"pa_model-4jh3-e","35":"pa_model-4jh3-hte","36":"pa_model-4jh3-te","37":"pa_model-4jh4","38":"pa_model-4jh4-ae","39":"pa_model-4jh4-e","40":"pa_model-4jh4-hte","41":"pa_model-4jh4-te","42":"pa_model-4jh5-e","43":"pa_oem-or-aftermarket-aftermarket","45":"first","46":"instock","47":"taxable","48":"shipping-taxable","49":"purchasable","50":"product-type-simple"},"supplier_id":7294,"supplier_sku":"","barcode":null,"atum_controlled":true,"out_stock_date":null,"out_stock_threshold":null,"inheritable":false,"inbound_stock":0,"stock_on_hold":0,"sold_today":0,"sales_last_days":0,"reserved_stock":0,"customer_returns":0,"warehouse_damage":0,"lost_in_post":0,"other_logs":0,"out_stock_days":0,"lost_sales":0,"has_location":false,"update_date":"2026-01-29T09:10:57","atum_locations":[],"atum_stock_status":"instock","restock_status":false,"low_stock_amount":1,"sales_update_date":"2026-01-29T09:10:57","calc_backorders":0,"_links":{"self":[{"href":"https:\/\/mps.digital-monkey.in\/de\/wp-json\/wp\/v2\/product\/32567","targetHints":{"allow":["GET"]}}],"collection":[{"href":"https:\/\/mps.digital-monkey.in\/de\/wp-json\/wp\/v2\/product"}],"about":[{"href":"https:\/\/mps.digital-monkey.in\/de\/wp-json\/wp\/v2\/types\/product"}],"replies":[{"embeddable":true,"href":"https:\/\/mps.digital-monkey.in\/de\/wp-json\/wp\/v2\/comments?post=32567"}],"wp:featuredmedia":[{"embeddable":true,"href":"https:\/\/mps.digital-monkey.in\/de\/wp-json\/wp\/v2\/media\/28030"}],"wp:attachment":[{"href":"https:\/\/mps.digital-monkey.in\/de\/wp-json\/wp\/v2\/media?parent=32567"}],"wp:term":[{"taxonomy":"product_brand","embeddable":true,"href":"https:\/\/mps.digital-monkey.in\/de\/wp-json\/wp\/v2\/product_brand?post=32567"},{"taxonomy":"product_cat","embeddable":true,"href":"https:\/\/mps.digital-monkey.in\/de\/wp-json\/wp\/v2\/product_cat?post=32567"},{"taxonomy":"product_tag","embeddable":true,"href":"https:\/\/mps.digital-monkey.in\/de\/wp-json\/wp\/v2\/product_tag?post=32567"}],"curies":[{"name":"wp","href":"https:\/\/api.w.org\/{rel}","templated":true}]}}