{"id":32577,"date":"2025-06-17T14:25:54","date_gmt":"2025-06-17T14:25:54","guid":{"rendered":"https:\/\/mps.digital-monkey.in\/product\/luftfilter-yanmar-128270-12540\/"},"modified":"2025-11-21T14:11:15","modified_gmt":"2025-11-21T14:11:15","slug":"luftfilter-yanmar-128270-12540","status":"publish","type":"product","link":"https:\/\/mps.digital-monkey.in\/de\/product\/luftfilter-yanmar-128270-12540\/","title":{"rendered":"Luftfilter Yanmar 128270-12540"},"content":{"rendered":"<p><strong>Luftfilter f\u00fcr Yanmar Schiffsmotoren &#8211; 128270-12540<\/strong><\/p>\n<p>Der Aftermarket <strong>Yanmar 128270-12540 Luftfilter<\/strong> wurde entwickelt, um einen optimalen Luftstrom und eine optimale Filtration in einer Vielzahl von kleinen Yanmar Schiffsdieselmotoren zu gew\u00e4hrleisten. Dieses OEM-\u00e4quivalente Teil verhindert das Eindringen von Staub und Schmutz in den Motor und sorgt so f\u00fcr eine sauberere Verbrennung, einen besseren Wirkungsgrad und eine l\u00e4ngere Lebensdauer des Motors &#8211; insbesondere unter harten maritimen Bedingungen. <\/p>\n<p><strong>Kompatibel mit den folgenden Yanmar Motormodellen:<\/strong><\/p>\n<p><strong>GM-Serie:<\/strong><\/p>\n<ul>\n<li>\n<p>2GM &#8211; 15 HP<\/p>\n<\/li>\n<li>\n<p>2GM20 &#8211; 18 PS<\/p>\n<\/li>\n<li>\n<p>2GM20 EU &#8211; 18 HP<\/p>\n<\/li>\n<li>\n<p>2GM20F &#8211; 18 PS (Zweikreisk\u00fchlung)<\/p>\n<\/li>\n<li>\n<p>2GM20F EU &#8211; 18 PS (Zweikreisk\u00fchlung)<\/p>\n<\/li>\n<li>\n<p>3GM &#8211; 22 HP<\/p>\n<\/li>\n<li>\n<p>3GM30 &#8211; 27 PS<\/p>\n<\/li>\n<li>\n<p>3GM30 EU &#8211; 27 HP<\/p>\n<\/li>\n<li>\n<p>3GM30F &#8211; 27 PS (Zweikreisk\u00fchlung)<\/p>\n<\/li>\n<li>\n<p>3GM30F EU &#8211; 27 PS (Zweikreisk\u00fchlung)<\/p>\n<\/li>\n<\/ul>\n<p><strong>YM-Serie:<\/strong><\/p>\n<ul>\n<li>\n<p>2YM15 &#8211; 14 HP<\/p>\n<\/li>\n<li>\n<p>3YM20 &#8211; 21 PS<\/p>\n<\/li>\n<li>\n<p>3YM30 &#8211; 29 PS<\/p>\n<\/li>\n<li>\n<p>3YM30AE &#8211; 29 HP<\/p>\n<\/li>\n<\/ul>\n<hr>\n<p><strong>Wichtige Merkmale:<\/strong><\/p>\n<ul>\n<li>\n<p>Ersetzt den Yanmar Luftfilter <strong>128270-12540, 128377-12530<\/strong><\/p>\n<\/li>\n<li>\n<p>Bietet einen sauberen Luftstrom f\u00fcr optimale Verbrennung<\/p>\n<\/li>\n<li>\n<p>Sch\u00fctzt den Motor vor Schmutz und Verunreinigungen<\/p>\n<\/li>\n<li>\n<p>Sorgt f\u00fcr Leistung und Kraftstoffeffizienz<\/p>\n<\/li>\n<li>\n<p>Zuverl\u00e4ssig und einfach zu installieren<\/p>\n<\/li>\n<\/ul>\n<p>???? <strong>Teilenummer (Ersetzt):<\/strong> 128270-12540<br \/>\n????\ufe0f <strong>Typ:<\/strong> Luftfilter f\u00fcr Schiffsmotoren<br \/>\n???? <strong>Enth\u00e4lt:<\/strong> 1x Luftfiltereinsatz<\/p>\n<hr>\n","protected":false},"excerpt":{"rendered":"<p>Luftfilter f\u00fcr Yanmar Schiffsmotoren &#8211; 128270-12540 Der Aftermarket Yanmar 128270-12540 Luftfilter wurde entwickelt, um einen optimalen Luftstrom und eine optimale Filtration in einer Vielzahl von kleinen Yanmar Schiffsdieselmotoren zu gew\u00e4hrleisten. Dieses OEM-\u00e4quivalente Teil verhindert das Eindringen von Staub und Schmutz in den Motor und sorgt so f\u00fcr eine sauberere Verbrennung, einen besseren Wirkungsgrad und eine [&hellip;]<\/p>\n","protected":false},"featured_media":28050,"comment_status":"open","ping_status":"closed","template":"","meta":[],"product_brand":[4236],"product_cat":[4442,4443,2498,2663,4441,4561],"product_tag":[],"class_list":{"0":"post-32577","1":"product","2":"type-product","3":"status-publish","4":"has-post-thumbnail","6":"product_brand-yanmar","7":"product_cat-2gm-2gm20-teile","8":"product_cat-3gm-3gm30-teile","9":"product_cat-ersatzteile-fur-motoren","10":"product_cat-luftfilter","11":"product_cat-yanmar","12":"product_cat-yanmar-luftfilter","13":"pa_condition-neu","14":"pa_model-2gm","15":"pa_model-2gm20","16":"pa_model-2gm20f","17":"pa_model-2ym15","18":"pa_model-2ym20","19":"pa_model-3gm","20":"pa_model-3gm30","21":"pa_model-3gm30f","22":"pa_model-3ym30","23":"pa_oem-or-aftermarket-aftermarket","25":"first","26":"onbackorder","27":"taxable","28":"shipping-taxable","29":"purchasable","30":"product-type-simple"},"supplier_id":7294,"supplier_sku":"","barcode":null,"atum_controlled":true,"out_stock_date":"2026-03-09 16:13:40","out_stock_threshold":null,"inheritable":false,"inbound_stock":0,"stock_on_hold":1,"sold_today":1,"sales_last_days":1,"reserved_stock":0,"customer_returns":0,"warehouse_damage":0,"lost_in_post":0,"other_logs":0,"out_stock_days":0,"lost_sales":0,"has_location":false,"update_date":"2026-03-09T16:13:58","atum_locations":[],"atum_stock_status":"onbackorder","restock_status":false,"low_stock_amount":1,"sales_update_date":"2026-03-09T16:13:58","calc_backorders":0,"_links":{"self":[{"href":"https:\/\/mps.digital-monkey.in\/de\/wp-json\/wp\/v2\/product\/32577","targetHints":{"allow":["GET"]}}],"collection":[{"href":"https:\/\/mps.digital-monkey.in\/de\/wp-json\/wp\/v2\/product"}],"about":[{"href":"https:\/\/mps.digital-monkey.in\/de\/wp-json\/wp\/v2\/types\/product"}],"replies":[{"embeddable":true,"href":"https:\/\/mps.digital-monkey.in\/de\/wp-json\/wp\/v2\/comments?post=32577"}],"wp:featuredmedia":[{"embeddable":true,"href":"https:\/\/mps.digital-monkey.in\/de\/wp-json\/wp\/v2\/media\/28050"}],"wp:attachment":[{"href":"https:\/\/mps.digital-monkey.in\/de\/wp-json\/wp\/v2\/media?parent=32577"}],"wp:term":[{"taxonomy":"product_brand","embeddable":true,"href":"https:\/\/mps.digital-monkey.in\/de\/wp-json\/wp\/v2\/product_brand?post=32577"},{"taxonomy":"product_cat","embeddable":true,"href":"https:\/\/mps.digital-monkey.in\/de\/wp-json\/wp\/v2\/product_cat?post=32577"},{"taxonomy":"product_tag","embeddable":true,"href":"https:\/\/mps.digital-monkey.in\/de\/wp-json\/wp\/v2\/product_tag?post=32577"}],"curies":[{"name":"wp","href":"https:\/\/api.w.org\/{rel}","templated":true}]}}