{"id":32637,"date":"2025-06-17T14:25:54","date_gmt":"2025-06-17T14:25:54","guid":{"rendered":"https:\/\/mps.digital-monkey.in\/product\/kraftstofffilter-yanmar-104500-55710\/"},"modified":"2025-10-30T09:00:15","modified_gmt":"2025-10-30T09:00:15","slug":"kraftstofffilter-yanmar-104500-55710","status":"publish","type":"product","link":"https:\/\/mps.digital-monkey.in\/de\/product\/kraftstofffilter-yanmar-104500-55710\/","title":{"rendered":"Kraftstofffilter Yanmar &#8211; 104500-55710"},"content":{"rendered":"<p><strong>Kraftstofffilter f\u00fcr Yanmar Marinemotoren &#8211; 104500-55710 (Ersatzfilter f\u00fcr den Nachr\u00fcstmarkt)<\/strong><\/p>\n<p>Dieser <strong>Aftermarket-Kraftstofffilter<\/strong> ersetzt die <strong>Yanmar-Teilenummer 104500-55710<\/strong>. Er wurde speziell entwickelt, um die Reinheit des Kraftstoffs in einer Vielzahl von kleinen und mittelgro\u00dfen Yanmar-Dieselmotoren zu erhalten. Er eignet sich sowohl f\u00fcr die routinem\u00e4\u00dfige Wartung als auch als Ersatzfilter und gew\u00e4hrleistet eine saubere Kraftstoffzufuhr, eine verbesserte Motorleistung und Schutz vor Kraftstoffverunreinigungen.  <\/p>\n<p><strong>Kompatibel mit den folgenden Yanmar Motormodellen:<\/strong><\/p>\n<p><strong>YSM \/ QM-Serie:<\/strong><\/p>\n<ul>\n<li>\n<p>YSM8 &#8211; 8 HP<\/p>\n<\/li>\n<li>\n<p>YSM12 &#8211; 12 HP<\/p>\n<\/li>\n<li>\n<p>2QM15 &#8211; 15 HP<\/p>\n<\/li>\n<li>\n<p>2QM20 &#8211; 22 PS<\/p>\n<\/li>\n<li>\n<p>3QM30 &#8211; 33 PS<\/p>\n<\/li>\n<\/ul>\n<p><strong>GM \/ HM Serie:<\/strong><\/p>\n<ul>\n<li>\n<p>1GM &#8211; 7,5 PS<\/p>\n<\/li>\n<li>\n<p>1GM10 &#8211; 9 HP<\/p>\n<\/li>\n<li>\n<p>2GM &#8211; 15 HP<\/p>\n<\/li>\n<li>\n<p>2GM20 &#8211; 18 PS<\/p>\n<\/li>\n<li>\n<p>2GM20 EU &#8211; 18 HP<\/p>\n<\/li>\n<li>\n<p>2GM20F &#8211; 18 PS<\/p>\n<\/li>\n<li>\n<p>2GM20F EU &#8211; 18 HP<\/p>\n<\/li>\n<li>\n<p>3GM &#8211; 22 HP<\/p>\n<\/li>\n<li>\n<p>3GM30 &#8211; 27 PS<\/p>\n<\/li>\n<li>\n<p>3GM30 EU &#8211; 27 HP<\/p>\n<\/li>\n<li>\n<p>3GM30F &#8211; 27 PS<\/p>\n<\/li>\n<li>\n<p>3GM30F EU &#8211; 27 HP<\/p>\n<\/li>\n<li>\n<p>3HM &#8211; 30 HP<\/p>\n<\/li>\n<li>\n<p>3HMF &#8211; 30 HP<\/p>\n<\/li>\n<li>\n<p>3HM35 &#8211; 34 PS<\/p>\n<\/li>\n<li>\n<p>3HM35F &#8211; 34 PS<\/p>\n<\/li>\n<\/ul>\n<p><strong>YM-Serie:<\/strong><\/p>\n<ul>\n<li>\n<p>2YM15 &#8211; 14 HP<\/p>\n<\/li>\n<li>\n<p>3YM20 &#8211; 21 PS<\/p>\n<\/li>\n<li>\n<p>3YM30 &#8211; 29 PS<\/p>\n<\/li>\n<li>\n<p>3YM30AE &#8211; 29 HP<\/p>\n<\/li>\n<\/ul>\n<hr>\n<p><strong>Wichtige Merkmale:<\/strong><\/p>\n<ul>\n<li>\n<p>Ersetzt den Yanmar Kraftstofffilter <strong>104500-55710<\/strong><\/p>\n<\/li>\n<li>\n<p>Entwickelt f\u00fcr Diesel-Schiffsanwendungen<\/p>\n<\/li>\n<li>\n<p>Hohe Filtrationseffizienz f\u00fcr saubere Kraftstoffversorgung<\/p>\n<\/li>\n<li>\n<p>Kompatibel mit einer breiten Palette von kompakten Yanmar-Motoren<\/p>\n<\/li>\n<li>\n<p>Einfache Installation und zuverl\u00e4ssige Leistung<\/p>\n<\/li>\n<\/ul>\n<p>???? <strong>Teilenummer (Ersetzt):<\/strong> 104500-55710<br \/>\n????\ufe0f <strong>Typ:<\/strong> Aftermarket-Kraftstofffilter<br \/>\n???? <strong>Enth\u00e4lt:<\/strong> 1x Kraftstofffiltereinsatz<\/p>\n<hr>\n","protected":false},"excerpt":{"rendered":"<p>Kraftstofffilter f\u00fcr Yanmar Marinemotoren &#8211; 104500-55710 (Ersatzfilter f\u00fcr den Nachr\u00fcstmarkt) Dieser Aftermarket-Kraftstofffilter ersetzt die Yanmar-Teilenummer 104500-55710. Er wurde speziell entwickelt, um die Reinheit des Kraftstoffs in einer Vielzahl von kleinen und mittelgro\u00dfen Yanmar-Dieselmotoren zu erhalten. Er eignet sich sowohl f\u00fcr die routinem\u00e4\u00dfige Wartung als auch als Ersatzfilter und gew\u00e4hrleistet eine saubere Kraftstoffzufuhr, eine verbesserte Motorleistung [&hellip;]<\/p>\n","protected":false},"featured_media":28045,"comment_status":"open","ping_status":"closed","template":"","meta":[],"product_brand":[],"product_cat":[4452,4442,4443,2498,2681,4441],"product_tag":[],"class_list":{"0":"post-32637","1":"product","2":"type-product","3":"status-publish","4":"has-post-thumbnail","6":"product_cat-1gm-1gm10-teile","7":"product_cat-2gm-2gm20-teile","8":"product_cat-3gm-3gm30-teile","9":"product_cat-ersatzteile-fur-motoren","10":"product_cat-kraftstofffilter","11":"product_cat-yanmar","13":"first","14":"onbackorder","15":"taxable","16":"shipping-taxable","17":"product-type-simple"},"supplier_id":7294,"supplier_sku":"","barcode":null,"atum_controlled":true,"out_stock_date":null,"out_stock_threshold":null,"inheritable":false,"inbound_stock":0,"stock_on_hold":0,"sold_today":0,"sales_last_days":0,"reserved_stock":0,"customer_returns":0,"warehouse_damage":0,"lost_in_post":0,"other_logs":0,"out_stock_days":0,"lost_sales":0,"has_location":false,"update_date":"2025-10-30T10:31:49","atum_locations":[],"atum_stock_status":"onbackorder","restock_status":false,"low_stock_amount":"","sales_update_date":"2025-10-07T07:22:17","calc_backorders":null,"_links":{"self":[{"href":"https:\/\/mps.digital-monkey.in\/de\/wp-json\/wp\/v2\/product\/32637","targetHints":{"allow":["GET"]}}],"collection":[{"href":"https:\/\/mps.digital-monkey.in\/de\/wp-json\/wp\/v2\/product"}],"about":[{"href":"https:\/\/mps.digital-monkey.in\/de\/wp-json\/wp\/v2\/types\/product"}],"replies":[{"embeddable":true,"href":"https:\/\/mps.digital-monkey.in\/de\/wp-json\/wp\/v2\/comments?post=32637"}],"wp:featuredmedia":[{"embeddable":true,"href":"https:\/\/mps.digital-monkey.in\/de\/wp-json\/wp\/v2\/media\/28045"}],"wp:attachment":[{"href":"https:\/\/mps.digital-monkey.in\/de\/wp-json\/wp\/v2\/media?parent=32637"}],"wp:term":[{"taxonomy":"product_brand","embeddable":true,"href":"https:\/\/mps.digital-monkey.in\/de\/wp-json\/wp\/v2\/product_brand?post=32637"},{"taxonomy":"product_cat","embeddable":true,"href":"https:\/\/mps.digital-monkey.in\/de\/wp-json\/wp\/v2\/product_cat?post=32637"},{"taxonomy":"product_tag","embeddable":true,"href":"https:\/\/mps.digital-monkey.in\/de\/wp-json\/wp\/v2\/product_tag?post=32637"}],"curies":[{"name":"wp","href":"https:\/\/api.w.org\/{rel}","templated":true}]}}