{"id":32655,"date":"2025-06-17T14:25:55","date_gmt":"2025-06-17T14:25:55","guid":{"rendered":"https:\/\/mps.digital-monkey.in\/product\/anlasser-yanmar-1gm10-2gm20-3gm30-129698-77010\/"},"modified":"2025-10-30T12:21:46","modified_gmt":"2025-10-30T12:21:46","slug":"anlasser-yanmar-1gm10-2gm20-3gm30-129698-77010","status":"publish","type":"product","link":"https:\/\/mps.digital-monkey.in\/de\/produkt\/anlasser-yanmar-1gm10-2gm20-3gm30-129698-77010\/","title":{"rendered":"Anlasser Yanmar 1GM10, 2GM20, 3GM30 129698-77010"},"content":{"rendered":"<h3><strong>Anlasser f\u00fcr Yanmar Schiffsmotoren - 129698-77010<\/strong><\/h3>\n<p>Dieser <strong>Yanmar-Anlasser in Erstausr\u00fcsterausf\u00fchrung (Teilenummer 129698-77010)<\/strong> wurde entwickelt, um zuverl\u00e4ssige, gleichm\u00e4\u00dfige Startkraft f\u00fcr eine Vielzahl kleiner bis mittelgro\u00dfer Schiffsdieselmotoren zu liefern. Er wurde f\u00fcr den Einsatz in der Schifffahrt entwickelt und bietet selbst unter den anspruchsvollsten Bedingungen eine verl\u00e4ssliche Startleistung. <\/p>\n<hr>\n<h3><strong>Geeignet f\u00fcr Yanmar Motormodelle:<\/strong><\/h3>\n<p><strong>Serie 1GM:<\/strong><\/p>\n<ul>\n<li>\n<p>1GM<\/p>\n<\/li>\n<li>\n<p>1GM10<\/p>\n<\/li>\n<li>\n<p>1GM10C<\/p>\n<\/li>\n<li>\n<p>1GM10VE<\/p>\n<\/li>\n<\/ul>\n<p><strong>2GM Serie:<\/strong><\/p>\n<ul>\n<li>\n<p>2GM<\/p>\n<\/li>\n<li>\n<p>2GM20<\/p>\n<\/li>\n<li>\n<p>2GM20-YEU<\/p>\n<\/li>\n<li>\n<p>2GM20B<\/p>\n<\/li>\n<li>\n<p>2GM20C<\/p>\n<\/li>\n<li>\n<p>2GM20C-YEU<\/p>\n<\/li>\n<li>\n<p>2GM20F<\/p>\n<\/li>\n<li>\n<p>2GM20F-YEU<\/p>\n<\/li>\n<li>\n<p>2GM20FC<\/p>\n<\/li>\n<li>\n<p>2GM20FC-YEU<\/p>\n<\/li>\n<li>\n<p>2GM20FVE<\/p>\n<\/li>\n<li>\n<p>2GM20VE<\/p>\n<\/li>\n<li>\n<p>2GMF<\/p>\n<\/li>\n<\/ul>\n<p><strong>3GM-Serie:<\/strong><\/p>\n<ul>\n<li>\n<p>3GM<\/p>\n<\/li>\n<li>\n<p>3GM30<\/p>\n<\/li>\n<li>\n<p>3GM30-YEU<\/p>\n<\/li>\n<li>\n<p>3GM30B<\/p>\n<\/li>\n<li>\n<p>3GM30C<\/p>\n<\/li>\n<li>\n<p>3GM30C-YEU<\/p>\n<\/li>\n<li>\n<p>3GM30F<\/p>\n<\/li>\n<li>\n<p>3GM30F-YEU<\/p>\n<\/li>\n<li>\n<p>3GM30FC-YEU<\/p>\n<\/li>\n<li>\n<p>3GM30FVE<\/p>\n<\/li>\n<li>\n<p>3GM30VE<\/p>\n<\/li>\n<li>\n<p>3GMD<\/p>\n<\/li>\n<li>\n<p>3GMDF<\/p>\n<\/li>\n<li>\n<p>3GMF<\/p>\n<\/li>\n<\/ul>\n<hr>\n<h3><strong>Wichtige Merkmale:<\/strong><\/h3>\n<ul>\n<li>\n<p>Hochwertiger Ersatz f\u00fcr die Yanmar Teile <strong>129698-77010, 129608-77010, 129242-77010, 121370-77010<\/strong><\/p>\n<\/li>\n<li>\n<p>Zuverl\u00e4ssiger Anlasser in Marinequalit\u00e4t<\/p>\n<\/li>\n<li>\n<p>Korrosionsbest\u00e4ndige Materialien und versiegelte Konstruktion<\/p>\n<\/li>\n<li>\n<p>Einfache Installation - direkter Einbau f\u00fcr mehrere GM-Motoren<\/p>\n<\/li>\n<li>\n<p>Entwickelt f\u00fcr lang anhaltende Leistung in rauen Umgebungen<\/p>\n<\/li>\n<\/ul>\n<p>???? <strong>Teilenummer:<\/strong> 129698-77010<br \/>\n\u2699\ufe0f <strong>Spannung:<\/strong> 12V<br \/>\n???? <strong>Anwendung:<\/strong> Yanmar 1GM \/ 2GM \/ 3GM Motorenserie<\/p>\n<hr>\n","protected":false},"excerpt":{"rendered":"<p>Anlasser f\u00fcr Yanmar Schiffsmotoren - 129698-77010 Dieser Yanmar-Anlasser in Erstausr\u00fcsterausf\u00fchrung (Teilenummer 129698-77010) wurde entwickelt, um zuverl\u00e4ssige, gleichm\u00e4\u00dfige Startkraft f\u00fcr eine Vielzahl kleiner bis mittelgro\u00dfer Schiffsdieselmotoren zu liefern. Er wurde f\u00fcr den Einsatz in der Schifffahrt entwickelt und bietet selbst unter den anspruchsvollsten Bedingungen eine verl\u00e4ssliche Startleistung. Geeignet f\u00fcr Yanmar Motormodelle: Serie 1GM: 1GM 1GM10 1GM10C [&hellip;]<\/p>\n","protected":false},"featured_media":28055,"comment_status":"open","ping_status":"closed","template":"","meta":[],"product_brand":[4236],"product_cat":[4452,4442,4443,2533,2498,2532,2711,4441],"product_tag":[],"class_list":{"0":"post-32655","1":"product","2":"type-product","3":"status-publish","4":"has-post-thumbnail","6":"product_brand-yanmar","7":"product_cat-1gm-1gm10-teile","8":"product_cat-2gm-2gm20-teile","9":"product_cat-3gm-3gm30-teile","10":"product_cat-elektrische-systeme","11":"product_cat-ersatzteile-fur-motoren","12":"product_cat-motorenteile","13":"product_cat-starter-motoren","14":"product_cat-yanmar","15":"pa_condition-neu","16":"pa_oem-or-aftermarket-aftermarket","18":"first","19":"instock","20":"taxable","21":"shipping-taxable","22":"purchasable","23":"product-type-simple"},"supplier_id":7294,"supplier_sku":"","barcode":null,"atum_controlled":true,"out_stock_date":null,"out_stock_threshold":null,"inheritable":false,"inbound_stock":0,"stock_on_hold":0,"sold_today":0,"sales_last_days":0,"reserved_stock":0,"customer_returns":0,"warehouse_damage":0,"lost_in_post":0,"other_logs":0,"out_stock_days":0,"lost_sales":0,"has_location":false,"update_date":"2025-10-30T10:31:49","atum_locations":[],"atum_stock_status":"instock","restock_status":false,"low_stock_amount":1,"sales_update_date":"2025-10-22T14:31:00","calc_backorders":null,"_links":{"self":[{"href":"https:\/\/mps.digital-monkey.in\/de\/wp-json\/wp\/v2\/product\/32655","targetHints":{"allow":["GET"]}}],"collection":[{"href":"https:\/\/mps.digital-monkey.in\/de\/wp-json\/wp\/v2\/product"}],"about":[{"href":"https:\/\/mps.digital-monkey.in\/de\/wp-json\/wp\/v2\/types\/product"}],"replies":[{"embeddable":true,"href":"https:\/\/mps.digital-monkey.in\/de\/wp-json\/wp\/v2\/comments?post=32655"}],"wp:featuredmedia":[{"embeddable":true,"href":"https:\/\/mps.digital-monkey.in\/de\/wp-json\/wp\/v2\/media\/28055"}],"wp:attachment":[{"href":"https:\/\/mps.digital-monkey.in\/de\/wp-json\/wp\/v2\/media?parent=32655"}],"wp:term":[{"taxonomy":"product_brand","embeddable":true,"href":"https:\/\/mps.digital-monkey.in\/de\/wp-json\/wp\/v2\/product_brand?post=32655"},{"taxonomy":"product_cat","embeddable":true,"href":"https:\/\/mps.digital-monkey.in\/de\/wp-json\/wp\/v2\/product_cat?post=32655"},{"taxonomy":"product_tag","embeddable":true,"href":"https:\/\/mps.digital-monkey.in\/de\/wp-json\/wp\/v2\/product_tag?post=32655"}],"curies":[{"name":"wp","href":"https:\/\/api.w.org\/{rel}","templated":true}]}}