{"id":32658,"date":"2025-06-17T14:25:56","date_gmt":"2025-06-17T14:25:56","guid":{"rendered":"https:\/\/mps.digital-monkey.in\/product\/volvo-penta-kraftstofffilter-21492771-3825133\/"},"modified":"2025-12-02T10:32:27","modified_gmt":"2025-12-02T10:32:27","slug":"volvo-penta-kraftstofffilter-21492771-3825133","status":"publish","type":"product","link":"https:\/\/mps.digital-monkey.in\/de\/product\/volvo-penta-kraftstofffilter-21492771-3825133\/","title":{"rendered":"Volvo Penta Kraftstofffilter &#8211; 21492771 3825133"},"content":{"rendered":"<h3><strong>Kraftstofffilter f\u00fcr Volvo Penta &#8211; Teile-Nr. 21492771 (Ersetzt 829913)<\/strong><\/h3>\n<p>Dieser hochwertige Aftermarket-Kraftstofffilter (Teile-Nr. <strong>21492771,<\/strong> ersetzt <strong>829913<\/strong>) wurde entwickelt, um eine saubere, effiziente Kraftstoffzufuhr f\u00fcr eine Vielzahl von Volvo Penta Diesel- und Bootsmotoren zu gew\u00e4hrleisten. Dieser Filter wurde f\u00fcr eine lang anhaltende Leistung entwickelt und sch\u00fctzt Ihr Kraftstoffsystem vor Verunreinigungen wie Schmutz, Rost und Wasser. <\/p>\n<p>Dieser Filter ist ideal f\u00fcr die Freizeitschifffahrt und den professionellen Einsatz in der Schifffahrt. Er sorgt f\u00fcr eine optimale Verbrennung und einen optimalen Schutz des Motors, selbst in anspruchsvollen Umgebungen auf See.<\/p>\n<hr>\n<h3><strong>Kompatibel mit den folgenden Volvo Penta Motormodellen:<\/strong><\/h3>\n<ul>\n<li>\n<p><strong>D-Serie \/ KAD \/ TAMD:<\/strong><\/p>\n<ul>\n<li>\n<p>(TA)MD30, (TA)MD31<\/p>\n<\/li>\n<li>\n<p>KAD32<\/p>\n<\/li>\n<\/ul>\n<\/li>\n<li>\n<p><strong>Serie 2000:<\/strong><\/p>\n<ul>\n<li>\n<p>2001, 2001AG, 2001B, 2001BG<\/p>\n<\/li>\n<li>\n<p>2002, 2002AG, 2002B, 2002BG, 2002BT, 2002D<\/p>\n<\/li>\n<li>\n<p>2003, 2003AG, 2003B, 2003BG, 2003D<\/p>\n<\/li>\n<li>\n<p>2003T, 2003TB, 2003TB-SOLAS<\/p>\n<\/li>\n<li>\n<p>2003-SOLAS<\/p>\n<\/li>\n<\/ul>\n<\/li>\n<li>\n<p><strong>MD-Serie:<\/strong><\/p>\n<ul>\n<li>\n<p>MD1, MD1B<\/p>\n<\/li>\n<li>\n<p>MD2B, MD2C<\/p>\n<\/li>\n<li>\n<p>MD3B<\/p>\n<\/li>\n<li>\n<p>MD5A, MD5B, MD5C<\/p>\n<\/li>\n<li>\n<p>MD6A, MD6B<\/p>\n<\/li>\n<li>\n<p>MD7A, MD7B<\/p>\n<\/li>\n<li>\n<p>MD11, MD11D<\/p>\n<\/li>\n<li>\n<p>MD17, MD17D<\/p>\n<\/li>\n<\/ul>\n<\/li>\n<\/ul>\n<hr>\n<h3><strong>Wichtige Merkmale:<\/strong><\/h3>\n<ul>\n<li>\n<p><strong>Aftermarket-Kraftstofffilter<\/strong> &#8211; ersetzt Volvo Penta Teil 829913<\/p>\n<\/li>\n<li>\n<p>Sorgt f\u00fcr eine <strong>saubere Kraftstoffzufuhr<\/strong> und eine l\u00e4ngere Lebensdauer des Motors<\/p>\n<\/li>\n<li>\n<p>Gebaut, um den <strong>Betriebsbedingungen auf See<\/strong> standzuhalten<\/p>\n<\/li>\n<li>\n<p>Einfache Installation &#8211; direkter Einbau f\u00fcr viele Dieselmotormodelle<\/p>\n<\/li>\n<li>\n<p>Zuverl\u00e4ssige Filtration f\u00fcr optimale Motorleistung<\/p>\n<\/li>\n<\/ul>\n<p>???? <strong>Teilenummer:<\/strong> 21492771<br \/>\n???? <strong>Ersetzt:<\/strong> 829913<br \/>\n????\ufe0f <strong>Typ:<\/strong> Kraftstofffilter &#8211; Nachr\u00fcstsatz<br \/>\n???? <strong>Enth\u00e4lt:<\/strong> 1 x Kraftstofffilter<\/p>\n<hr>\n","protected":false},"excerpt":{"rendered":"<p>Kraftstofffilter f\u00fcr Volvo Penta &#8211; Teile-Nr. 21492771 (Ersetzt 829913) Dieser hochwertige Aftermarket-Kraftstofffilter (Teile-Nr. 21492771, ersetzt 829913) wurde entwickelt, um eine saubere, effiziente Kraftstoffzufuhr f\u00fcr eine Vielzahl von Volvo Penta Diesel- und Bootsmotoren zu gew\u00e4hrleisten. Dieser Filter wurde f\u00fcr eine lang anhaltende Leistung entwickelt und sch\u00fctzt Ihr Kraftstoffsystem vor Verunreinigungen wie Schmutz, Rost und Wasser. Dieser [&hellip;]<\/p>\n","protected":false},"featured_media":23824,"comment_status":"open","ping_status":"closed","template":"","meta":[],"product_brand":[4230],"product_cat":[4488,2498,2681,4308,4722,4721,4467,4470,4473,4476,4592,4309,4348,4366,4369,4350,4353,4357,4360,4363,4466,4526],"product_tag":[2784,2785],"class_list":{"0":"post-32658","1":"product","2":"type-product","3":"status-publish","4":"has-post-thumbnail","6":"product_brand-volvo-penta","7":"product_cat-brauchen-sie-volvo-penta-teile","8":"product_cat-ersatzteile-fur-motoren","9":"product_cat-kraftstofffilter","10":"product_cat-volvo-penta","11":"product_cat-volvo-penta-2000-serie-service-teile","12":"product_cat-volvo-penta-2001-2002-2003-kraftstofffilter","13":"product_cat-volvo-penta-2001-teile","14":"product_cat-volvo-penta-2002-teile","15":"product_cat-volvo-penta-2003-teile","16":"product_cat-volvo-penta-2003t-teile","17":"product_cat-volvo-penta-kraftstofffilter","18":"product_cat-volvo-penta-md-serie","19":"product_cat-volvo-penta-md1","20":"product_cat-volvo-penta-md11","21":"product_cat-volvo-penta-md17","22":"product_cat-volvo-penta-md2","23":"product_cat-volvo-penta-md3","24":"product_cat-volvo-penta-md5","25":"product_cat-volvo-penta-md6","26":"product_cat-volvo-penta-md7","27":"product_cat-volvo-penta-serie-2000","28":"product_cat-volvo-penta-service-teile","29":"product_tag-kraftstofffilter","30":"product_tag-mann","32":"first","33":"instock","34":"taxable","35":"shipping-taxable","36":"purchasable","37":"product-type-simple"},"supplier_id":null,"supplier_sku":"","barcode":null,"atum_controlled":true,"out_stock_date":null,"out_stock_threshold":null,"inheritable":false,"inbound_stock":0,"stock_on_hold":0,"sold_today":0,"sales_last_days":0,"reserved_stock":0,"customer_returns":0,"warehouse_damage":0,"lost_in_post":0,"other_logs":0,"out_stock_days":0,"lost_sales":0,"has_location":false,"update_date":"2026-02-26T10:21:28","atum_locations":[],"atum_stock_status":"instock","restock_status":false,"low_stock_amount":"","sales_update_date":"2025-10-01T07:42:24","calc_backorders":0,"_links":{"self":[{"href":"https:\/\/mps.digital-monkey.in\/de\/wp-json\/wp\/v2\/product\/32658","targetHints":{"allow":["GET"]}}],"collection":[{"href":"https:\/\/mps.digital-monkey.in\/de\/wp-json\/wp\/v2\/product"}],"about":[{"href":"https:\/\/mps.digital-monkey.in\/de\/wp-json\/wp\/v2\/types\/product"}],"replies":[{"embeddable":true,"href":"https:\/\/mps.digital-monkey.in\/de\/wp-json\/wp\/v2\/comments?post=32658"}],"wp:featuredmedia":[{"embeddable":true,"href":"https:\/\/mps.digital-monkey.in\/de\/wp-json\/wp\/v2\/media\/23824"}],"wp:attachment":[{"href":"https:\/\/mps.digital-monkey.in\/de\/wp-json\/wp\/v2\/media?parent=32658"}],"wp:term":[{"taxonomy":"product_brand","embeddable":true,"href":"https:\/\/mps.digital-monkey.in\/de\/wp-json\/wp\/v2\/product_brand?post=32658"},{"taxonomy":"product_cat","embeddable":true,"href":"https:\/\/mps.digital-monkey.in\/de\/wp-json\/wp\/v2\/product_cat?post=32658"},{"taxonomy":"product_tag","embeddable":true,"href":"https:\/\/mps.digital-monkey.in\/de\/wp-json\/wp\/v2\/product_tag?post=32658"}],"curies":[{"name":"wp","href":"https:\/\/api.w.org\/{rel}","templated":true}]}}