{"id":32661,"date":"2025-06-17T14:25:56","date_gmt":"2025-06-17T14:25:56","guid":{"rendered":"https:\/\/mps.digital-monkey.in\/product\/volvo-penta-kraftstofffilter-861477\/"},"modified":"2025-12-02T10:32:47","modified_gmt":"2025-12-02T10:32:47","slug":"volvo-penta-kraftstofffilter-861477","status":"publish","type":"product","link":"https:\/\/mps.digital-monkey.in\/de\/product\/volvo-penta-kraftstofffilter-861477\/","title":{"rendered":"Volvo Penta Kraftstofffilter &#8211; 861477"},"content":{"rendered":"<h3><strong>Volvo Penta Kraftstofffilter &#8211; Teil Nr. 861477<\/strong><\/h3>\n<p>Dieser <strong>hochwertige Kraftstofffilter (861477)<\/strong> ist ein direktes Ersatzteil f\u00fcr eine breite Palette von Volvo Penta Schiffsdieselmotoren. Er sorgt f\u00fcr eine saubere Kraftstoffzufuhr, indem er Verunreinigungen effektiv entfernt, das Kraftstoffsystem Ihres Motors sch\u00fctzt und eine optimale Leistung in rauer Meeresumgebung unterst\u00fctzt. <\/p>\n<p>Dieser Filter ist sowohl f\u00fcr die Freizeit- als auch f\u00fcr die kommerzielle Schifffahrt geeignet und erf\u00fcllt oder \u00fcbertrifft die OEM-Filtrationsstandards.<\/p>\n<hr>\n<h3><strong>Kompatibel mit Volvo Penta-Motoren:<\/strong><\/h3>\n<ul>\n<li>\n<p><strong>D1-Serie:<\/strong><br \/>\nD1-13, D1-13B, D1-13F<br \/>\nD1-20, D1-20B, D1-20F<br \/>\nD1-30, D1-30B, D1-30F<\/p>\n<\/li>\n<li>\n<p><strong>D2-Serie:<\/strong><br \/>\nD2-40, D2-40B, D2-40F<br \/>\nD2-50F<br \/>\nD2-55, D2-55B, D2-55C, D2-55D, D2-55E, D2-55F<br \/>\nD2-60F<br \/>\nD2-75, D2-75B, D2-75C, D2-75F<\/p>\n<\/li>\n<li>\n<p><strong>MD-Serie:<\/strong><br \/>\nMD2010, MD2020, MD2030<\/p>\n<\/li>\n<\/ul>\n<p>Es handelt sich hierbei <strong>nicht um ein Originalprodukt von Volvo Penta<\/strong>, sondern um einen <strong>hochwertigen Ersatz<\/strong>, der auf Haltbarkeit und Leistung ausgelegt ist.<\/p>\n<hr>\n<h3><strong>Wichtige Merkmale:<\/strong><\/h3>\n<ul>\n<li>\n<p>Hocheffizienter <strong>Aftermarket-Kraftstofffilter<\/strong> &#8211; Teile-Nr. 861477<\/p>\n<\/li>\n<li>\n<p>Entwickelt, um <strong>sauberen Kraftstoff<\/strong> f\u00fcr eine bessere Motorleistung zu liefern<\/p>\n<\/li>\n<li>\n<p>Sch\u00fctzt vor <strong>Wasser, Rost, Schmutz und Ablagerungen<\/strong><\/p>\n<\/li>\n<li>\n<p>Einfache Installation und zuverl\u00e4ssige Filtration<\/p>\n<\/li>\n<li>\n<p>Geeignet f\u00fcr eine breite Palette von <strong>Volvo Penta Dieselmotoren<\/strong><\/p>\n<\/li>\n<\/ul>\n<p>???? <strong>Teilenummer:<\/strong> 861477<br \/>\n????\ufe0f <strong>Typ:<\/strong> Kraftstofffilter &#8211; Nachr\u00fcstsatz<br \/>\n???? <strong>Enth\u00e4lt:<\/strong> 1 x Kraftstofffilter<\/p>\n<hr>\n","protected":false},"excerpt":{"rendered":"<p>Volvo Penta Kraftstofffilter &#8211; Teil Nr. 861477 Dieser hochwertige Kraftstofffilter (861477) ist ein direktes Ersatzteil f\u00fcr eine breite Palette von Volvo Penta Schiffsdieselmotoren. Er sorgt f\u00fcr eine saubere Kraftstoffzufuhr, indem er Verunreinigungen effektiv entfernt, das Kraftstoffsystem Ihres Motors sch\u00fctzt und eine optimale Leistung in rauer Meeresumgebung unterst\u00fctzt. Dieser Filter ist sowohl f\u00fcr die Freizeit- als [&hellip;]<\/p>\n","protected":false},"featured_media":28076,"comment_status":"open","ping_status":"closed","template":"","meta":[],"product_brand":[4230],"product_cat":[4488,2498,2681,4308,4295,4290,4289,4332,4335,4336,4592,4309,4310,4312,4316,4331,4526],"product_tag":[2784,2785],"class_list":{"0":"post-32661","1":"product","2":"type-product","3":"status-publish","4":"has-post-thumbnail","6":"product_brand-volvo-penta","7":"product_cat-brauchen-sie-volvo-penta-teile","8":"product_cat-ersatzteile-fur-motoren","9":"product_cat-kraftstofffilter","10":"product_cat-volvo-penta","11":"product_cat-volvo-penta-d1-13-teile","12":"product_cat-volvo-penta-d1-20-teile","13":"product_cat-volvo-penta-d1-30-teile","14":"product_cat-volvo-penta-d2-40-teile","15":"product_cat-volvo-penta-d2-55-teile","16":"product_cat-volvo-penta-d2-75-teile","17":"product_cat-volvo-penta-kraftstofffilter","18":"product_cat-volvo-penta-md-serie","19":"product_cat-volvo-penta-md2010-teile","20":"product_cat-volvo-penta-md2020-teile","21":"product_cat-volvo-penta-md2030-teile","22":"product_cat-volvo-penta-serie-d2","23":"product_cat-volvo-penta-service-teile","24":"product_tag-kraftstofffilter","25":"product_tag-mann","27":"first","28":"instock","29":"taxable","30":"shipping-taxable","31":"purchasable","32":"product-type-simple"},"supplier_id":null,"supplier_sku":"","barcode":null,"atum_controlled":true,"out_stock_date":null,"out_stock_threshold":null,"inheritable":false,"inbound_stock":0,"stock_on_hold":0,"sold_today":0,"sales_last_days":0,"reserved_stock":0,"customer_returns":0,"warehouse_damage":0,"lost_in_post":0,"other_logs":0,"out_stock_days":0,"lost_sales":0,"has_location":false,"update_date":"2025-12-02T10:28:43","atum_locations":[],"atum_stock_status":"instock","restock_status":false,"low_stock_amount":"","sales_update_date":"2025-10-01T07:42:24","calc_backorders":null,"_links":{"self":[{"href":"https:\/\/mps.digital-monkey.in\/de\/wp-json\/wp\/v2\/product\/32661","targetHints":{"allow":["GET"]}}],"collection":[{"href":"https:\/\/mps.digital-monkey.in\/de\/wp-json\/wp\/v2\/product"}],"about":[{"href":"https:\/\/mps.digital-monkey.in\/de\/wp-json\/wp\/v2\/types\/product"}],"replies":[{"embeddable":true,"href":"https:\/\/mps.digital-monkey.in\/de\/wp-json\/wp\/v2\/comments?post=32661"}],"wp:featuredmedia":[{"embeddable":true,"href":"https:\/\/mps.digital-monkey.in\/de\/wp-json\/wp\/v2\/media\/28076"}],"wp:attachment":[{"href":"https:\/\/mps.digital-monkey.in\/de\/wp-json\/wp\/v2\/media?parent=32661"}],"wp:term":[{"taxonomy":"product_brand","embeddable":true,"href":"https:\/\/mps.digital-monkey.in\/de\/wp-json\/wp\/v2\/product_brand?post=32661"},{"taxonomy":"product_cat","embeddable":true,"href":"https:\/\/mps.digital-monkey.in\/de\/wp-json\/wp\/v2\/product_cat?post=32661"},{"taxonomy":"product_tag","embeddable":true,"href":"https:\/\/mps.digital-monkey.in\/de\/wp-json\/wp\/v2\/product_tag?post=32661"}],"curies":[{"name":"wp","href":"https:\/\/api.w.org\/{rel}","templated":true}]}}