{"id":32664,"date":"2025-06-17T14:25:56","date_gmt":"2025-06-17T14:25:56","guid":{"rendered":"https:\/\/mps.digital-monkey.in\/product\/volvo-penta-oelfilter-22057107\/"},"modified":"2026-03-17T15:57:55","modified_gmt":"2026-03-17T15:57:55","slug":"volvo-penta-oelfilter-22057107","status":"publish","type":"product","link":"https:\/\/mps.digital-monkey.in\/de\/product\/volvo-penta-oelfilter-22057107\/","title":{"rendered":"Volvo Penta \u00d6lfilter 22057107"},"content":{"rendered":"<h3><strong>\u00d6lfilter f\u00fcr Volvo Penta &#8211; 22057107<\/strong><\/h3>\n<p>Dieser <strong>hochwertige Aftermarket-\u00d6lfilter<\/strong> (Teilenummer 22057107) ist ein direktes Ersatzteil, das die OEM-Spezifikationen f\u00fcr eine breite Palette von Volvo Penta Schiffsdieselmotoren erf\u00fcllt oder \u00fcbertrifft. Er wurde f\u00fcr eine zuverl\u00e4ssige \u00d6lfiltration entwickelt, sch\u00fctzt vor Verunreinigungen und sorgt f\u00fcr eine l\u00e4ngere Lebensdauer des Motors, selbst unter anspruchsvollen maritimen Bedingungen.<\/p>\n<hr>\n<h3><strong>Kompatibel mit den folgenden Volvo Penta Motoren:<\/strong><\/h3>\n<ul>\n<li><strong>Serie 2000:<\/strong><br \/>\n2001, 2001AG, 2001B, 2001BG, 2001D, 2001R<br \/>\n2002, 2002AG, 2002B, 2002BG, 2002D<br \/>\n2003, 2003 Solas, 2003B, 2003B Solas, 2003D, 2003R, 2003R Solas<br \/>\n2003T, 2003TB, 2003TB Solas, 2003TR<\/li>\n<li><strong>AQ\/MD-Serie:<\/strong><br \/>\nAQD2B<br \/>\nMD1B, MD2B, MD3B<br \/>\nMD5A, MD5B, MD5C<br \/>\nMD6A, MD6B<br \/>\nMD7A, MD7B<br \/>\nMD11C, MD11D<br \/>\nMD17C, MD17D<\/li>\n<\/ul>\n<p>Es handelt sich hierbei <strong>nicht um ein Originalprodukt von Volvo Penta<\/strong>, sondern um einen <strong>hochwertigen Ersatz<\/strong>, der auf Langlebigkeit und konstante Leistung ausgelegt ist.<\/p>\n<hr>\n<h3><strong>Wichtige Merkmale:<\/strong><\/h3>\n<ul>\n<li>Aftermarket-Ersatz f\u00fcr Volvo Penta \u00d6lfilter &#8211; Teil Nr. 22057107<\/li>\n<li>Bietet eine hocheffiziente \u00d6lfiltration f\u00fcr Schiffsdieselmotoren<\/li>\n<li>Sch\u00fctzt Motorkomponenten vor Verschlei\u00df und Verschmutzung<\/li>\n<li>Einfach zu installieren &#8211; passend f\u00fcr eine Vielzahl von Modellen<\/li>\n<li>Gebaut, um den rauen Betriebsbedingungen auf See standzuhalten<\/li>\n<\/ul>\n<p>???? <strong>Teilenummer:<\/strong> 22057107<br \/>\n????\ufe0f <strong>Typ:<\/strong> \u00d6lfilter &#8211; Nachr\u00fcstsatz<br \/>\n???? <strong>Enth\u00e4lt:<\/strong> 1 x \u00d6lfilter<\/p>\n<hr>\n<p>&nbsp;<\/p>\n","protected":false},"excerpt":{"rendered":"<p>\u00d6lfilter f\u00fcr Volvo Penta &#8211; 22057107 Dieser hochwertige Aftermarket-\u00d6lfilter (Teilenummer 22057107) ist ein direktes Ersatzteil, das die OEM-Spezifikationen f\u00fcr eine breite Palette von Volvo Penta Schiffsdieselmotoren erf\u00fcllt oder \u00fcbertrifft. Er wurde f\u00fcr eine zuverl\u00e4ssige \u00d6lfiltration entwickelt, sch\u00fctzt vor Verunreinigungen und sorgt f\u00fcr eine l\u00e4ngere Lebensdauer des Motors, selbst unter anspruchsvollen maritimen Bedingungen. Kompatibel mit den [&hellip;]<\/p>\n","protected":false},"featured_media":23807,"comment_status":"open","ping_status":"closed","template":"","meta":[],"product_brand":[4230],"product_cat":[4488,2498,2790,4308,4722,4467,4718,4470,4473,4476,4309,4348,4366,4369,4350,4353,4357,4360,4363,4587,4466,4526],"product_tag":[2791],"class_list":{"0":"post-32664","1":"product","2":"type-product","3":"status-publish","4":"has-post-thumbnail","6":"product_brand-volvo-penta","7":"product_cat-brauchen-sie-volvo-penta-teile","8":"product_cat-ersatzteile-fur-motoren","9":"product_cat-olfilter","10":"product_cat-volvo-penta","11":"product_cat-volvo-penta-2000-serie-service-teile","12":"product_cat-volvo-penta-2001-teile","13":"product_cat-volvo-penta-2002-olfilter","14":"product_cat-volvo-penta-2002-teile","15":"product_cat-volvo-penta-2003-teile","16":"product_cat-volvo-penta-2003t-teile","17":"product_cat-volvo-penta-md-serie","18":"product_cat-volvo-penta-md1","19":"product_cat-volvo-penta-md11","20":"product_cat-volvo-penta-md17","21":"product_cat-volvo-penta-md2","22":"product_cat-volvo-penta-md3","23":"product_cat-volvo-penta-md5","24":"product_cat-volvo-penta-md6","25":"product_cat-volvo-penta-md7","26":"product_cat-volvo-penta-olfilter","27":"product_cat-volvo-penta-serie-2000","28":"product_cat-volvo-penta-service-teile","29":"product_tag-olfilter","31":"first","32":"onbackorder","33":"taxable","34":"shipping-taxable","35":"purchasable","36":"product-type-simple"},"supplier_id":null,"supplier_sku":"","barcode":null,"atum_controlled":true,"out_stock_date":"2026-02-26 10:19:20","out_stock_threshold":null,"inheritable":false,"inbound_stock":0,"stock_on_hold":0,"sold_today":0,"sales_last_days":0,"reserved_stock":0,"customer_returns":0,"warehouse_damage":0,"lost_in_post":0,"other_logs":0,"out_stock_days":19,"lost_sales":0,"has_location":false,"update_date":"2026-03-17T15:57:27","atum_locations":[],"atum_stock_status":"onbackorder","restock_status":false,"low_stock_amount":"","sales_update_date":"2025-09-23T17:24:25","calc_backorders":0,"_links":{"self":[{"href":"https:\/\/mps.digital-monkey.in\/de\/wp-json\/wp\/v2\/product\/32664","targetHints":{"allow":["GET"]}}],"collection":[{"href":"https:\/\/mps.digital-monkey.in\/de\/wp-json\/wp\/v2\/product"}],"about":[{"href":"https:\/\/mps.digital-monkey.in\/de\/wp-json\/wp\/v2\/types\/product"}],"replies":[{"embeddable":true,"href":"https:\/\/mps.digital-monkey.in\/de\/wp-json\/wp\/v2\/comments?post=32664"}],"wp:featuredmedia":[{"embeddable":true,"href":"https:\/\/mps.digital-monkey.in\/de\/wp-json\/wp\/v2\/media\/23807"}],"wp:attachment":[{"href":"https:\/\/mps.digital-monkey.in\/de\/wp-json\/wp\/v2\/media?parent=32664"}],"wp:term":[{"taxonomy":"product_brand","embeddable":true,"href":"https:\/\/mps.digital-monkey.in\/de\/wp-json\/wp\/v2\/product_brand?post=32664"},{"taxonomy":"product_cat","embeddable":true,"href":"https:\/\/mps.digital-monkey.in\/de\/wp-json\/wp\/v2\/product_cat?post=32664"},{"taxonomy":"product_tag","embeddable":true,"href":"https:\/\/mps.digital-monkey.in\/de\/wp-json\/wp\/v2\/product_tag?post=32664"}],"curies":[{"name":"wp","href":"https:\/\/api.w.org\/{rel}","templated":true}]}}