{"id":32823,"date":"2025-06-17T13:44:10","date_gmt":"2025-06-17T13:44:10","guid":{"rendered":"https:\/\/mps.digital-monkey.in\/product\/impeller-bausatz-yanmar-1042-7180\/"},"modified":"2026-03-20T13:28:53","modified_gmt":"2026-03-20T13:28:53","slug":"impeller-bausatz-yanmar-1042-7180","status":"publish","type":"product","link":"https:\/\/mps.digital-monkey.in\/de\/product\/impeller-bausatz-yanmar-1042-7180\/","title":{"rendered":"Impeller Bausatz Yanmar 1042-7180"},"content":{"rendered":"<p><strong>Impeller mit Dichtung<\/strong> passend f\u00fcr alle Motoren der YS-Serie, sowie die Modelle 2QM15 und 2GM(20), 3GM(30) (bestehend aus Laufrad 104211-42071 &amp; Dichtung 104211-42090).<\/p>\n<p><strong>Hinweis:<\/strong> Nur f\u00fcr einfach gek\u00fchlte Motoren. F\u00fcr doppelt gek\u00fchlte (F) Motoren bestellen Sie den Laufradsatz 1242-092. <\/p>\n<ul>\n<li>YSB8 8HP, YSB12 12HP, YSE8 8HP, YSE12 12HP<\/li>\n<li>YSM8 8HP, YSM12 12HP, 2QM15 15HP, 2GM 15HP, 2GM20 18HP<\/li>\n<li>3GM 22HP, 3GM30 27HP<\/li>\n<\/ul>\n","protected":false},"excerpt":{"rendered":"<p>Impeller mit Dichtung passend f\u00fcr alle Motoren der YS-Serie, sowie die Modelle 2QM15 und 2GM(20), 3GM(30) (bestehend aus Laufrad 104211-42071 &amp; Dichtung 104211-42090). Hinweis: Nur f\u00fcr einfach gek\u00fchlte Motoren. F\u00fcr doppelt gek\u00fchlte (F) Motoren bestellen Sie den Laufradsatz 1242-092. YSB8 8HP, YSB12 12HP, YSE8 8HP, YSE12 12HP YSM8 8HP, YSM12 12HP, 2QM15 15HP, 2GM 15HP, [&hellip;]<\/p>\n","protected":false},"featured_media":32824,"comment_status":"open","ping_status":"closed","template":"","meta":[],"product_brand":[4236],"product_cat":[4442,4443,2498,3027,4441,4559],"product_tag":[],"class_list":{"0":"post-32823","1":"product","2":"type-product","3":"status-publish","4":"has-post-thumbnail","6":"product_brand-yanmar","7":"product_cat-2gm-2gm20-teile","8":"product_cat-3gm-3gm30-teile","9":"product_cat-ersatzteile-fur-motoren","10":"product_cat-impeller","11":"product_cat-yanmar","12":"product_cat-yanmar-impellers","13":"pa_condition-neu","14":"pa_model-2gm","15":"pa_model-2gm20","16":"pa_model-2qm15","17":"pa_model-3gm","18":"pa_model-3gm30","19":"pa_model-ysb12","20":"pa_model-ysb8","21":"pa_model-yse12","22":"pa_model-yse8","23":"pa_model-ysm12","24":"pa_model-ysm8","25":"pa_oem-or-aftermarket-oem","27":"first","28":"instock","29":"sale","30":"taxable","31":"shipping-taxable","32":"purchasable","33":"product-type-simple"},"supplier_id":32143,"supplier_sku":"104211-42071","barcode":null,"atum_controlled":true,"out_stock_date":null,"out_stock_threshold":null,"inheritable":false,"inbound_stock":0,"stock_on_hold":0,"sold_today":0,"sales_last_days":0,"reserved_stock":0,"customer_returns":0,"warehouse_damage":0,"lost_in_post":0,"other_logs":0,"out_stock_days":0,"lost_sales":0,"has_location":false,"update_date":"2026-03-20T13:29:27","atum_locations":[],"atum_stock_status":"instock","restock_status":false,"low_stock_amount":"","sales_update_date":"2026-03-20T13:15:45","calc_backorders":0,"_links":{"self":[{"href":"https:\/\/mps.digital-monkey.in\/de\/wp-json\/wp\/v2\/product\/32823","targetHints":{"allow":["GET"]}}],"collection":[{"href":"https:\/\/mps.digital-monkey.in\/de\/wp-json\/wp\/v2\/product"}],"about":[{"href":"https:\/\/mps.digital-monkey.in\/de\/wp-json\/wp\/v2\/types\/product"}],"replies":[{"embeddable":true,"href":"https:\/\/mps.digital-monkey.in\/de\/wp-json\/wp\/v2\/comments?post=32823"}],"wp:featuredmedia":[{"embeddable":true,"href":"https:\/\/mps.digital-monkey.in\/de\/wp-json\/wp\/v2\/media\/32824"}],"wp:attachment":[{"href":"https:\/\/mps.digital-monkey.in\/de\/wp-json\/wp\/v2\/media?parent=32823"}],"wp:term":[{"taxonomy":"product_brand","embeddable":true,"href":"https:\/\/mps.digital-monkey.in\/de\/wp-json\/wp\/v2\/product_brand?post=32823"},{"taxonomy":"product_cat","embeddable":true,"href":"https:\/\/mps.digital-monkey.in\/de\/wp-json\/wp\/v2\/product_cat?post=32823"},{"taxonomy":"product_tag","embeddable":true,"href":"https:\/\/mps.digital-monkey.in\/de\/wp-json\/wp\/v2\/product_tag?post=32823"}],"curies":[{"name":"wp","href":"https:\/\/api.w.org\/{rel}","templated":true}]}}