{"id":32848,"date":"2025-06-17T14:25:52","date_gmt":"2025-06-17T14:25:52","guid":{"rendered":"https:\/\/mps.digital-monkey.in\/product\/volvo-penta-kuehlmittel-gruen\/"},"modified":"2026-02-26T10:26:40","modified_gmt":"2026-02-26T10:26:40","slug":"volvo-penta-kuehlmittel-gruen","status":"publish","type":"product","link":"https:\/\/mps.digital-monkey.in\/de\/product\/volvo-penta-kuehlmittel-gruen\/","title":{"rendered":"Volvo Penta K\u00fchlmittel Gr\u00fcn"},"content":{"rendered":"<h3><strong>Volvo Penta K\u00fchlmittel Gr\u00fcn 5L (Gebrauchsfertig 40\/60)<\/strong><\/h3>\n<p>Volvo Penta Coolant Green ist ein Hochleistungs-K\u00fchlmittel, das speziell f\u00fcr \u00e4ltere Generationen von Volvo Penta Motoren entwickelt wurde. Diese vorgemischte 40\/60-L\u00f6sung ist gebrauchsfertig und bietet zuverl\u00e4ssigen Motorschutz. <\/p>\n<p><strong>Vorteile von Volvo Penta Coolant Green:<\/strong><\/p>\n<ul>\n<li>\n<p>Verhindert Einfrieren und \u00dcberhitzung<\/p>\n<\/li>\n<li>\n<p>Bietet maximalen Schutz vor Korrosion, Kavitation und Ablagerungen<\/p>\n<\/li>\n<li>\n<p>Verhindert die Abnutzung interner Motorteile und optimiert so die Lebensdauer des Motors<\/p>\n<\/li>\n<li>\n<p>Austauschintervall von zwei Jahren \/ 400 Stunden<\/p>\n<\/li>\n<\/ul>\n<p><strong>Wichtiger Hinweis:<\/strong><br \/>\nMischen Sie nicht Volvo Penta Coolant VCS (Gelb) mit Volvo Penta Coolant Green. Verwenden Sie immer dieselbe Art von Volvo Penta-K\u00fchlmittel, die urspr\u00fcnglich mit Ihrem Motor geliefert wurde. <\/p>\n<hr>\n<p>\u2705 <strong>Volumen:<\/strong> 5 Liter (Ready to Use 40\/60)<br \/>\n\u2699\ufe0f <strong>Anwendung:<\/strong> Volvo Penta und andere Motoren<br \/>\n???? <strong>Hinweis:<\/strong> Achten Sie auf den richtigen K\u00fchlmitteltyp f\u00fcr Ihren Motor, um eine optimale Leistung zu erhalten.<\/p>\n<hr>\n","protected":false},"excerpt":{"rendered":"<p>Volvo Penta K\u00fchlmittel Gr\u00fcn 5L (Gebrauchsfertig 40\/60) Volvo Penta Coolant Green ist ein Hochleistungs-K\u00fchlmittel, das speziell f\u00fcr \u00e4ltere Generationen von Volvo Penta Motoren entwickelt wurde. Diese vorgemischte 40\/60-L\u00f6sung ist gebrauchsfertig und bietet zuverl\u00e4ssigen Motorschutz. Vorteile von Volvo Penta Coolant Green: Verhindert Einfrieren und \u00dcberhitzung Bietet maximalen Schutz vor Korrosion, Kavitation und Ablagerungen Verhindert die Abnutzung [&hellip;]<\/p>\n","protected":false},"featured_media":28010,"comment_status":"open","ping_status":"closed","template":"","meta":[],"product_brand":[4230],"product_cat":[4488,2498,3029,4722,4466],"product_tag":[],"class_list":{"0":"post-32848","1":"product","2":"type-product","3":"status-publish","4":"has-post-thumbnail","6":"product_brand-volvo-penta","7":"product_cat-brauchen-sie-volvo-penta-teile","8":"product_cat-ersatzteile-fur-motoren","9":"product_cat-kuhlmittel","10":"product_cat-volvo-penta-2000-serie-service-teile","11":"product_cat-volvo-penta-serie-2000","13":"first","14":"onbackorder","15":"taxable","16":"shipping-taxable","17":"purchasable","18":"product-type-simple"},"supplier_id":32142,"supplier_sku":"","barcode":null,"atum_controlled":true,"out_stock_date":"2026-02-26 10:25:26","out_stock_threshold":null,"inheritable":false,"inbound_stock":0,"stock_on_hold":0,"sold_today":0,"sales_last_days":0,"reserved_stock":0,"customer_returns":0,"warehouse_damage":0,"lost_in_post":0,"other_logs":0,"out_stock_days":7,"lost_sales":0,"has_location":false,"update_date":"2026-03-05T15:27:29","atum_locations":[],"atum_stock_status":"onbackorder","restock_status":false,"low_stock_amount":1,"sales_update_date":"2026-03-05T15:27:29","calc_backorders":0,"_links":{"self":[{"href":"https:\/\/mps.digital-monkey.in\/de\/wp-json\/wp\/v2\/product\/32848","targetHints":{"allow":["GET"]}}],"collection":[{"href":"https:\/\/mps.digital-monkey.in\/de\/wp-json\/wp\/v2\/product"}],"about":[{"href":"https:\/\/mps.digital-monkey.in\/de\/wp-json\/wp\/v2\/types\/product"}],"replies":[{"embeddable":true,"href":"https:\/\/mps.digital-monkey.in\/de\/wp-json\/wp\/v2\/comments?post=32848"}],"wp:featuredmedia":[{"embeddable":true,"href":"https:\/\/mps.digital-monkey.in\/de\/wp-json\/wp\/v2\/media\/28010"}],"wp:attachment":[{"href":"https:\/\/mps.digital-monkey.in\/de\/wp-json\/wp\/v2\/media?parent=32848"}],"wp:term":[{"taxonomy":"product_brand","embeddable":true,"href":"https:\/\/mps.digital-monkey.in\/de\/wp-json\/wp\/v2\/product_brand?post=32848"},{"taxonomy":"product_cat","embeddable":true,"href":"https:\/\/mps.digital-monkey.in\/de\/wp-json\/wp\/v2\/product_cat?post=32848"},{"taxonomy":"product_tag","embeddable":true,"href":"https:\/\/mps.digital-monkey.in\/de\/wp-json\/wp\/v2\/product_tag?post=32848"}],"curies":[{"name":"wp","href":"https:\/\/api.w.org\/{rel}","templated":true}]}}