{"id":32878,"date":"2025-06-17T14:25:21","date_gmt":"2025-06-17T14:25:21","guid":{"rendered":"https:\/\/mps.digital-monkey.in\/product\/johnson-impeller-09-801b\/"},"modified":"2025-12-02T09:31:06","modified_gmt":"2025-12-02T09:31:06","slug":"johnson-impeller-09-801b","status":"publish","type":"product","link":"https:\/\/mps.digital-monkey.in\/de\/produkt\/johnson-impeller-09-801b\/","title":{"rendered":"Johnson Impeller 09-801B"},"content":{"rendered":"<h3 class=\"\" data-start=\"166\" data-end=\"202\"><strong data-start=\"170\" data-end=\"202\">Johnson 09-801B Impeller Bausatz<\/strong><\/h3>\n<p class=\"\" data-start=\"204\" data-end=\"388\">Hochwertiger <strong data-start=\"217\" data-end=\"238\">Impeller aus Neopren<\/strong> f\u00fcr die <strong data-start=\"252\" data-end=\"258\">F5-Pumpen<\/strong>. Ideal f\u00fcr eine breite Palette von K\u00fchlsystemen f\u00fcr Schiffsmotoren, mit zuverl\u00e4ssiger Wasserzirkulation und lang anhaltender Leistung.<\/p>\n<p class=\"\" data-start=\"390\" data-end=\"409\"><strong data-start=\"390\" data-end=\"409\">Spezifikationen:<\/strong><\/p>\n<ul data-start=\"410\" data-end=\"583\">\n<li class=\"\" data-start=\"410\" data-end=\"431\">\n<p class=\"\" data-start=\"412\" data-end=\"431\"><strong data-start=\"412\" data-end=\"425\">Pumpe Typ<\/strong>: F5<\/p>\n<\/li>\n<li class=\"\" data-start=\"432\" data-end=\"458\">\n<p class=\"\" data-start=\"434\" data-end=\"458\"><strong data-start=\"434\" data-end=\"446\">Material<\/strong>: Neopren<\/p>\n<\/li>\n<li class=\"\" data-start=\"459\" data-end=\"498\">\n<p class=\"\" data-start=\"461\" data-end=\"498\"><strong data-start=\"461\" data-end=\"479\">\u00c4u\u00dferer Durchmesser<\/strong>: 57,1 mm (2,25&#8243;)<\/p>\n<\/li>\n<li class=\"\" data-start=\"499\" data-end=\"552\">\n<p class=\"\" data-start=\"501\" data-end=\"552\"><strong data-start=\"501\" data-end=\"533\">Innendurchmesser (Passfederwelle)<\/strong>: 15,9 mm (0,63&#8243;)<\/p>\n<\/li>\n<li class=\"\" data-start=\"553\" data-end=\"583\">\n<p class=\"\" data-start=\"555\" data-end=\"583\"><strong data-start=\"555\" data-end=\"564\">Breite<\/strong>: 31,5 mm (1,24&#8243;)<\/p>\n<\/li>\n<\/ul>\n<p class=\"\" data-start=\"585\" data-end=\"598\"><strong data-start=\"585\" data-end=\"598\">Ersetzt:<\/strong><\/p>\n<ul data-start=\"599\" data-end=\"879\">\n<li class=\"\" data-start=\"599\" data-end=\"623\">\n<p class=\"\" data-start=\"601\" data-end=\"623\"><strong data-start=\"601\" data-end=\"612\">Johnson<\/strong>: 09-801B<\/p>\n<\/li>\n<li class=\"\" data-start=\"624\" data-end=\"662\">\n<p class=\"\" data-start=\"626\" data-end=\"662\"><strong data-start=\"626\" data-end=\"636\">Jabsco<\/strong>: 4568-0001, 4568-0001-P<\/p>\n<\/li>\n<li class=\"\" data-start=\"663\" data-end=\"708\">\n<p class=\"\" data-start=\"665\" data-end=\"708\"><strong data-start=\"665\" data-end=\"680\">Volvo Penta<\/strong>: 21951350, 875575, 831182<\/p>\n<\/li>\n<li class=\"\" data-start=\"709\" data-end=\"751\">\n<p class=\"\" data-start=\"711\" data-end=\"751\"><strong data-start=\"711\" data-end=\"721\">Yanmar<\/strong>: 145410-46050, 145410-46090<\/p>\n<\/li>\n<li class=\"\" data-start=\"752\" data-end=\"777\">\n<p class=\"\" data-start=\"754\" data-end=\"777\"><strong data-start=\"754\" data-end=\"765\">Perkins<\/strong>: 24880190<\/p>\n<\/li>\n<li class=\"\" data-start=\"778\" data-end=\"810\">\n<p class=\"\" data-start=\"780\" data-end=\"810\"><strong data-start=\"780\" data-end=\"798\">Renault Marine<\/strong>: 48300007<\/p>\n<\/li>\n<li class=\"\" data-start=\"811\" data-end=\"835\">\n<p class=\"\" data-start=\"813\" data-end=\"835\"><strong data-start=\"813\" data-end=\"827\">Technautic<\/strong>: 7410<\/p>\n<\/li>\n<li class=\"\" data-start=\"836\" data-end=\"855\">\n<p class=\"\" data-start=\"838\" data-end=\"855\"><strong data-start=\"838\" data-end=\"845\">REC<\/strong>: 875575<\/p>\n<\/li>\n<li class=\"\" data-start=\"856\" data-end=\"879\">\n<p class=\"\" data-start=\"858\" data-end=\"879\"><strong data-start=\"858\" data-end=\"868\">Sierra<\/strong>: 18-3075<\/p>\n<\/li>\n<\/ul>\n<p class=\"\" data-start=\"881\" data-end=\"896\"><strong data-start=\"881\" data-end=\"894\">Beinhaltet:<\/strong><\/p>\n<ul data-start=\"897\" data-end=\"961\">\n<li class=\"\" data-start=\"897\" data-end=\"909\">\n<p class=\"\" data-start=\"899\" data-end=\"909\">Impeller<\/p>\n<\/li>\n<li class=\"\" data-start=\"910\" data-end=\"934\">\n<p class=\"\" data-start=\"912\" data-end=\"934\">Alle erforderlichen Dichtungen<\/p>\n<\/li>\n<li class=\"\" data-start=\"935\" data-end=\"961\">\n<p class=\"\" data-start=\"937\" data-end=\"961\">Schmiermittel f\u00fcr die Installation<\/p>\n<\/li>\n<\/ul>\n","protected":false},"excerpt":{"rendered":"<p>Johnson 09-801B Impeller Bausatz Hochwertiger Impeller aus Neopren f\u00fcr die F5-Pumpen. Ideal f\u00fcr eine breite Palette von K\u00fchlsystemen f\u00fcr Schiffsmotoren, mit zuverl\u00e4ssiger Wasserzirkulation und lang anhaltender Leistung. Spezifikationen: Pumpe Typ: F5 Material: Neopren \u00c4u\u00dferer Durchmesser: 57,1 mm (2,25&#8243;) Innendurchmesser (Passfederwelle): 15,9 mm (0,63&#8243;) Breite: 31,5 mm (1,24&#8243;) Ersetzt: Johnson: 09-801B Jabsco: 4568-0001, 4568-0001-P Volvo Penta: [&hellip;]<\/p>\n","protected":false},"featured_media":32879,"comment_status":"open","ping_status":"closed","template":"","meta":[],"product_brand":[4230],"product_cat":[4488,2498,3027,4585,4526],"product_tag":[],"class_list":{"0":"post-32878","1":"product","2":"type-product","3":"status-publish","4":"has-post-thumbnail","6":"product_brand-volvo-penta","7":"product_cat-brauchen-sie-volvo-penta-teile","8":"product_cat-ersatzteile-fur-motoren","9":"product_cat-impeller","10":"product_cat-volvo-penta-impeller","11":"product_cat-volvo-penta-service-teile","13":"first","14":"instock","15":"sale","16":"taxable","17":"shipping-taxable","18":"purchasable","19":"product-type-simple"},"supplier_id":7294,"supplier_sku":"","barcode":null,"atum_controlled":true,"out_stock_date":null,"out_stock_threshold":null,"inheritable":false,"inbound_stock":0,"stock_on_hold":0,"sold_today":0,"sales_last_days":0,"reserved_stock":0,"customer_returns":0,"warehouse_damage":0,"lost_in_post":0,"other_logs":0,"out_stock_days":0,"lost_sales":0,"has_location":false,"update_date":"2025-12-01T14:23:12","atum_locations":[],"atum_stock_status":"instock","restock_status":false,"low_stock_amount":1,"sales_update_date":"2025-10-22T14:31:00","calc_backorders":0,"_links":{"self":[{"href":"https:\/\/mps.digital-monkey.in\/de\/wp-json\/wp\/v2\/product\/32878","targetHints":{"allow":["GET"]}}],"collection":[{"href":"https:\/\/mps.digital-monkey.in\/de\/wp-json\/wp\/v2\/product"}],"about":[{"href":"https:\/\/mps.digital-monkey.in\/de\/wp-json\/wp\/v2\/types\/product"}],"replies":[{"embeddable":true,"href":"https:\/\/mps.digital-monkey.in\/de\/wp-json\/wp\/v2\/comments?post=32878"}],"wp:featuredmedia":[{"embeddable":true,"href":"https:\/\/mps.digital-monkey.in\/de\/wp-json\/wp\/v2\/media\/32879"}],"wp:attachment":[{"href":"https:\/\/mps.digital-monkey.in\/de\/wp-json\/wp\/v2\/media?parent=32878"}],"wp:term":[{"taxonomy":"product_brand","embeddable":true,"href":"https:\/\/mps.digital-monkey.in\/de\/wp-json\/wp\/v2\/product_brand?post=32878"},{"taxonomy":"product_cat","embeddable":true,"href":"https:\/\/mps.digital-monkey.in\/de\/wp-json\/wp\/v2\/product_cat?post=32878"},{"taxonomy":"product_tag","embeddable":true,"href":"https:\/\/mps.digital-monkey.in\/de\/wp-json\/wp\/v2\/product_tag?post=32878"}],"curies":[{"name":"wp","href":"https:\/\/api.w.org\/{rel}","templated":true}]}}