{"id":32884,"date":"2025-06-17T14:25:21","date_gmt":"2025-06-17T14:25:21","guid":{"rendered":"https:\/\/mps.digital-monkey.in\/product\/johnson-impeller-09-1027b\/"},"modified":"2025-12-02T09:31:12","modified_gmt":"2025-12-02T09:31:12","slug":"johnson-impeller-09-1027b","status":"publish","type":"product","link":"https:\/\/mps.digital-monkey.in\/de\/produkt\/johnson-impeller-09-1027b\/","title":{"rendered":"Johnson Impeller 09-1027B"},"content":{"rendered":"<h1 data-start=\"130\" data-end=\"162\"><strong data-start=\"134\" data-end=\"162\">Johnson 09-1027B Impeller Bausatz<\/strong><\/h1>\n<p class=\"\" data-start=\"164\" data-end=\"287\">Langlebiger <strong data-start=\"172\" data-end=\"185\">MC97\/EPDM<\/strong> Impeller f\u00fcr <strong data-start=\"208\" data-end=\"214\">F5-Pumpen<\/strong>. Idealer Ersatz f\u00fcr eine Vielzahl von K\u00fchlsystemen von Schiffsmotoren.<\/p>\n<p class=\"\" data-start=\"289\" data-end=\"299\"><strong data-start=\"289\" data-end=\"299\">Specs:<\/strong><\/p>\n<ul data-start=\"300\" data-end=\"447\">\n<li class=\"\" data-start=\"300\" data-end=\"316\">\n<p class=\"\" data-start=\"302\" data-end=\"316\"><strong data-start=\"302\" data-end=\"310\">Pumpe<\/strong>: F5<\/p>\n<\/li>\n<li class=\"\" data-start=\"317\" data-end=\"344\">\n<p class=\"\" data-start=\"319\" data-end=\"344\"><strong data-start=\"319\" data-end=\"331\">Material<\/strong>: MC97\/EPDM<\/p>\n<\/li>\n<li class=\"\" data-start=\"345\" data-end=\"384\">\n<p class=\"\" data-start=\"347\" data-end=\"384\"><strong data-start=\"347\" data-end=\"365\">\u00c4u\u00dferer Durchmesser<\/strong>: 57,1 mm (2,25&#8243;)<\/p>\n<\/li>\n<li class=\"\" data-start=\"385\" data-end=\"416\">\n<p class=\"\" data-start=\"387\" data-end=\"416\"><strong data-start=\"387\" data-end=\"405\">Innendurchmesser<\/strong>: Verzahnung<\/p>\n<\/li>\n<li class=\"\" data-start=\"417\" data-end=\"447\">\n<p class=\"\" data-start=\"419\" data-end=\"447\"><strong data-start=\"419\" data-end=\"428\">Breite<\/strong>: 31,5 mm (1,24&#8243;)<\/p>\n<\/li>\n<\/ul>\n<p class=\"\" data-start=\"449\" data-end=\"464\"><strong data-start=\"449\" data-end=\"462\">Ersetzt:<\/strong><\/p>\n<ul data-start=\"465\" data-end=\"694\">\n<li class=\"\" data-start=\"465\" data-end=\"490\">\n<p class=\"\" data-start=\"467\" data-end=\"490\"><strong data-start=\"467\" data-end=\"477\">Jabsco<\/strong>: 1210-0001<\/p>\n<\/li>\n<li class=\"\" data-start=\"491\" data-end=\"523\">\n<p class=\"\" data-start=\"493\" data-end=\"523\"><strong data-start=\"493\" data-end=\"502\">Vetus<\/strong>: STM8074, IMP00201<\/p>\n<\/li>\n<li class=\"\" data-start=\"524\" data-end=\"543\">\n<p class=\"\" data-start=\"526\" data-end=\"543\"><strong data-start=\"526\" data-end=\"534\">Mase<\/strong>: 92911<\/p>\n<\/li>\n<li class=\"\" data-start=\"544\" data-end=\"583\">\n<p class=\"\" data-start=\"546\" data-end=\"583\"><strong data-start=\"546\" data-end=\"561\">Volvo Penta<\/strong>: 21213660, 21951346<\/p>\n<\/li>\n<li class=\"\" data-start=\"584\" data-end=\"617\">\n<p class=\"\" data-start=\"586\" data-end=\"617\"><strong data-start=\"586\" data-end=\"597\">Perkins<\/strong>: 24880190, 460038<\/p>\n<\/li>\n<li class=\"\" data-start=\"618\" data-end=\"662\">\n<p class=\"\" data-start=\"620\" data-end=\"662\"><strong data-start=\"620\" data-end=\"628\">Onan<\/strong>: 08-21-1201, 131-0050, 132-0162<\/p>\n<\/li>\n<li class=\"\" data-start=\"663\" data-end=\"694\">\n<p class=\"\" data-start=\"665\" data-end=\"694\"><strong data-start=\"665\" data-end=\"680\">Sole Diesel<\/strong>: 351.11.008<\/p>\n<\/li>\n<\/ul>\n<p class=\"\" data-start=\"696\" data-end=\"758\"><strong data-start=\"696\" data-end=\"709\">Enth\u00e4lt:<\/strong><br data-start=\"709\" data-end=\"712\">Impeller, Dichtungen und Schmiermittel f\u00fcr die Installation.<\/p>\n","protected":false},"excerpt":{"rendered":"<p>Johnson 09-1027B Impeller Bausatz Langlebiger MC97\/EPDM Impeller f\u00fcr F5-Pumpen. Idealer Ersatz f\u00fcr eine Vielzahl von K\u00fchlsystemen von Schiffsmotoren. Specs: Pumpe: F5 Material: MC97\/EPDM \u00c4u\u00dferer Durchmesser: 57,1 mm (2,25&#8243;) Innendurchmesser: Verzahnung Breite: 31,5 mm (1,24&#8243;) Ersetzt: Jabsco: 1210-0001 Vetus: STM8074, IMP00201 Mase: 92911 Volvo Penta: 21213660, 21951346 Perkins: 24880190, 460038 Onan: 08-21-1201, 131-0050, 132-0162 Sole Diesel: [&hellip;]<\/p>\n","protected":false},"featured_media":32885,"comment_status":"open","ping_status":"closed","template":"","meta":[],"product_brand":[4230],"product_cat":[4488,2498,3027,4585,4526],"product_tag":[],"class_list":{"0":"post-32884","1":"product","2":"type-product","3":"status-publish","4":"has-post-thumbnail","6":"product_brand-volvo-penta","7":"product_cat-brauchen-sie-volvo-penta-teile","8":"product_cat-ersatzteile-fur-motoren","9":"product_cat-impeller","10":"product_cat-volvo-penta-impeller","11":"product_cat-volvo-penta-service-teile","13":"first","14":"instock","15":"sale","16":"taxable","17":"shipping-taxable","18":"purchasable","19":"product-type-simple"},"supplier_id":7294,"supplier_sku":"","barcode":null,"atum_controlled":true,"out_stock_date":null,"out_stock_threshold":null,"inheritable":false,"inbound_stock":0,"stock_on_hold":1,"sold_today":1,"sales_last_days":1,"reserved_stock":0,"customer_returns":0,"warehouse_damage":0,"lost_in_post":0,"other_logs":0,"out_stock_days":0,"lost_sales":0,"has_location":false,"update_date":"2026-02-26T08:51:53","atum_locations":[],"atum_stock_status":"instock","restock_status":false,"low_stock_amount":1,"sales_update_date":null,"calc_backorders":0,"_links":{"self":[{"href":"https:\/\/mps.digital-monkey.in\/de\/wp-json\/wp\/v2\/product\/32884","targetHints":{"allow":["GET"]}}],"collection":[{"href":"https:\/\/mps.digital-monkey.in\/de\/wp-json\/wp\/v2\/product"}],"about":[{"href":"https:\/\/mps.digital-monkey.in\/de\/wp-json\/wp\/v2\/types\/product"}],"replies":[{"embeddable":true,"href":"https:\/\/mps.digital-monkey.in\/de\/wp-json\/wp\/v2\/comments?post=32884"}],"wp:featuredmedia":[{"embeddable":true,"href":"https:\/\/mps.digital-monkey.in\/de\/wp-json\/wp\/v2\/media\/32885"}],"wp:attachment":[{"href":"https:\/\/mps.digital-monkey.in\/de\/wp-json\/wp\/v2\/media?parent=32884"}],"wp:term":[{"taxonomy":"product_brand","embeddable":true,"href":"https:\/\/mps.digital-monkey.in\/de\/wp-json\/wp\/v2\/product_brand?post=32884"},{"taxonomy":"product_cat","embeddable":true,"href":"https:\/\/mps.digital-monkey.in\/de\/wp-json\/wp\/v2\/product_cat?post=32884"},{"taxonomy":"product_tag","embeddable":true,"href":"https:\/\/mps.digital-monkey.in\/de\/wp-json\/wp\/v2\/product_tag?post=32884"}],"curies":[{"name":"wp","href":"https:\/\/api.w.org\/{rel}","templated":true}]}}