{"id":32925,"date":"2025-06-17T14:24:55","date_gmt":"2025-06-17T14:24:55","guid":{"rendered":"https:\/\/mps.digital-monkey.in\/product\/dichtungssatz-fuer-kuehlwasserleitungen-volvo-penta-ad40-aqd40-aqad40-md40-tamd40\/"},"modified":"2025-11-02T18:26:30","modified_gmt":"2025-11-02T18:26:30","slug":"dichtungssatz-fuer-kuehlwasserleitungen-volvo-penta-ad40-aqd40-aqad40-md40-tamd40","status":"publish","type":"product","link":"https:\/\/mps.digital-monkey.in\/de\/product\/dichtungssatz-fuer-kuehlwasserleitungen-volvo-penta-ad40-aqd40-aqad40-md40-tamd40\/","title":{"rendered":"Dichtungssatz f\u00fcr K\u00fchlwasserleitungen Volvo Penta AD40 AQD40 AQAD40 MD40 TAMD40"},"content":{"rendered":"<p> <strong> Dichtungssatz K\u00fchlwasserleitung Volvo Penta AD40 AQD40 AQAD40 MD40 TAMD40<\/strong><\/p>\n<p><strong>Nicht original Volvo Penta Teil, Qualit\u00e4tsersatz<\/strong><\/p>\n","protected":false},"excerpt":{"rendered":"<p>Dichtungssatz K\u00fchlwasserleitung Volvo Penta AD40 AQD40 AQAD40 MD40 TAMD40 Nicht original Volvo Penta Teil, Qualit\u00e4tsersatz<\/p>\n","protected":false},"featured_media":32926,"comment_status":"open","ping_status":"closed","template":"","meta":[],"product_brand":[4230],"product_cat":[4488,2498],"product_tag":[],"class_list":{"0":"post-32925","1":"product","2":"type-product","3":"status-publish","4":"has-post-thumbnail","6":"product_brand-volvo-penta","7":"product_cat-brauchen-sie-volvo-penta-teile","8":"product_cat-ersatzteile-fur-motoren","9":"pa_condition-neu","10":"pa_model-ad40","11":"pa_model-aqad40","12":"pa_model-aqd40","13":"pa_model-md40","14":"pa_model-tamd40","15":"pa_oem-or-aftermarket-aftermarket","17":"first","18":"onbackorder","19":"taxable","20":"shipping-taxable","21":"purchasable","22":"product-type-simple"},"supplier_id":7294,"supplier_sku":"","barcode":null,"atum_controlled":true,"out_stock_date":"2025-11-02 17:31:04","out_stock_threshold":null,"inheritable":false,"inbound_stock":0,"stock_on_hold":0,"sold_today":0,"sales_last_days":0,"reserved_stock":0,"customer_returns":0,"warehouse_damage":0,"lost_in_post":0,"other_logs":0,"out_stock_days":0,"lost_sales":0,"has_location":false,"update_date":"2025-11-02T17:31:22","atum_locations":[],"atum_stock_status":"onbackorder","restock_status":false,"low_stock_amount":1,"sales_update_date":"2025-09-22T08:41:28","calc_backorders":0,"_links":{"self":[{"href":"https:\/\/mps.digital-monkey.in\/de\/wp-json\/wp\/v2\/product\/32925","targetHints":{"allow":["GET"]}}],"collection":[{"href":"https:\/\/mps.digital-monkey.in\/de\/wp-json\/wp\/v2\/product"}],"about":[{"href":"https:\/\/mps.digital-monkey.in\/de\/wp-json\/wp\/v2\/types\/product"}],"replies":[{"embeddable":true,"href":"https:\/\/mps.digital-monkey.in\/de\/wp-json\/wp\/v2\/comments?post=32925"}],"wp:featuredmedia":[{"embeddable":true,"href":"https:\/\/mps.digital-monkey.in\/de\/wp-json\/wp\/v2\/media\/32926"}],"wp:attachment":[{"href":"https:\/\/mps.digital-monkey.in\/de\/wp-json\/wp\/v2\/media?parent=32925"}],"wp:term":[{"taxonomy":"product_brand","embeddable":true,"href":"https:\/\/mps.digital-monkey.in\/de\/wp-json\/wp\/v2\/product_brand?post=32925"},{"taxonomy":"product_cat","embeddable":true,"href":"https:\/\/mps.digital-monkey.in\/de\/wp-json\/wp\/v2\/product_cat?post=32925"},{"taxonomy":"product_tag","embeddable":true,"href":"https:\/\/mps.digital-monkey.in\/de\/wp-json\/wp\/v2\/product_tag?post=32925"}],"curies":[{"name":"wp","href":"https:\/\/api.w.org\/{rel}","templated":true}]}}