{"id":33092,"date":"2025-06-17T14:23:49","date_gmt":"2025-06-17T14:23:49","guid":{"rendered":"https:\/\/mps.digital-monkey.in\/product\/seewasser-impellerpumpen-reparatursatz-volvo-penta-21951368-875756\/"},"modified":"2025-10-29T10:50:44","modified_gmt":"2025-10-29T10:50:44","slug":"seewasser-impellerpumpen-reparatursatz-volvo-penta-21951368-875756","status":"publish","type":"product","link":"https:\/\/mps.digital-monkey.in\/de\/product\/seewasser-impellerpumpen-reparatursatz-volvo-penta-21951368-875756\/","title":{"rendered":"Seewasser-\/Impellerpumpen-Reparatursatz Volvo Penta 21951368, 875756"},"content":{"rendered":"<h3>Seewasser \/ Impeller Pumpen-Reparatursatz f\u00fcr Volvo Penta &#8211; 21951368, 875756<\/h3>\n<p>Dieser hochwertige Aftermarket-Reparatursatz (Teilenummern 21951368, 875756) wurde speziell f\u00fcr die <strong>Seewasserpumpen der letzten Generation (840557<\/strong> ) entwickelt, die ein <strong>Kugellager<\/strong> verwenden. Es gew\u00e4hrleistet die ordnungsgem\u00e4\u00dfe Wartung des K\u00fchlsystems f\u00fcr eine breite Palette von Volvo Penta Dieselmotoren. <\/p>\n<p><strong>Repariert nur Pumpen sp\u00e4terer Bauart 840557 mit Kugellager.<\/strong><\/p>\n<p><strong>Passend f\u00fcr die folgenden Volvo Penta Motormodelle:<\/strong><\/p>\n<ul>\n<li>\n<p><strong>Serie 2000:<\/strong> 2001, 2001AG, 2001B, 2001BG<br \/>\n2002, 2002AG, 2002B, 2002BG<br \/>\n2003, 2003AG, 2003B, 2003BG<\/p>\n<\/li>\n<li>\n<p><strong>MD-Serie:<\/strong> MD1A, MD1B, MD2A, MD2B<br \/>\nMD5A, MD5B, MD5C<br \/>\nMD6A, MD6B, MD7A, MD7B<br \/>\nMD11C, MD11D<\/p>\n<\/li>\n<li>\n<p><strong>AQD-Serie:<\/strong> AQD2B<\/p>\n<\/li>\n<\/ul>\n<p>Es handelt sich hierbei um ein <strong>Nicht-Originalteil von Volvo Penta<\/strong>, das als hochwertiger Ersatz hergestellt wird, um die OEM-Spezifikationen zu erf\u00fcllen oder zu \u00fcbertreffen.<\/p>\n<hr>\n<h3>Wichtige Merkmale:<\/h3>\n<ul>\n<li>\n<p>Ersatz-Reparatursatz &#8211; Teile-Nr. 21951368, 875756<\/p>\n<\/li>\n<li>\n<p>F\u00fcr Seewasserpumpen sp\u00e4terer Bauart mit Kugellager (Pumpen-Nr. 840557)<\/p>\n<\/li>\n<li>\n<p>Unterst\u00fctzt optimale K\u00fchlleistung<\/p>\n<\/li>\n<li>\n<p>Langlebige und korrosionsbest\u00e4ndige Komponenten<\/p>\n<\/li>\n<li>\n<p>Hochwertige Aftermarket-Alternative<\/p>\n<\/li>\n<\/ul>\n<p>???? <strong>Teilenummern:<\/strong> 21951368, 875756<br \/>\n????\ufe0f <strong>Typ:<\/strong> Seewasser-\/Impellerpumpen-Reparatursatz<br \/>\n???? <strong>Enth\u00e4lt:<\/strong> Kompletter Satz f\u00fcr die Pumpenreparatur<\/p>\n<hr>\n","protected":false},"excerpt":{"rendered":"<p>Seewasser \/ Impeller Pumpen-Reparatursatz f\u00fcr Volvo Penta &#8211; 21951368, 875756 Dieser hochwertige Aftermarket-Reparatursatz (Teilenummern 21951368, 875756) wurde speziell f\u00fcr die Seewasserpumpen der letzten Generation (840557 ) entwickelt, die ein Kugellager verwenden. Es gew\u00e4hrleistet die ordnungsgem\u00e4\u00dfe Wartung des K\u00fchlsystems f\u00fcr eine breite Palette von Volvo Penta Dieselmotoren. Repariert nur Pumpen sp\u00e4terer Bauart 840557 mit Kugellager. Passend [&hellip;]<\/p>\n","protected":false},"featured_media":23758,"comment_status":"open","ping_status":"closed","template":"","meta":[],"product_brand":[4230],"product_cat":[2498,4308,4467,4470,4473,4309,4348,4366,4350,4357,4360,4363,4466,4526],"product_tag":[],"class_list":{"0":"post-33092","1":"product","2":"type-product","3":"status-publish","4":"has-post-thumbnail","6":"product_brand-volvo-penta","7":"product_cat-ersatzteile-fur-motoren","8":"product_cat-volvo-penta","9":"product_cat-volvo-penta-2001-teile","10":"product_cat-volvo-penta-2002-teile","11":"product_cat-volvo-penta-2003-teile","12":"product_cat-volvo-penta-md-serie","13":"product_cat-volvo-penta-md1","14":"product_cat-volvo-penta-md11","15":"product_cat-volvo-penta-md2","16":"product_cat-volvo-penta-md5","17":"product_cat-volvo-penta-md6","18":"product_cat-volvo-penta-md7","19":"product_cat-volvo-penta-serie-2000","20":"product_cat-volvo-penta-service-teile","22":"first","23":"onbackorder","24":"taxable","25":"shipping-taxable","26":"purchasable","27":"product-type-simple"},"supplier_id":7294,"supplier_sku":"","barcode":null,"atum_controlled":true,"out_stock_date":"2025-11-21 12:43:35","out_stock_threshold":null,"inheritable":false,"inbound_stock":0,"stock_on_hold":0,"sold_today":0,"sales_last_days":0,"reserved_stock":0,"customer_returns":0,"warehouse_damage":0,"lost_in_post":0,"other_logs":0,"out_stock_days":0,"lost_sales":0,"has_location":false,"update_date":"2025-11-21T12:43:35","atum_locations":[],"atum_stock_status":"onbackorder","restock_status":false,"low_stock_amount":1,"sales_update_date":"2025-10-17T07:51:59","calc_backorders":0,"_links":{"self":[{"href":"https:\/\/mps.digital-monkey.in\/de\/wp-json\/wp\/v2\/product\/33092","targetHints":{"allow":["GET"]}}],"collection":[{"href":"https:\/\/mps.digital-monkey.in\/de\/wp-json\/wp\/v2\/product"}],"about":[{"href":"https:\/\/mps.digital-monkey.in\/de\/wp-json\/wp\/v2\/types\/product"}],"replies":[{"embeddable":true,"href":"https:\/\/mps.digital-monkey.in\/de\/wp-json\/wp\/v2\/comments?post=33092"}],"wp:featuredmedia":[{"embeddable":true,"href":"https:\/\/mps.digital-monkey.in\/de\/wp-json\/wp\/v2\/media\/23758"}],"wp:attachment":[{"href":"https:\/\/mps.digital-monkey.in\/de\/wp-json\/wp\/v2\/media?parent=33092"}],"wp:term":[{"taxonomy":"product_brand","embeddable":true,"href":"https:\/\/mps.digital-monkey.in\/de\/wp-json\/wp\/v2\/product_brand?post=33092"},{"taxonomy":"product_cat","embeddable":true,"href":"https:\/\/mps.digital-monkey.in\/de\/wp-json\/wp\/v2\/product_cat?post=33092"},{"taxonomy":"product_tag","embeddable":true,"href":"https:\/\/mps.digital-monkey.in\/de\/wp-json\/wp\/v2\/product_tag?post=33092"}],"curies":[{"name":"wp","href":"https:\/\/api.w.org\/{rel}","templated":true}]}}