{"id":33111,"date":"2025-06-17T14:22:54","date_gmt":"2025-06-17T14:22:54","guid":{"rendered":"https:\/\/mps.digital-monkey.in\/product\/volvo-penta-ad40-aqad40-tamd40-wasserpumpen-dichtungssatz\/"},"modified":"2025-11-04T10:47:47","modified_gmt":"2025-11-04T10:47:47","slug":"volvo-penta-ad40-aqad40-tamd40-wasserpumpen-dichtungssatz","status":"publish","type":"product","link":"https:\/\/mps.digital-monkey.in\/de\/product\/volvo-penta-ad40-aqad40-tamd40-wasserpumpen-dichtungssatz\/","title":{"rendered":"Volvo Penta AD40 AQAD40 TAMD40 Wasserpumpen-Dichtungssatz"},"content":{"rendered":"<h3>Impeller Pumpendichtungssatz f\u00fcr Volvo Penta &#8211; AD40 \/ AQAD40 \/ TAMD40<\/h3>\n<p>Dieser <strong>ma\u00dfgefertigte Dichtungssatz f\u00fcr Impeller-Pumpen<\/strong> wurde entwickelt, um eine zuverl\u00e4ssige Abdichtung f\u00fcr Seewasserpumpen zu gew\u00e4hrleisten, die in ausgew\u00e4hlten Volvo Penta Schiffsdieselmotoren verwendet werden. Das Set ist speziell f\u00fcr Pumpen mit <strong>5 Schrauben im Deckel<\/strong> und einem <strong>Impeller mit 95 mm Durchmesser<\/strong> zugeschnitten. <\/p>\n<p><strong>Passend f\u00fcr die folgenden Volvo Penta Motormodelle:<\/strong><\/p>\n<ul>\n<li>\n<p>AD40B<\/p>\n<\/li>\n<li>\n<p>AQAD40A, AQAD40B<\/p>\n<\/li>\n<li>\n<p>TAMD40A, TAMD40B<\/p>\n<\/li>\n<\/ul>\n<p>Dieses hochwertige Dichtungsset ist ideal f\u00fcr die Wartung Ihrer Seewasserpumpe und gew\u00e4hrleistet einen leckagefreien Betrieb und optimale Leistung in maritimen Umgebungen.<\/p>\n<hr>\n<h3>Wichtige Merkmale:<\/h3>\n<ul>\n<li>\n<p>Nicht originaler Dichtungssatz &#8211; passend f\u00fcr Volvo Penta AD40 \/ AQAD40 \/ TAMD40 Motoren<\/p>\n<\/li>\n<li>\n<p>Konzipiert f\u00fcr Pumpen mit 5-Schrauben-Deckeln und 95 mm Impeller<\/p>\n<\/li>\n<li>\n<p>Bietet eine zuverl\u00e4ssige Abdichtung f\u00fcr die Seewasserpumpe<\/p>\n<\/li>\n<li>\n<p>Hochwertige Aftermarket-Materialien in Marinequalit\u00e4t<\/p>\n<\/li>\n<li>\n<p>Einfache Installation und lange Lebensdauer<\/p>\n<\/li>\n<\/ul>\n<p>???? <strong>Kompatible Pumpen:<\/strong> 5-Schrauben-Deckel, 95 mm Impeller<br \/>\n????\ufe0f <strong>Typ:<\/strong> Dichtungssatz f\u00fcr Seewasser-\/Impellerpumpen<br \/>\n???? <strong>Enth\u00e4lt:<\/strong> Kompletter Dichtungssatz f\u00fcr die angegebene Pumpenausf\u00fchrung<\/p>\n<hr>\n","protected":false},"excerpt":{"rendered":"<p>Impeller Pumpendichtungssatz f\u00fcr Volvo Penta &#8211; AD40 \/ AQAD40 \/ TAMD40 Dieser ma\u00dfgefertigte Dichtungssatz f\u00fcr Impeller-Pumpen wurde entwickelt, um eine zuverl\u00e4ssige Abdichtung f\u00fcr Seewasserpumpen zu gew\u00e4hrleisten, die in ausgew\u00e4hlten Volvo Penta Schiffsdieselmotoren verwendet werden. Das Set ist speziell f\u00fcr Pumpen mit 5 Schrauben im Deckel und einem Impeller mit 95 mm Durchmesser zugeschnitten. Passend f\u00fcr [&hellip;]<\/p>\n","protected":false},"featured_media":27685,"comment_status":"open","ping_status":"closed","template":"","meta":[],"product_brand":[4230],"product_cat":[2498,4496,4526],"product_tag":[],"class_list":{"0":"post-33111","1":"product","2":"type-product","3":"status-publish","4":"has-post-thumbnail","6":"product_brand-volvo-penta","7":"product_cat-ersatzteile-fur-motoren","8":"product_cat-gebrauchte-volvo-penta-teile-kaufen","9":"product_cat-volvo-penta-service-teile","11":"first","12":"onbackorder","13":"sale","14":"taxable","15":"shipping-taxable","16":"purchasable","17":"product-type-simple"},"supplier_id":7294,"supplier_sku":"","barcode":null,"atum_controlled":true,"out_stock_date":"2025-11-21 12:43:53","out_stock_threshold":null,"inheritable":false,"inbound_stock":0,"stock_on_hold":0,"sold_today":0,"sales_last_days":0,"reserved_stock":0,"customer_returns":0,"warehouse_damage":0,"lost_in_post":0,"other_logs":0,"out_stock_days":0,"lost_sales":0,"has_location":false,"update_date":"2025-11-21T12:43:53","atum_locations":[],"atum_stock_status":"onbackorder","restock_status":false,"low_stock_amount":1,"sales_update_date":"2025-09-22T08:41:37","calc_backorders":0,"_links":{"self":[{"href":"https:\/\/mps.digital-monkey.in\/de\/wp-json\/wp\/v2\/product\/33111","targetHints":{"allow":["GET"]}}],"collection":[{"href":"https:\/\/mps.digital-monkey.in\/de\/wp-json\/wp\/v2\/product"}],"about":[{"href":"https:\/\/mps.digital-monkey.in\/de\/wp-json\/wp\/v2\/types\/product"}],"replies":[{"embeddable":true,"href":"https:\/\/mps.digital-monkey.in\/de\/wp-json\/wp\/v2\/comments?post=33111"}],"wp:featuredmedia":[{"embeddable":true,"href":"https:\/\/mps.digital-monkey.in\/de\/wp-json\/wp\/v2\/media\/27685"}],"wp:attachment":[{"href":"https:\/\/mps.digital-monkey.in\/de\/wp-json\/wp\/v2\/media?parent=33111"}],"wp:term":[{"taxonomy":"product_brand","embeddable":true,"href":"https:\/\/mps.digital-monkey.in\/de\/wp-json\/wp\/v2\/product_brand?post=33111"},{"taxonomy":"product_cat","embeddable":true,"href":"https:\/\/mps.digital-monkey.in\/de\/wp-json\/wp\/v2\/product_cat?post=33111"},{"taxonomy":"product_tag","embeddable":true,"href":"https:\/\/mps.digital-monkey.in\/de\/wp-json\/wp\/v2\/product_tag?post=33111"}],"curies":[{"name":"wp","href":"https:\/\/api.w.org\/{rel}","templated":true}]}}