{"id":33125,"date":"2025-06-17T14:22:54","date_gmt":"2025-06-17T14:22:54","guid":{"rendered":"https:\/\/mps.digital-monkey.in\/product\/reparatursatz-seewasserpumpe-fuer-volvo-penta-f4b-9\/"},"modified":"2025-10-29T10:49:31","modified_gmt":"2025-10-29T10:49:31","slug":"reparatursatz-seewasserpumpe-fuer-volvo-penta-f4b-9","status":"publish","type":"product","link":"https:\/\/mps.digital-monkey.in\/de\/product\/reparatursatz-seewasserpumpe-fuer-volvo-penta-f4b-9\/","title":{"rendered":"Reparatursatz Seewasserpumpe f\u00fcr Volvo Penta (F4B-9)"},"content":{"rendered":"<div class=\"col-sm-12 col-md-6 col-lg-6 product-detail-left-col\">\n<div class=\"product-description-area\">\n<div class=\"well\">\n<div class=\"compact-expand-block expanded\">\n<div class=\"product-description-body compact-expand-block-inner\">\n<h3>Reparatursatz Seewasserpumpe f\u00fcr Volvo Penta (F4B-9)<\/h3>\n<p>Dieser hochwertige Reparatursatz ist f\u00fcr die Johnson F4B-9 Seewasserpumpe, speziell f\u00fcr die Version mit Gleitlagerwelle, konzipiert. Es gew\u00e4hrleistet eine effektive Wartung und einen zuverl\u00e4ssigen Betrieb Ihres Seewasserk\u00fchlsystems. <\/p>\n<p><strong>Passend f\u00fcr die folgenden Volvo Penta Motormodelle:<\/strong><\/p>\n<ul>\n<li>\n<p><strong>B-Serie:<\/strong> B18, B20<\/p>\n<\/li>\n<li>\n<p><strong>AQ-Serie:<\/strong> AQ60F, AQ90, AQ95, AQ95A, AQ105A, AQ110, AQ115A, AQ115B, AQ120, AQ130A, AQ130B, AQ130C, AQ130D<\/p>\n<\/li>\n<li>\n<p><strong>BB-Serien:<\/strong> BB30, BB100, BB115, BB115B, BB115C<\/p>\n<\/li>\n<li>\n<p><strong>MB-Serie:<\/strong> MB18, MB20A, MB20B, MB20C<\/p>\n<\/li>\n<li>\n<p><strong>MD-Serie:<\/strong> MD3B, MD17C, MD17D<\/p>\n<\/li>\n<\/ul>\n<p>Dies ist ein nicht originales Ersatzteil, das so hergestellt wird, dass es die OEM-Qualit\u00e4tsstandards erf\u00fcllt oder \u00fcbertrifft.<\/p>\n<hr>\n<h3>Wichtige Merkmale:<\/h3>\n<ul>\n<li>\n<p>Nicht originaler Ersatzreparatursatz f\u00fcr Johnson F4B-9 Pumpe<\/p>\n<\/li>\n<li>\n<p>Geeignet f\u00fcr Modelle mit Gleitlagerwelle<\/p>\n<\/li>\n<li>\n<p>Sorgt f\u00fcr eine zuverl\u00e4ssige Leistung der Meerwasserpumpe<\/p>\n<\/li>\n<li>\n<p>Kompatibel mit mehreren Volvo Penta Motorenserien<\/p>\n<\/li>\n<li>\n<p>Hochwertige Aftermarket-Konstruktion<\/p>\n<\/li>\n<\/ul>\n<p>???? <strong>Teil Typ:<\/strong> Reparatursatz f\u00fcr Seewasserpumpe<br \/>\n???? <strong>Enth\u00e4lt:<\/strong> Komplette Kit-Komponenten<\/p>\n<hr>\n<\/div>\n<\/div>\n<\/div>\n<\/div>\n<\/div>\n","protected":false},"excerpt":{"rendered":"<p>Reparatursatz Seewasserpumpe f\u00fcr Volvo Penta (F4B-9) Dieser hochwertige Reparatursatz ist f\u00fcr die Johnson F4B-9 Seewasserpumpe, speziell f\u00fcr die Version mit Gleitlagerwelle, konzipiert. Es gew\u00e4hrleistet eine effektive Wartung und einen zuverl\u00e4ssigen Betrieb Ihres Seewasserk\u00fchlsystems. Passend f\u00fcr die folgenden Volvo Penta Motormodelle: B-Serie: B18, B20 AQ-Serie: AQ60F, AQ90, AQ95, AQ95A, AQ105A, AQ110, AQ115A, AQ115B, AQ120, AQ130A, AQ130B, [&hellip;]<\/p>\n","protected":false},"featured_media":27700,"comment_status":"open","ping_status":"closed","template":"","meta":[],"product_brand":[4230],"product_cat":[2498,4308,4309,4369,4353,4526],"product_tag":[],"class_list":{"0":"post-33125","1":"product","2":"type-product","3":"status-publish","4":"has-post-thumbnail","6":"product_brand-volvo-penta","7":"product_cat-ersatzteile-fur-motoren","8":"product_cat-volvo-penta","9":"product_cat-volvo-penta-md-serie","10":"product_cat-volvo-penta-md17","11":"product_cat-volvo-penta-md3","12":"product_cat-volvo-penta-service-teile","14":"first","15":"onbackorder","16":"taxable","17":"shipping-taxable","18":"purchasable","19":"product-type-simple"},"supplier_id":7294,"supplier_sku":"","barcode":null,"atum_controlled":true,"out_stock_date":"2025-11-21 12:44:07","out_stock_threshold":null,"inheritable":false,"inbound_stock":0,"stock_on_hold":0,"sold_today":0,"sales_last_days":0,"reserved_stock":0,"customer_returns":0,"warehouse_damage":0,"lost_in_post":0,"other_logs":0,"out_stock_days":0,"lost_sales":0,"has_location":false,"update_date":"2025-11-21T12:44:07","atum_locations":[],"atum_stock_status":"onbackorder","restock_status":false,"low_stock_amount":1,"sales_update_date":"2025-09-23T13:31:38","calc_backorders":0,"_links":{"self":[{"href":"https:\/\/mps.digital-monkey.in\/de\/wp-json\/wp\/v2\/product\/33125","targetHints":{"allow":["GET"]}}],"collection":[{"href":"https:\/\/mps.digital-monkey.in\/de\/wp-json\/wp\/v2\/product"}],"about":[{"href":"https:\/\/mps.digital-monkey.in\/de\/wp-json\/wp\/v2\/types\/product"}],"replies":[{"embeddable":true,"href":"https:\/\/mps.digital-monkey.in\/de\/wp-json\/wp\/v2\/comments?post=33125"}],"wp:featuredmedia":[{"embeddable":true,"href":"https:\/\/mps.digital-monkey.in\/de\/wp-json\/wp\/v2\/media\/27700"}],"wp:attachment":[{"href":"https:\/\/mps.digital-monkey.in\/de\/wp-json\/wp\/v2\/media?parent=33125"}],"wp:term":[{"taxonomy":"product_brand","embeddable":true,"href":"https:\/\/mps.digital-monkey.in\/de\/wp-json\/wp\/v2\/product_brand?post=33125"},{"taxonomy":"product_cat","embeddable":true,"href":"https:\/\/mps.digital-monkey.in\/de\/wp-json\/wp\/v2\/product_cat?post=33125"},{"taxonomy":"product_tag","embeddable":true,"href":"https:\/\/mps.digital-monkey.in\/de\/wp-json\/wp\/v2\/product_tag?post=33125"}],"curies":[{"name":"wp","href":"https:\/\/api.w.org\/{rel}","templated":true}]}}