{"id":33138,"date":"2025-06-17T13:44:08","date_gmt":"2025-06-17T13:44:08","guid":{"rendered":"https:\/\/mps.digital-monkey.in\/product\/eurol-frostschutzmittel\/"},"modified":"2025-11-03T08:03:32","modified_gmt":"2025-11-03T08:03:32","slug":"eurol-frostschutzmittel","status":"publish","type":"product","link":"https:\/\/mps.digital-monkey.in\/de\/produkt\/eurol-frostschutzmittel\/","title":{"rendered":"Eurol Frostschutzmittel"},"content":{"rendered":"<p>Entspricht der Norm BS 6580 und ist f\u00fcr geschlossene K\u00fchlsysteme geeignet.<br \/>\nEurol\u00ae Antifreeze wird f\u00fcr alle K\u00fchlsysteme von Verbrennungsmotoren empfohlen. Es ist ein homogenes, stabiles Produkt auf Basis von Monoethylenglykol, das nach den Spezifikationen der europ\u00e4ischen Automobilhersteller formuliert ist. <\/p>\n<p>Eurol Antifreeze enth\u00e4lt Zus\u00e4tze, die Schutz vor Korrosion und Schaumbildung bieten. Dank seiner hohen Alkalireserve ist das K\u00fchlsystem \u00fcber einen l\u00e4ngeren Zeitraum vor Rost gesch\u00fctzt. <\/p>\n<p>Eurol\u00ae Antifreeze bietet den besten Korrosionsschutz, wenn es in Konzentrationen von 25 bis 50 Volumenprozent in Wasser verwendet wird. Konzentrationen \u00fcber 65% werden nicht empfohlen, da der Frostschutz abnimmt.<x id=\"gid_0\"><\/x>Eurol\u00ae Antifreeze ist v\u00f6llig unbedenklich f\u00fcr Gummi, Kunststoffe, Metalle und Aluminium oder deren Legierungen. Es ist nitrit-, amin- und phosphatfrei.  <\/p>\n<p><strong>WARNUNG:<\/strong> VERWENDEN SIE DIESES FROSTSCHUTZMITTEL NICHT IN TRINKWASSERSYSTEMEN, NUR ZUR VERWENDUNG IM MOTOR.<\/p>\n<p><strong>Wie Sie Ihr Boot winterfest machen: Tipps f\u00fcr den Motor<\/strong><\/p>\n<p>Neben der regelm\u00e4\u00dfigen Motorwartung, wie dem \u00d6lwechsel und der \u00dcberpr\u00fcfung und dem Austausch von Filtern, ist es in der Wintersaison, insbesondere wenn Frost zu erwarten ist, von entscheidender Bedeutung, Ihren Motor frostsicher zu machen. Nehmen Sie dies nicht auf die leichte Schulter. Wenn Sie dies nicht tun, kann der Motor erheblich besch\u00e4digt werden. <\/p>\n<p>Zun\u00e4chst m\u00fcssen Sie wissen, ob Sie ein offenes oder geschlossenes K\u00fchlsystem haben. Bei einem geschlossenen System ist das K\u00fchlsystem mit K\u00fchlmittel gef\u00fcllt, und es kann nicht viel schief gehen. <\/p>\n","protected":false},"excerpt":{"rendered":"<p>Entspricht der Norm BS 6580 und ist f\u00fcr geschlossene K\u00fchlsysteme geeignet. Eurol\u00ae Antifreeze wird f\u00fcr alle K\u00fchlsysteme von Verbrennungsmotoren empfohlen. Es ist ein homogenes, stabiles Produkt auf Basis von Monoethylenglykol, das nach den Spezifikationen der europ\u00e4ischen Automobilhersteller formuliert ist. Eurol Antifreeze enth\u00e4lt Zus\u00e4tze, die Schutz vor Korrosion und Schaumbildung bieten. Dank seiner hohen Alkalireserve ist [&hellip;]<\/p>\n","protected":false},"featured_media":33139,"comment_status":"open","ping_status":"closed","template":"","meta":[],"product_brand":[],"product_cat":[2498,3029],"product_tag":[],"class_list":{"0":"post-33138","1":"product","2":"type-product","3":"status-publish","4":"has-post-thumbnail","6":"product_cat-ersatzteile-fur-motoren","7":"product_cat-kuhlmittel","9":"first","10":"onbackorder","11":"taxable","12":"shipping-taxable","13":"purchasable","14":"product-type-variable"},"supplier_id":null,"supplier_sku":"","barcode":null,"atum_controlled":true,"out_stock_date":"2025-11-03 08:03:10","out_stock_threshold":null,"inheritable":true,"inbound_stock":0,"stock_on_hold":0,"sold_today":0,"sales_last_days":0,"reserved_stock":0,"customer_returns":0,"warehouse_damage":0,"lost_in_post":0,"other_logs":0,"out_stock_days":0,"lost_sales":0,"has_location":false,"update_date":"2026-03-20T13:15:45","atum_locations":[],"atum_stock_status":"onbackorder","restock_status":false,"low_stock_amount":"","sales_update_date":"2026-03-20T13:15:45","calc_backorders":null,"_links":{"self":[{"href":"https:\/\/mps.digital-monkey.in\/de\/wp-json\/wp\/v2\/product\/33138","targetHints":{"allow":["GET"]}}],"collection":[{"href":"https:\/\/mps.digital-monkey.in\/de\/wp-json\/wp\/v2\/product"}],"about":[{"href":"https:\/\/mps.digital-monkey.in\/de\/wp-json\/wp\/v2\/types\/product"}],"replies":[{"embeddable":true,"href":"https:\/\/mps.digital-monkey.in\/de\/wp-json\/wp\/v2\/comments?post=33138"}],"wp:featuredmedia":[{"embeddable":true,"href":"https:\/\/mps.digital-monkey.in\/de\/wp-json\/wp\/v2\/media\/33139"}],"wp:attachment":[{"href":"https:\/\/mps.digital-monkey.in\/de\/wp-json\/wp\/v2\/media?parent=33138"}],"wp:term":[{"taxonomy":"product_brand","embeddable":true,"href":"https:\/\/mps.digital-monkey.in\/de\/wp-json\/wp\/v2\/product_brand?post=33138"},{"taxonomy":"product_cat","embeddable":true,"href":"https:\/\/mps.digital-monkey.in\/de\/wp-json\/wp\/v2\/product_cat?post=33138"},{"taxonomy":"product_tag","embeddable":true,"href":"https:\/\/mps.digital-monkey.in\/de\/wp-json\/wp\/v2\/product_tag?post=33138"}],"curies":[{"name":"wp","href":"https:\/\/api.w.org\/{rel}","templated":true}]}}