{"id":33154,"date":"2025-06-17T13:44:13","date_gmt":"2025-06-17T13:44:13","guid":{"rendered":"https:\/\/mps.digital-monkey.in\/product\/impeller-bausatz-119175-42650-yanmar-4lha-laufrad-120650-425310\/"},"modified":"2026-03-20T13:48:47","modified_gmt":"2026-03-20T13:48:47","slug":"impeller-bausatz-119175-42650-yanmar-4lha-laufrad-120650-425310","status":"publish","type":"product","link":"https:\/\/mps.digital-monkey.in\/de\/product\/impeller-bausatz-119175-42650-yanmar-4lha-laufrad-120650-425310\/","title":{"rendered":"Impeller Bausatz 119175-42650 Yanmar 4LH(A) (Laufrad 120650-425310)"},"content":{"rendered":"<p><strong>Impeller Satz<\/strong> bestehend aus Laufrad 120650-42310 &amp; O-Ring, geeignet f\u00fcr die Modelle 4LH-TE\/HTE\/DTE\/STE und 4LHA-HTE\/HTP.<\/p>\n<p>Dieser Satz ist f\u00fcr \u00e4ltere LH-Motoren gedacht, mit einem dickeren O-Ring f\u00fcr die Abdeckung.<br \/>\nDas einzelne Laufrad 120650-42310 ist nicht mehr erh\u00e4ltlich.<\/p>\n<p>F\u00fcr die BY-Serie bestellen Sie bitte den Laufradsatz 120650-42530.<\/p>\n<ul>\n<li>4LH TE 110HP, 4LH HTE 140HP, 4LH DTE 170HP, 4LH STE 230HP<\/li>\n<li>4LHA HTE 150HP, 4LHA HTP 160HP<\/li>\n<\/ul>\n","protected":false},"excerpt":{"rendered":"<p>Impeller Satz bestehend aus Laufrad 120650-42310 &amp; O-Ring, geeignet f\u00fcr die Modelle 4LH-TE\/HTE\/DTE\/STE und 4LHA-HTE\/HTP. Dieser Satz ist f\u00fcr \u00e4ltere LH-Motoren gedacht, mit einem dickeren O-Ring f\u00fcr die Abdeckung. Das einzelne Laufrad 120650-42310 ist nicht mehr erh\u00e4ltlich. F\u00fcr die BY-Serie bestellen Sie bitte den Laufradsatz 120650-42530. 4LH TE 110HP, 4LH HTE 140HP, 4LH DTE 170HP, [&hellip;]<\/p>\n","protected":false},"featured_media":33155,"comment_status":"open","ping_status":"closed","template":"","meta":[],"product_brand":[4236],"product_cat":[2498,3027,4559,4531],"product_tag":[],"class_list":{"0":"post-33154","1":"product","2":"type-product","3":"status-publish","4":"has-post-thumbnail","6":"product_brand-yanmar","7":"product_cat-ersatzteile-fur-motoren","8":"product_cat-impeller","9":"product_cat-yanmar-impellers","10":"product_cat-yanmar-service-teile","11":"pa_condition-neu","12":"pa_model-4lh-dte","13":"pa_model-4lh-hte","14":"pa_model-4lh-ste","15":"pa_model-4lh-te","16":"pa_model-4lha-hte","17":"pa_model-4lha-htp","18":"pa_oem-or-aftermarket-oem","20":"first","21":"onbackorder","22":"taxable","23":"shipping-taxable","24":"purchasable","25":"product-type-simple"},"supplier_id":32143,"supplier_sku":"","barcode":null,"atum_controlled":true,"out_stock_date":"2025-11-21 14:08:45","out_stock_threshold":null,"inheritable":false,"inbound_stock":0,"stock_on_hold":0,"sold_today":0,"sales_last_days":0,"reserved_stock":0,"customer_returns":0,"warehouse_damage":0,"lost_in_post":0,"other_logs":0,"out_stock_days":118,"lost_sales":0,"has_location":false,"update_date":"2026-03-20T13:51:08","atum_locations":[],"atum_stock_status":"onbackorder","restock_status":false,"low_stock_amount":"","sales_update_date":"2026-03-20T13:29:34","calc_backorders":0,"_links":{"self":[{"href":"https:\/\/mps.digital-monkey.in\/de\/wp-json\/wp\/v2\/product\/33154","targetHints":{"allow":["GET"]}}],"collection":[{"href":"https:\/\/mps.digital-monkey.in\/de\/wp-json\/wp\/v2\/product"}],"about":[{"href":"https:\/\/mps.digital-monkey.in\/de\/wp-json\/wp\/v2\/types\/product"}],"replies":[{"embeddable":true,"href":"https:\/\/mps.digital-monkey.in\/de\/wp-json\/wp\/v2\/comments?post=33154"}],"wp:featuredmedia":[{"embeddable":true,"href":"https:\/\/mps.digital-monkey.in\/de\/wp-json\/wp\/v2\/media\/33155"}],"wp:attachment":[{"href":"https:\/\/mps.digital-monkey.in\/de\/wp-json\/wp\/v2\/media?parent=33154"}],"wp:term":[{"taxonomy":"product_brand","embeddable":true,"href":"https:\/\/mps.digital-monkey.in\/de\/wp-json\/wp\/v2\/product_brand?post=33154"},{"taxonomy":"product_cat","embeddable":true,"href":"https:\/\/mps.digital-monkey.in\/de\/wp-json\/wp\/v2\/product_cat?post=33154"},{"taxonomy":"product_tag","embeddable":true,"href":"https:\/\/mps.digital-monkey.in\/de\/wp-json\/wp\/v2\/product_tag?post=33154"}],"curies":[{"name":"wp","href":"https:\/\/api.w.org\/{rel}","templated":true}]}}