{"id":33164,"date":"2025-06-17T13:44:09","date_gmt":"2025-06-17T13:44:09","guid":{"rendered":"https:\/\/mps.digital-monkey.in\/product\/ips-und-aquamatic-synthetisches-getriebeoel-75w-90\/"},"modified":"2026-03-16T10:43:41","modified_gmt":"2026-03-16T10:43:41","slug":"ips-und-aquamatic-synthetisches-getriebeoel-75w-90","status":"publish","type":"product","link":"https:\/\/mps.digital-monkey.in\/de\/produkt\/ips-und-aquamatic-synthetisches-getriebeoel-75w-90\/","title":{"rendered":"IPS und Aquamatic synthetisches Getriebe\u00f6l 75W-90"},"content":{"rendered":"<p>Hochleistungsf\u00e4hige, vollsynthetische Getriebe\u00f6le, die speziell entwickelt wurden, um eine hervorragende Belastbarkeit \u00fcber einen weiten Bereich von Betriebstemperaturen zu gew\u00e4hrleisten. Bietet optimale Schaltleistung und maximalen Schutz vor Verschlei\u00df und Korrosion. Die fortschrittliche Additivtechnologie f\u00fcr die Schifffahrt umfasst einzigartige F\u00e4higkeiten zur Minimierung von Sch\u00e4den durch Wasserverschmutzung. All dies bietet erhebliche Vorteile gegen\u00fcber herk\u00f6mmlichen Getriebe\u00f6len und tr\u00e4gt zu einem reibungslosen Betrieb und einer langfristigen Gesundheit des Antriebsstrangs bei.   <\/p>\n<p>F\u00fcr SX, SP-A2, SP-C (au\u00dfer 2,15:1 \u00dcbersetzung), DPS, FWD, DPI, DPH (au\u00dfer 1,59:1 \u00dcbersetzung), DPR, DPX, XDP, DP-A2 bis DP-E , alle IPS-Antriebe, S-Drive 120S-E, Schiffsgetriebe MS2A\/LE, MS4, MS5.<\/p>\n","protected":false},"excerpt":{"rendered":"<p>Hochleistungsf\u00e4hige, vollsynthetische Getriebe\u00f6le, die speziell entwickelt wurden, um eine hervorragende Belastbarkeit \u00fcber einen weiten Bereich von Betriebstemperaturen zu gew\u00e4hrleisten. Bietet optimale Schaltleistung und maximalen Schutz vor Verschlei\u00df und Korrosion. Die fortschrittliche Additivtechnologie f\u00fcr die Schifffahrt umfasst einzigartige F\u00e4higkeiten zur Minimierung von Sch\u00e4den durch Wasserverschmutzung. All dies bietet erhebliche Vorteile gegen\u00fcber herk\u00f6mmlichen Getriebe\u00f6len und tr\u00e4gt zu [&hellip;]<\/p>\n","protected":false},"featured_media":33165,"comment_status":"open","ping_status":"closed","template":"","meta":[],"product_brand":[],"product_cat":[2498,4028,2725,4599],"product_tag":[],"class_list":{"0":"post-33164","1":"product","2":"type-product","3":"status-publish","4":"has-post-thumbnail","6":"product_cat-ersatzteile-fur-motoren","7":"product_cat-getriebeol","8":"product_cat-ole-flussigkeiten","9":"product_cat-volvo-penta-120s-saildrive-service-teile","11":"first","12":"onbackorder","13":"sale","14":"taxable","15":"shipping-taxable","16":"purchasable","17":"product-type-variable"},"supplier_id":null,"supplier_sku":"","barcode":null,"atum_controlled":true,"out_stock_date":"2026-03-16 10:46:56","out_stock_threshold":null,"inheritable":true,"inbound_stock":0,"stock_on_hold":0,"sold_today":0,"sales_last_days":0,"reserved_stock":0,"customer_returns":0,"warehouse_damage":0,"lost_in_post":0,"other_logs":0,"out_stock_days":0,"lost_sales":0,"has_location":false,"update_date":"2026-03-20T13:15:45","atum_locations":[],"atum_stock_status":"onbackorder","restock_status":false,"low_stock_amount":"","sales_update_date":"2026-03-20T13:15:45","calc_backorders":null,"_links":{"self":[{"href":"https:\/\/mps.digital-monkey.in\/de\/wp-json\/wp\/v2\/product\/33164","targetHints":{"allow":["GET"]}}],"collection":[{"href":"https:\/\/mps.digital-monkey.in\/de\/wp-json\/wp\/v2\/product"}],"about":[{"href":"https:\/\/mps.digital-monkey.in\/de\/wp-json\/wp\/v2\/types\/product"}],"replies":[{"embeddable":true,"href":"https:\/\/mps.digital-monkey.in\/de\/wp-json\/wp\/v2\/comments?post=33164"}],"wp:featuredmedia":[{"embeddable":true,"href":"https:\/\/mps.digital-monkey.in\/de\/wp-json\/wp\/v2\/media\/33165"}],"wp:attachment":[{"href":"https:\/\/mps.digital-monkey.in\/de\/wp-json\/wp\/v2\/media?parent=33164"}],"wp:term":[{"taxonomy":"product_brand","embeddable":true,"href":"https:\/\/mps.digital-monkey.in\/de\/wp-json\/wp\/v2\/product_brand?post=33164"},{"taxonomy":"product_cat","embeddable":true,"href":"https:\/\/mps.digital-monkey.in\/de\/wp-json\/wp\/v2\/product_cat?post=33164"},{"taxonomy":"product_tag","embeddable":true,"href":"https:\/\/mps.digital-monkey.in\/de\/wp-json\/wp\/v2\/product_tag?post=33164"}],"curies":[{"name":"wp","href":"https:\/\/api.w.org\/{rel}","templated":true}]}}