{"id":33183,"date":"2025-06-17T13:44:08","date_gmt":"2025-06-17T13:44:08","guid":{"rendered":"https:\/\/mps.digital-monkey.in\/product\/volvo-penta-service-kit-d1-30-d2-40-2030-2040-abcd-21189422\/"},"modified":"2026-03-20T13:28:22","modified_gmt":"2026-03-20T13:28:22","slug":"volvo-penta-service-kit-d1-30-d2-40-2030-2040-abcd-21189422","status":"publish","type":"product","link":"https:\/\/mps.digital-monkey.in\/de\/product\/volvo-penta-service-kit-d1-30-d2-40-2030-2040-abcd-21189422\/","title":{"rendered":"Volvo Penta Service-Kit D1-30 D2-40 &amp; 2030-2040 A,B,C,D 21189422"},"content":{"rendered":"<p data-start=\"536\" data-end=\"596\"><strong data-start=\"536\" data-end=\"594\">Volvo Penta Service Kit &#8211; D1-30, D2-40 &amp; 2030-2040 A-D<\/strong><\/p>\n<p data-start=\"598\" data-end=\"744\">Erhalten Sie die Spitzenleistung Ihres Volvo Penta-Motors mit diesem kompletten Service-Kit f\u00fcr die Modelle D1-30, D2-40 und 2030-2040 A, B, C, D.<\/p>\n<p data-start=\"746\" data-end=\"761\"><strong data-start=\"746\" data-end=\"759\">Beinhaltet:<\/strong><\/p>\n<ul data-start=\"762\" data-end=\"1085\">\n<li data-start=\"762\" data-end=\"890\">\n<p data-start=\"764\" data-end=\"890\"><strong data-start=\"764\" data-end=\"780\">\u00d6lfilter:<\/strong> 21189422 &amp; 3840525 &#8211; Hochwertige Filter, die Ihren Motor sch\u00fctzen, indem sie das \u00d6l sauber und frei von Verunreinigungen halten.<\/p>\n<\/li>\n<li data-start=\"891\" data-end=\"979\">\n<p data-start=\"893\" data-end=\"979\"><strong data-start=\"893\" data-end=\"909\">Kraftstofffilter:<\/strong> 861477 &#8211; Sorgt f\u00fcr verunreinigungsfreien Kraftstoff f\u00fcr einen reibungslosen Motorbetrieb.<\/p>\n<\/li>\n<li data-start=\"980\" data-end=\"1085\">\n<p data-start=\"982\" data-end=\"1085\"><strong data-start=\"982\" data-end=\"995\">Impeller:<\/strong> 22222936 &#8211; H\u00e4lt den Wasserfluss aufrecht, um eine \u00dcberhitzung zu verhindern und die Motorkomponenten zu sch\u00fctzen.<\/p>\n<\/li>\n<\/ul>\n<p data-start=\"1087\" data-end=\"1216\">Dieses Kit ist ideal f\u00fcr die professionelle Wartung und den Heimwerker, da es alle wichtigen Teile in einem praktischen Paket enth\u00e4lt.<\/p>\n","protected":false},"excerpt":{"rendered":"<p>Volvo Penta Service Kit &#8211; D1-30, D2-40 &amp; 2030-2040 A-D Erhalten Sie die Spitzenleistung Ihres Volvo Penta-Motors mit diesem kompletten Service-Kit f\u00fcr die Modelle D1-30, D2-40 und 2030-2040 A, B, C, D. Beinhaltet: \u00d6lfilter: 21189422 &amp; 3840525 &#8211; Hochwertige Filter, die Ihren Motor sch\u00fctzen, indem sie das \u00d6l sauber und frei von Verunreinigungen halten. Kraftstofffilter: [&hellip;]<\/p>\n","protected":false},"featured_media":23881,"comment_status":"open","ping_status":"closed","template":"","meta":[],"product_brand":[4230],"product_cat":[2498,3202,4479,4308,4289,4332,4331,4526],"product_tag":[],"class_list":{"0":"post-33183","1":"product","2":"type-product","3":"status-publish","4":"has-post-thumbnail","6":"product_brand-volvo-penta","7":"product_cat-ersatzteile-fur-motoren","8":"product_cat-service-kits","9":"product_cat-service-kits-volvo-penta","10":"product_cat-volvo-penta","11":"product_cat-volvo-penta-d1-30-teile","12":"product_cat-volvo-penta-d2-40-teile","13":"product_cat-volvo-penta-serie-d2","14":"product_cat-volvo-penta-service-teile","15":"pa_condition-neu","16":"pa_model-d1-30","17":"pa_model-d1-30b","18":"pa_model-d1-30f","19":"pa_model-d2-40","20":"pa_model-d2-40b","21":"pa_model-d2-40f","22":"pa_model-md2030","23":"pa_model-md2040","24":"pa_oem-or-aftermarket-oem","26":"first","27":"onbackorder","28":"taxable","29":"shipping-taxable","30":"purchasable","31":"product-type-simple"},"supplier_id":32142,"supplier_sku":"","barcode":null,"atum_controlled":true,"out_stock_date":"2025-11-21 12:56:51","out_stock_threshold":null,"inheritable":false,"inbound_stock":0,"stock_on_hold":0,"sold_today":0,"sales_last_days":0,"reserved_stock":0,"customer_returns":0,"warehouse_damage":0,"lost_in_post":0,"other_logs":0,"out_stock_days":119,"lost_sales":0,"has_location":false,"update_date":"2026-03-20T13:29:26","atum_locations":[],"atum_stock_status":"onbackorder","restock_status":false,"low_stock_amount":"","sales_update_date":"2026-03-20T13:15:46","calc_backorders":0,"_links":{"self":[{"href":"https:\/\/mps.digital-monkey.in\/de\/wp-json\/wp\/v2\/product\/33183","targetHints":{"allow":["GET"]}}],"collection":[{"href":"https:\/\/mps.digital-monkey.in\/de\/wp-json\/wp\/v2\/product"}],"about":[{"href":"https:\/\/mps.digital-monkey.in\/de\/wp-json\/wp\/v2\/types\/product"}],"replies":[{"embeddable":true,"href":"https:\/\/mps.digital-monkey.in\/de\/wp-json\/wp\/v2\/comments?post=33183"}],"wp:featuredmedia":[{"embeddable":true,"href":"https:\/\/mps.digital-monkey.in\/de\/wp-json\/wp\/v2\/media\/23881"}],"wp:attachment":[{"href":"https:\/\/mps.digital-monkey.in\/de\/wp-json\/wp\/v2\/media?parent=33183"}],"wp:term":[{"taxonomy":"product_brand","embeddable":true,"href":"https:\/\/mps.digital-monkey.in\/de\/wp-json\/wp\/v2\/product_brand?post=33183"},{"taxonomy":"product_cat","embeddable":true,"href":"https:\/\/mps.digital-monkey.in\/de\/wp-json\/wp\/v2\/product_cat?post=33183"},{"taxonomy":"product_tag","embeddable":true,"href":"https:\/\/mps.digital-monkey.in\/de\/wp-json\/wp\/v2\/product_tag?post=33183"}],"curies":[{"name":"wp","href":"https:\/\/api.w.org\/{rel}","templated":true}]}}