{"id":33269,"date":"2025-06-17T13:44:11","date_gmt":"2025-06-17T13:44:11","guid":{"rendered":"https:\/\/mps.digital-monkey.in\/product\/kraftstofffilter-yanmar-104300-55790\/"},"modified":"2026-03-20T13:48:02","modified_gmt":"2026-03-20T13:48:02","slug":"kraftstofffilter-yanmar-104300-55790","status":"publish","type":"product","link":"https:\/\/mps.digital-monkey.in\/de\/product\/kraftstofffilter-yanmar-104300-55790\/","title":{"rendered":"Kraftstofffilter Yanmar 104300-55790"},"content":{"rendered":"<p>Kraftstofffilter f\u00fcr die YS-Serie zur Verwendung im entsprechenden Dieseltank.<\/p>\n<p>&nbsp;<\/p>\n<p><strong>Achtung!<\/strong>  Dieser Filter ist nur f\u00fcr den originalen roten Dieseltank geeignet, der mit dem Motor geliefert wurde.<\/p>\n<p>Wenn Sie ein Aluminium-Filtergeh\u00e4use haben, bestellen Sie bitte: 104500-55710.<\/p>\n<p>Geeignet f\u00fcr die 8HP und 12HP Modelle. Ersatzteilnummer f\u00fcr 104500-55790. <\/p>\n<p>&nbsp;<\/p>\n<p>YSB8 8HP, YSB12 12HP, YSE8 8HP, YSE12 12HP, YSM8 8HP, YSM12 12HP<\/p>\n","protected":false},"excerpt":{"rendered":"<p>Kraftstofffilter f\u00fcr die YS-Serie zur Verwendung im entsprechenden Dieseltank. &nbsp; Achtung! Dieser Filter ist nur f\u00fcr den originalen roten Dieseltank geeignet, der mit dem Motor geliefert wurde. Wenn Sie ein Aluminium-Filtergeh\u00e4use haben, bestellen Sie bitte: 104500-55710. Geeignet f\u00fcr die 8HP und 12HP Modelle. Ersatzteilnummer f\u00fcr 104500-55790. &nbsp; YSB8 8HP, YSB12 12HP, YSE8 8HP, YSE12 12HP, [&hellip;]<\/p>\n","protected":false},"featured_media":33270,"comment_status":"open","ping_status":"closed","template":"","meta":[],"product_brand":[4236],"product_cat":[2498,2681,4555],"product_tag":[],"class_list":{"0":"post-33269","1":"product","2":"type-product","3":"status-publish","4":"has-post-thumbnail","6":"product_brand-yanmar","7":"product_cat-ersatzteile-fur-motoren","8":"product_cat-kraftstofffilter","9":"product_cat-yanmar-kraftstofffilter","10":"pa_condition-neu","11":"pa_model-ysb12","12":"pa_model-ysb8","13":"pa_model-yse12","14":"pa_model-yse8","15":"pa_model-ysm12","16":"pa_model-ysm8","17":"pa_oem-or-aftermarket-oem","19":"first","20":"onbackorder","21":"taxable","22":"shipping-taxable","23":"purchasable","24":"product-type-simple"},"supplier_id":32143,"supplier_sku":"","barcode":null,"atum_controlled":true,"out_stock_date":"2025-11-21 14:07:56","out_stock_threshold":null,"inheritable":false,"inbound_stock":0,"stock_on_hold":0,"sold_today":0,"sales_last_days":0,"reserved_stock":0,"customer_returns":0,"warehouse_damage":0,"lost_in_post":0,"other_logs":0,"out_stock_days":118,"lost_sales":0,"has_location":false,"update_date":"2026-03-20T13:51:07","atum_locations":[],"atum_stock_status":"onbackorder","restock_status":false,"low_stock_amount":"","sales_update_date":"2026-03-20T13:29:34","calc_backorders":0,"_links":{"self":[{"href":"https:\/\/mps.digital-monkey.in\/de\/wp-json\/wp\/v2\/product\/33269","targetHints":{"allow":["GET"]}}],"collection":[{"href":"https:\/\/mps.digital-monkey.in\/de\/wp-json\/wp\/v2\/product"}],"about":[{"href":"https:\/\/mps.digital-monkey.in\/de\/wp-json\/wp\/v2\/types\/product"}],"replies":[{"embeddable":true,"href":"https:\/\/mps.digital-monkey.in\/de\/wp-json\/wp\/v2\/comments?post=33269"}],"wp:featuredmedia":[{"embeddable":true,"href":"https:\/\/mps.digital-monkey.in\/de\/wp-json\/wp\/v2\/media\/33270"}],"wp:attachment":[{"href":"https:\/\/mps.digital-monkey.in\/de\/wp-json\/wp\/v2\/media?parent=33269"}],"wp:term":[{"taxonomy":"product_brand","embeddable":true,"href":"https:\/\/mps.digital-monkey.in\/de\/wp-json\/wp\/v2\/product_brand?post=33269"},{"taxonomy":"product_cat","embeddable":true,"href":"https:\/\/mps.digital-monkey.in\/de\/wp-json\/wp\/v2\/product_cat?post=33269"},{"taxonomy":"product_tag","embeddable":true,"href":"https:\/\/mps.digital-monkey.in\/de\/wp-json\/wp\/v2\/product_tag?post=33269"}],"curies":[{"name":"wp","href":"https:\/\/api.w.org\/{rel}","templated":true}]}}