{"id":33273,"date":"2025-06-17T14:22:53","date_gmt":"2025-06-17T14:22:53","guid":{"rendered":"https:\/\/mps.digital-monkey.in\/product\/dichtungssatz-fuer-wasserpumpe-volvo-penta-2003t\/"},"modified":"2025-11-02T15:42:49","modified_gmt":"2025-11-02T15:42:49","slug":"dichtungssatz-fuer-wasserpumpe-volvo-penta-2003t","status":"publish","type":"product","link":"https:\/\/mps.digital-monkey.in\/de\/produkt\/dichtungssatz-fuer-wasserpumpe-volvo-penta-2003t\/","title":{"rendered":"Dichtungssatz f\u00fcr Wasserpumpe Volvo Penta 2003T"},"content":{"rendered":"<p><strong>Dichtungssatz f\u00fcr Wasserpumpe Volvo Penta 2003T<\/strong><\/p>\n<p>Ma\u00dfgeschneiderter Satz zur Abdichtung Ihrer Wasserpumpe<\/p>\n<div><strong>F\u00fcr Volvo Penta Seewasserpumpen f\u00fcr die folgenden Motormodelle :<\/strong><\/div>\n<div>\n<div>2003T und 2003TB.<\/div>\n<\/div>\n","protected":false},"excerpt":{"rendered":"<p>Dichtungssatz f\u00fcr Wasserpumpe Volvo Penta 2003T Ma\u00dfgeschneiderter Satz zur Abdichtung Ihrer Wasserpumpe F\u00fcr Volvo Penta Seewasserpumpen f\u00fcr die folgenden Motormodelle : 2003T und 2003TB.<\/p>\n","protected":false},"featured_media":33274,"comment_status":"open","ping_status":"closed","template":"","meta":[],"product_brand":[4230],"product_cat":[2498,4308,4473,4476,4466,4526],"product_tag":[],"class_list":{"0":"post-33273","1":"product","2":"type-product","3":"status-publish","4":"has-post-thumbnail","6":"product_brand-volvo-penta","7":"product_cat-ersatzteile-fur-motoren","8":"product_cat-volvo-penta","9":"product_cat-volvo-penta-2003-teile","10":"product_cat-volvo-penta-2003t-teile","11":"product_cat-volvo-penta-serie-2000","12":"product_cat-volvo-penta-service-teile","14":"first","15":"onbackorder","16":"taxable","17":"shipping-taxable","18":"purchasable","19":"product-type-simple"},"supplier_id":7294,"supplier_sku":"","barcode":null,"atum_controlled":true,"out_stock_date":"2025-11-21 12:44:14","out_stock_threshold":null,"inheritable":false,"inbound_stock":0,"stock_on_hold":0,"sold_today":0,"sales_last_days":0,"reserved_stock":0,"customer_returns":0,"warehouse_damage":0,"lost_in_post":0,"other_logs":0,"out_stock_days":0,"lost_sales":0,"has_location":false,"update_date":"2025-11-21T12:44:14","atum_locations":[],"atum_stock_status":"onbackorder","restock_status":false,"low_stock_amount":1,"sales_update_date":"2025-09-22T08:41:37","calc_backorders":0,"_links":{"self":[{"href":"https:\/\/mps.digital-monkey.in\/de\/wp-json\/wp\/v2\/product\/33273","targetHints":{"allow":["GET"]}}],"collection":[{"href":"https:\/\/mps.digital-monkey.in\/de\/wp-json\/wp\/v2\/product"}],"about":[{"href":"https:\/\/mps.digital-monkey.in\/de\/wp-json\/wp\/v2\/types\/product"}],"replies":[{"embeddable":true,"href":"https:\/\/mps.digital-monkey.in\/de\/wp-json\/wp\/v2\/comments?post=33273"}],"wp:featuredmedia":[{"embeddable":true,"href":"https:\/\/mps.digital-monkey.in\/de\/wp-json\/wp\/v2\/media\/33274"}],"wp:attachment":[{"href":"https:\/\/mps.digital-monkey.in\/de\/wp-json\/wp\/v2\/media?parent=33273"}],"wp:term":[{"taxonomy":"product_brand","embeddable":true,"href":"https:\/\/mps.digital-monkey.in\/de\/wp-json\/wp\/v2\/product_brand?post=33273"},{"taxonomy":"product_cat","embeddable":true,"href":"https:\/\/mps.digital-monkey.in\/de\/wp-json\/wp\/v2\/product_cat?post=33273"},{"taxonomy":"product_tag","embeddable":true,"href":"https:\/\/mps.digital-monkey.in\/de\/wp-json\/wp\/v2\/product_tag?post=33273"}],"curies":[{"name":"wp","href":"https:\/\/api.w.org\/{rel}","templated":true}]}}