{"id":33289,"date":"2025-06-17T14:22:53","date_gmt":"2025-06-17T14:22:53","guid":{"rendered":"https:\/\/mps.digital-monkey.in\/product\/dichtungssatz-fuer-wasserpumpe-volvo-penta-ad30-ad31-md31-tmd31-aqd40-ad41-tamd41-kad42-kamd41-kad43\/"},"modified":"2025-11-24T14:05:18","modified_gmt":"2025-11-24T14:05:18","slug":"dichtungssatz-fuer-wasserpumpe-volvo-penta-ad30-ad31-md31-tmd31-aqd40-ad41-tamd41-kad42-kamd41-kad43","status":"publish","type":"product","link":"https:\/\/mps.digital-monkey.in\/de\/product\/dichtungssatz-fuer-wasserpumpe-volvo-penta-ad30-ad31-md31-tmd31-aqd40-ad41-tamd41-kad42-kamd41-kad43\/","title":{"rendered":"Dichtungssatz f\u00fcr Wasserpumpe Volvo Penta AD30 AD31 MD31 TMD31 AQD40 AD41 TAMD41 KAD42 KAMD41 KAD43"},"content":{"rendered":"<p><strong>Dichtungssatz f\u00fcr Wasserpumpe Volvo Penta D30, 31, 32, 40, 41 ,42, 43, 44<\/strong><\/p>\n<p>Ma\u00dfgeschneiderter Satz zur Abdichtung Ihrer Wasserpumpe<\/p>\n<p><strong>F\u00fcr Volvo Penta:<\/strong><\/p>\n<p>D30, D31, D32<br \/>\nD40, D41, D42, D43, D44<br \/>\nAD30A<br \/>\nAQAD30A<br \/>\nMD30A<br \/>\nTAMD30A<br \/>\nTMD30A<br \/>\nAD31A, AD31B, AD31D, AD31XD<br \/>\nAQAD31A<br \/>\nMD31A<br \/>\nTAMD31A, TAMD31B, TAMD31D<br \/>\nTMD31A, TMD31B, TMD31D<br \/>\nKAD32P-A<br \/>\nAQD40A<br \/>\nMD40A<br \/>\nTMD40A, TMD40B, TMD40C<br \/>\nAD41A, AD41B, AD41D<br \/>\nAQAD41A<br \/>\nD41A, D41B, D41D<br \/>\nTAMD41A, TAMD41B, TAMD41D<br \/>\nTMD41A, TMD41B, TMD41D<br \/>\nKAD42A, KAD42B, KAD42P-A<br \/>\nKAMD42A, KAMD42B, KAMD42P-A<br \/>\nTAMD42B, TAMD42WJ-A<br \/>\nKAD43P-A<br \/>\nKAMD43P-A<br \/>\nKAD44P-A<br \/>\nKAMD44P-A<\/p>\n<p><strong>Impeller Durchmesser:<\/strong> 65 mm<br \/>\nF\u00fcr Pumpe mit 6 Schrauben<\/p>\n","protected":false},"excerpt":{"rendered":"<p>Dichtungssatz f\u00fcr Wasserpumpe Volvo Penta D30, 31, 32, 40, 41 ,42, 43, 44 Ma\u00dfgeschneiderter Satz zur Abdichtung Ihrer Wasserpumpe F\u00fcr Volvo Penta: D30, D31, D32 D40, D41, D42, D43, D44 AD30A AQAD30A MD30A TAMD30A TMD30A AD31A, AD31B, AD31D, AD31XD AQAD31A MD31A TAMD31A, TAMD31B, TAMD31D TMD31A, TMD31B, TMD31D KAD32P-A AQD40A MD40A TMD40A, TMD40B, TMD40C AD41A, AD41B, [&hellip;]<\/p>\n","protected":false},"featured_media":33290,"comment_status":"open","ping_status":"closed","template":"","meta":[],"product_brand":[4230],"product_cat":[2498,4526],"product_tag":[],"class_list":{"0":"post-33289","1":"product","2":"type-product","3":"status-publish","4":"has-post-thumbnail","6":"product_brand-volvo-penta","7":"product_cat-ersatzteile-fur-motoren","8":"product_cat-volvo-penta-service-teile","10":"first","11":"instock","12":"taxable","13":"shipping-taxable","14":"purchasable","15":"product-type-simple"},"supplier_id":7294,"supplier_sku":"","barcode":null,"atum_controlled":true,"out_stock_date":null,"out_stock_threshold":null,"inheritable":false,"inbound_stock":0,"stock_on_hold":1,"sold_today":1,"sales_last_days":1,"reserved_stock":0,"customer_returns":0,"warehouse_damage":0,"lost_in_post":0,"other_logs":0,"out_stock_days":0,"lost_sales":0,"has_location":false,"update_date":"2025-11-24T14:05:21","atum_locations":[],"atum_stock_status":"instock","restock_status":false,"low_stock_amount":1,"sales_update_date":"2025-11-22T13:54:28","calc_backorders":0,"_links":{"self":[{"href":"https:\/\/mps.digital-monkey.in\/de\/wp-json\/wp\/v2\/product\/33289","targetHints":{"allow":["GET"]}}],"collection":[{"href":"https:\/\/mps.digital-monkey.in\/de\/wp-json\/wp\/v2\/product"}],"about":[{"href":"https:\/\/mps.digital-monkey.in\/de\/wp-json\/wp\/v2\/types\/product"}],"replies":[{"embeddable":true,"href":"https:\/\/mps.digital-monkey.in\/de\/wp-json\/wp\/v2\/comments?post=33289"}],"wp:featuredmedia":[{"embeddable":true,"href":"https:\/\/mps.digital-monkey.in\/de\/wp-json\/wp\/v2\/media\/33290"}],"wp:attachment":[{"href":"https:\/\/mps.digital-monkey.in\/de\/wp-json\/wp\/v2\/media?parent=33289"}],"wp:term":[{"taxonomy":"product_brand","embeddable":true,"href":"https:\/\/mps.digital-monkey.in\/de\/wp-json\/wp\/v2\/product_brand?post=33289"},{"taxonomy":"product_cat","embeddable":true,"href":"https:\/\/mps.digital-monkey.in\/de\/wp-json\/wp\/v2\/product_cat?post=33289"},{"taxonomy":"product_tag","embeddable":true,"href":"https:\/\/mps.digital-monkey.in\/de\/wp-json\/wp\/v2\/product_tag?post=33289"}],"curies":[{"name":"wp","href":"https:\/\/api.w.org\/{rel}","templated":true}]}}