{"id":33303,"date":"2025-06-17T14:22:26","date_gmt":"2025-06-17T14:22:26","guid":{"rendered":"https:\/\/mps.digital-monkey.in\/product\/wasserpumpendichtungen-volvo-penta-md21\/"},"modified":"2025-06-17T14:22:26","modified_gmt":"2025-06-17T14:22:26","slug":"wasserpumpendichtungen-volvo-penta-md21","status":"publish","type":"product","link":"https:\/\/mps.digital-monkey.in\/de\/product\/wasserpumpendichtungen-volvo-penta-md21\/","title":{"rendered":"Wasserpumpendichtungen Volvo Penta MD21"},"content":{"rendered":"<div><strong>Wasserpumpendichtungen Volvo Penta MD21<\/strong><\/div>\n<div>Ma\u00dfgeschneiderter Bausatz Wasserpumpe<\/div>\n<div><\/div>\n<div><strong>F\u00fcr Volvo Penta Seewasserpumpen f\u00fcr die folgenden Motormodelle:<\/strong><\/div>\n<div>B30, D21<br \/>\nAQ165A, AQ170A, AQ170B, AQ170C<br \/>\nBB165A, BB170A, BB170B, BB170C<br \/>\nAQD21A, AQD21B, MD21A und MD21B<\/div>\n","protected":false},"excerpt":{"rendered":"<p>Wasserpumpendichtungen Volvo Penta MD21 Ma\u00dfgeschneiderter Bausatz Wasserpumpe F\u00fcr Volvo Penta Seewasserpumpen f\u00fcr die folgenden Motormodelle: B30, D21 AQ165A, AQ170A, AQ170B, AQ170C BB165A, BB170A, BB170B, BB170C AQD21A, AQD21B, MD21A und MD21B<\/p>\n","protected":false},"featured_media":33304,"comment_status":"open","ping_status":"closed","template":"","meta":[],"product_brand":[4230],"product_cat":[2498,4526],"product_tag":[],"class_list":{"0":"post-33303","1":"product","2":"type-product","3":"status-publish","4":"has-post-thumbnail","6":"product_brand-volvo-penta","7":"product_cat-ersatzteile-fur-motoren","8":"product_cat-volvo-penta-service-teile","10":"first","11":"onbackorder","12":"taxable","13":"shipping-taxable","14":"purchasable","15":"product-type-simple"},"supplier_id":7294,"supplier_sku":"","barcode":null,"atum_controlled":true,"out_stock_date":"2025-11-21 12:44:28","out_stock_threshold":null,"inheritable":false,"inbound_stock":0,"stock_on_hold":0,"sold_today":0,"sales_last_days":0,"reserved_stock":0,"customer_returns":0,"warehouse_damage":0,"lost_in_post":0,"other_logs":0,"out_stock_days":119,"lost_sales":0,"has_location":false,"update_date":"2026-03-20T13:24:52","atum_locations":[],"atum_stock_status":"onbackorder","restock_status":false,"low_stock_amount":1,"sales_update_date":"2026-03-20T13:24:52","calc_backorders":0,"_links":{"self":[{"href":"https:\/\/mps.digital-monkey.in\/de\/wp-json\/wp\/v2\/product\/33303","targetHints":{"allow":["GET"]}}],"collection":[{"href":"https:\/\/mps.digital-monkey.in\/de\/wp-json\/wp\/v2\/product"}],"about":[{"href":"https:\/\/mps.digital-monkey.in\/de\/wp-json\/wp\/v2\/types\/product"}],"replies":[{"embeddable":true,"href":"https:\/\/mps.digital-monkey.in\/de\/wp-json\/wp\/v2\/comments?post=33303"}],"wp:featuredmedia":[{"embeddable":true,"href":"https:\/\/mps.digital-monkey.in\/de\/wp-json\/wp\/v2\/media\/33304"}],"wp:attachment":[{"href":"https:\/\/mps.digital-monkey.in\/de\/wp-json\/wp\/v2\/media?parent=33303"}],"wp:term":[{"taxonomy":"product_brand","embeddable":true,"href":"https:\/\/mps.digital-monkey.in\/de\/wp-json\/wp\/v2\/product_brand?post=33303"},{"taxonomy":"product_cat","embeddable":true,"href":"https:\/\/mps.digital-monkey.in\/de\/wp-json\/wp\/v2\/product_cat?post=33303"},{"taxonomy":"product_tag","embeddable":true,"href":"https:\/\/mps.digital-monkey.in\/de\/wp-json\/wp\/v2\/product_tag?post=33303"}],"curies":[{"name":"wp","href":"https:\/\/api.w.org\/{rel}","templated":true}]}}