{"id":33311,"date":"2025-06-17T14:22:26","date_gmt":"2025-06-17T14:22:26","guid":{"rendered":"https:\/\/mps.digital-monkey.in\/product\/dichtungssatz-fuer-wasserpumpe-volvo-penta-md1-md2-md6\/"},"modified":"2025-10-29T10:49:58","modified_gmt":"2025-10-29T10:49:58","slug":"dichtungssatz-fuer-wasserpumpe-volvo-penta-md1-md2-md6","status":"publish","type":"product","link":"https:\/\/mps.digital-monkey.in\/de\/product\/dichtungssatz-fuer-wasserpumpe-volvo-penta-md1-md2-md6\/","title":{"rendered":"Dichtungssatz f\u00fcr Wasserpumpe Volvo Penta MD1, MD2, MD6"},"content":{"rendered":"<p><strong>Dichtungssatz f\u00fcr Wasserpumpe Volvo Penta MD1, MD2, MD6<\/strong><\/p>\n<p>Ma\u00dfgeschneidertes Kit zur Abdichtung Ihrer Wasserpumpe<\/p>\n<div><strong>f\u00fcr Volvo Penta Seewasserpumpen f\u00fcr die folgenden Motormodelle:<\/strong><\/div>\n<div>MB10A, D1A, MD1A, MD1B, AQD2B, D2A, MD2, MD2A, MD2B und MD6A.<\/div>\n","protected":false},"excerpt":{"rendered":"<p>Dichtungssatz f\u00fcr Wasserpumpe Volvo Penta MD1, MD2, MD6 Ma\u00dfgeschneidertes Kit zur Abdichtung Ihrer Wasserpumpe f\u00fcr Volvo Penta Seewasserpumpen f\u00fcr die folgenden Motormodelle: MB10A, D1A, MD1A, MD1B, AQD2B, D2A, MD2, MD2A, MD2B und MD6A.<\/p>\n","protected":false},"featured_media":33312,"comment_status":"open","ping_status":"closed","template":"","meta":[],"product_brand":[4230],"product_cat":[2498,4308,4309,4348,4350,4360,4526],"product_tag":[],"class_list":{"0":"post-33311","1":"product","2":"type-product","3":"status-publish","4":"has-post-thumbnail","6":"product_brand-volvo-penta","7":"product_cat-ersatzteile-fur-motoren","8":"product_cat-volvo-penta","9":"product_cat-volvo-penta-md-serie","10":"product_cat-volvo-penta-md1","11":"product_cat-volvo-penta-md2","12":"product_cat-volvo-penta-md6","13":"product_cat-volvo-penta-service-teile","15":"first","16":"onbackorder","17":"taxable","18":"shipping-taxable","19":"purchasable","20":"product-type-simple"},"supplier_id":7294,"supplier_sku":"","barcode":null,"atum_controlled":true,"out_stock_date":"2025-11-21 12:44:33","out_stock_threshold":null,"inheritable":false,"inbound_stock":0,"stock_on_hold":0,"sold_today":0,"sales_last_days":0,"reserved_stock":0,"customer_returns":0,"warehouse_damage":0,"lost_in_post":0,"other_logs":0,"out_stock_days":0,"lost_sales":0,"has_location":false,"update_date":"2025-11-21T12:44:33","atum_locations":[],"atum_stock_status":"onbackorder","restock_status":false,"low_stock_amount":1,"sales_update_date":"2025-09-22T08:41:37","calc_backorders":0,"_links":{"self":[{"href":"https:\/\/mps.digital-monkey.in\/de\/wp-json\/wp\/v2\/product\/33311","targetHints":{"allow":["GET"]}}],"collection":[{"href":"https:\/\/mps.digital-monkey.in\/de\/wp-json\/wp\/v2\/product"}],"about":[{"href":"https:\/\/mps.digital-monkey.in\/de\/wp-json\/wp\/v2\/types\/product"}],"replies":[{"embeddable":true,"href":"https:\/\/mps.digital-monkey.in\/de\/wp-json\/wp\/v2\/comments?post=33311"}],"wp:featuredmedia":[{"embeddable":true,"href":"https:\/\/mps.digital-monkey.in\/de\/wp-json\/wp\/v2\/media\/33312"}],"wp:attachment":[{"href":"https:\/\/mps.digital-monkey.in\/de\/wp-json\/wp\/v2\/media?parent=33311"}],"wp:term":[{"taxonomy":"product_brand","embeddable":true,"href":"https:\/\/mps.digital-monkey.in\/de\/wp-json\/wp\/v2\/product_brand?post=33311"},{"taxonomy":"product_cat","embeddable":true,"href":"https:\/\/mps.digital-monkey.in\/de\/wp-json\/wp\/v2\/product_cat?post=33311"},{"taxonomy":"product_tag","embeddable":true,"href":"https:\/\/mps.digital-monkey.in\/de\/wp-json\/wp\/v2\/product_tag?post=33311"}],"curies":[{"name":"wp","href":"https:\/\/api.w.org\/{rel}","templated":true}]}}