{"id":33336,"date":"2025-06-17T14:22:26","date_gmt":"2025-06-17T14:22:26","guid":{"rendered":"https:\/\/mps.digital-monkey.in\/product\/dichtungssatz-fuer-wasserpumpe-volvo-penta-2001-2002-2003-md5-md6-md7-md11\/"},"modified":"2025-11-07T10:13:30","modified_gmt":"2025-11-07T10:13:30","slug":"dichtungssatz-fuer-wasserpumpe-volvo-penta-2001-2002-2003-md5-md6-md7-md11","status":"publish","type":"product","link":"https:\/\/mps.digital-monkey.in\/de\/product\/dichtungssatz-fuer-wasserpumpe-volvo-penta-2001-2002-2003-md5-md6-md7-md11\/","title":{"rendered":"Dichtungssatz f\u00fcr Wasserpumpe Volvo Penta 2001, 2002, 2003, MD5, MD6, MD7, MD11"},"content":{"rendered":"<p><strong>Dichtungssatz f\u00fcr Wasserpumpe Volvo Penta 2001, 2002, 2003, MD5, MD6, MD7, MD11<\/strong><\/p>\n<p>Ma\u00dfgeschneiderter Bausatz f\u00fcr die Abdichtung einer Wasserpumpe<\/p>\n<p><strong>F\u00fcr Modelltypen:<\/strong><\/p>\n<p>2001, 2001AG, 2001B, 2001BG<br \/>\n2002, 2002AG, 2002B, 2002BG<br \/>\n2003, 2003AG, 2003B, 2003BG<br \/>\nMD5A, MD5B, MD5C<br \/>\nMD6B<br \/>\nMD7A, MD7B<br \/>\nMD11C, MD11D<\/p>\n<p><strong>Nicht f\u00fcr 2003 mit Turbo<\/strong><\/p>\n","protected":false},"excerpt":{"rendered":"<p>Dichtungssatz f\u00fcr Wasserpumpe Volvo Penta 2001, 2002, 2003, MD5, MD6, MD7, MD11 Ma\u00dfgeschneiderter Bausatz f\u00fcr die Abdichtung einer Wasserpumpe F\u00fcr Modelltypen: 2001, 2001AG, 2001B, 2001BG 2002, 2002AG, 2002B, 2002BG 2003, 2003AG, 2003B, 2003BG MD5A, MD5B, MD5C MD6B MD7A, MD7B MD11C, MD11D Nicht f\u00fcr 2003 mit Turbo<\/p>\n","protected":false},"featured_media":33337,"comment_status":"open","ping_status":"closed","template":"","meta":[],"product_brand":[4230],"product_cat":[2498,4308,4467,4470,4473,4309,4366,4357,4360,4363,4466,4526],"product_tag":[],"class_list":{"0":"post-33336","1":"product","2":"type-product","3":"status-publish","4":"has-post-thumbnail","6":"product_brand-volvo-penta","7":"product_cat-ersatzteile-fur-motoren","8":"product_cat-volvo-penta","9":"product_cat-volvo-penta-2001-teile","10":"product_cat-volvo-penta-2002-teile","11":"product_cat-volvo-penta-2003-teile","12":"product_cat-volvo-penta-md-serie","13":"product_cat-volvo-penta-md11","14":"product_cat-volvo-penta-md5","15":"product_cat-volvo-penta-md6","16":"product_cat-volvo-penta-md7","17":"product_cat-volvo-penta-serie-2000","18":"product_cat-volvo-penta-service-teile","20":"first","21":"instock","22":"taxable","23":"shipping-taxable","24":"purchasable","25":"product-type-simple"},"supplier_id":7294,"supplier_sku":"","barcode":null,"atum_controlled":true,"out_stock_date":null,"out_stock_threshold":null,"inheritable":false,"inbound_stock":0,"stock_on_hold":0,"sold_today":0,"sales_last_days":0,"reserved_stock":0,"customer_returns":0,"warehouse_damage":0,"lost_in_post":0,"other_logs":0,"out_stock_days":0,"lost_sales":0,"has_location":false,"update_date":"2026-01-29T09:10:18","atum_locations":[],"atum_stock_status":"instock","restock_status":false,"low_stock_amount":1,"sales_update_date":"2026-01-29T09:10:18","calc_backorders":0,"_links":{"self":[{"href":"https:\/\/mps.digital-monkey.in\/de\/wp-json\/wp\/v2\/product\/33336","targetHints":{"allow":["GET"]}}],"collection":[{"href":"https:\/\/mps.digital-monkey.in\/de\/wp-json\/wp\/v2\/product"}],"about":[{"href":"https:\/\/mps.digital-monkey.in\/de\/wp-json\/wp\/v2\/types\/product"}],"replies":[{"embeddable":true,"href":"https:\/\/mps.digital-monkey.in\/de\/wp-json\/wp\/v2\/comments?post=33336"}],"wp:featuredmedia":[{"embeddable":true,"href":"https:\/\/mps.digital-monkey.in\/de\/wp-json\/wp\/v2\/media\/33337"}],"wp:attachment":[{"href":"https:\/\/mps.digital-monkey.in\/de\/wp-json\/wp\/v2\/media?parent=33336"}],"wp:term":[{"taxonomy":"product_brand","embeddable":true,"href":"https:\/\/mps.digital-monkey.in\/de\/wp-json\/wp\/v2\/product_brand?post=33336"},{"taxonomy":"product_cat","embeddable":true,"href":"https:\/\/mps.digital-monkey.in\/de\/wp-json\/wp\/v2\/product_cat?post=33336"},{"taxonomy":"product_tag","embeddable":true,"href":"https:\/\/mps.digital-monkey.in\/de\/wp-json\/wp\/v2\/product_tag?post=33336"}],"curies":[{"name":"wp","href":"https:\/\/api.w.org\/{rel}","templated":true}]}}