{"id":33344,"date":"2025-06-17T14:22:25","date_gmt":"2025-06-17T14:22:25","guid":{"rendered":"https:\/\/mps.digital-monkey.in\/product\/dichtungssatz-fuer-wasserpumpe-volvo-penta-aq60-bis-aq130-mb20-md3-md17\/"},"modified":"2026-01-13T13:54:49","modified_gmt":"2026-01-13T13:54:49","slug":"dichtungssatz-fuer-wasserpumpe-volvo-penta-aq60-bis-aq130-mb20-md3-md17","status":"publish","type":"product","link":"https:\/\/mps.digital-monkey.in\/de\/produkt\/dichtungssatz-fuer-wasserpumpe-volvo-penta-aq60-bis-aq130-mb20-md3-md17\/","title":{"rendered":"Dichtungssatz f\u00fcr Wasserpumpe Volvo Penta AQ60 bis AQ130, MB20, MD3, MD17"},"content":{"rendered":"<p><strong>Dichtungssatz f\u00fcr Wasserpumpe Volvo Penta AQ60 bis AQ130, MB20, MD3, MD17<\/strong><\/p>\n<div>\n<div><strong>F\u00fcr Volvo Penta Seewasserpumpen f\u00fcr die folgenden Motormodelle:<\/strong><\/div>\n<div>\n<p>AQ60F, AQ90, AQ95, AQ95A, AQ110, AQ120, BB30, BB100, MB18, AQ105A, AQ115A, AQ115B, AQ130A, AQ130B, AQ130C, AQ130D, BB115, BB115B, BB115C, MB20A, MB20B , MB20C, MD3B, MD17C und MD17D.<\/p>\n<div>Dieser Dichtungs- und O-Ring-Satz enth\u00e4lt 804695<\/div>\n<div>F\u00fcr Pumpen ohne Kugellager<\/div>\n<\/div>\n<\/div>\n<div><\/div>\n<div><strong>Ma\u00dfgeschneiderter Bausatz f\u00fcr Wasserpumpe Volvo Penta<\/strong><\/div>\n<div>\n<div><\/div>\n<\/div>\n","protected":false},"excerpt":{"rendered":"<p>Dichtungssatz f\u00fcr Wasserpumpe Volvo Penta AQ60 bis AQ130, MB20, MD3, MD17 F\u00fcr Volvo Penta Seewasserpumpen f\u00fcr die folgenden Motormodelle: AQ60F, AQ90, AQ95, AQ95A, AQ110, AQ120, BB30, BB100, MB18, AQ105A, AQ115A, AQ115B, AQ130A, AQ130B, AQ130C, AQ130D, BB115, BB115B, BB115C, MB20A, MB20B , MB20C, MD3B, MD17C und MD17D. Dieser Dichtungs- und O-Ring-Satz enth\u00e4lt 804695 F\u00fcr Pumpen ohne [&hellip;]<\/p>\n","protected":false},"featured_media":33345,"comment_status":"open","ping_status":"closed","template":"","meta":[],"product_brand":[4230],"product_cat":[2498,4308,4309,4369,4353,4526],"product_tag":[],"class_list":{"0":"post-33344","1":"product","2":"type-product","3":"status-publish","4":"has-post-thumbnail","6":"product_brand-volvo-penta","7":"product_cat-ersatzteile-fur-motoren","8":"product_cat-volvo-penta","9":"product_cat-volvo-penta-md-serie","10":"product_cat-volvo-penta-md17","11":"product_cat-volvo-penta-md3","12":"product_cat-volvo-penta-service-teile","14":"first","15":"instock","16":"taxable","17":"shipping-taxable","18":"purchasable","19":"product-type-simple"},"supplier_id":7294,"supplier_sku":"rec22042","barcode":null,"atum_controlled":true,"out_stock_date":null,"out_stock_threshold":null,"inheritable":false,"inbound_stock":0,"stock_on_hold":0,"sold_today":0,"sales_last_days":0,"reserved_stock":0,"customer_returns":0,"warehouse_damage":0,"lost_in_post":0,"other_logs":0,"out_stock_days":0,"lost_sales":0,"has_location":false,"update_date":"2026-01-29T09:10:25","atum_locations":[],"atum_stock_status":"instock","restock_status":false,"low_stock_amount":0,"sales_update_date":"2026-01-29T09:10:25","calc_backorders":0,"_links":{"self":[{"href":"https:\/\/mps.digital-monkey.in\/de\/wp-json\/wp\/v2\/product\/33344","targetHints":{"allow":["GET"]}}],"collection":[{"href":"https:\/\/mps.digital-monkey.in\/de\/wp-json\/wp\/v2\/product"}],"about":[{"href":"https:\/\/mps.digital-monkey.in\/de\/wp-json\/wp\/v2\/types\/product"}],"replies":[{"embeddable":true,"href":"https:\/\/mps.digital-monkey.in\/de\/wp-json\/wp\/v2\/comments?post=33344"}],"wp:featuredmedia":[{"embeddable":true,"href":"https:\/\/mps.digital-monkey.in\/de\/wp-json\/wp\/v2\/media\/33345"}],"wp:attachment":[{"href":"https:\/\/mps.digital-monkey.in\/de\/wp-json\/wp\/v2\/media?parent=33344"}],"wp:term":[{"taxonomy":"product_brand","embeddable":true,"href":"https:\/\/mps.digital-monkey.in\/de\/wp-json\/wp\/v2\/product_brand?post=33344"},{"taxonomy":"product_cat","embeddable":true,"href":"https:\/\/mps.digital-monkey.in\/de\/wp-json\/wp\/v2\/product_cat?post=33344"},{"taxonomy":"product_tag","embeddable":true,"href":"https:\/\/mps.digital-monkey.in\/de\/wp-json\/wp\/v2\/product_tag?post=33344"}],"curies":[{"name":"wp","href":"https:\/\/api.w.org\/{rel}","templated":true}]}}