{"id":33356,"date":"2025-06-17T14:22:25","date_gmt":"2025-06-17T14:22:25","guid":{"rendered":"https:\/\/mps.digital-monkey.in\/product\/zinkanode-yanmar-119574-18790\/"},"modified":"2025-06-17T14:22:25","modified_gmt":"2025-06-17T14:22:25","slug":"zinkanode-yanmar-119574-18790","status":"publish","type":"product","link":"https:\/\/mps.digital-monkey.in\/de\/product\/zinkanode-yanmar-119574-18790\/","title":{"rendered":"Zinkanode Yanmar 119574-18790"},"content":{"rendered":"<p>Zinkanode Yanmar 119574-18790<\/p>\n<p>Zinkanode, Zinkschraube, f\u00fcr die Motoren der Yanmar 8LV Serie (W\u00e4rmetauscher) &amp; der 6LYA, 6LY2 und 6LY Common-Rail Serie (Luftk\u00fchler).<\/p>\n<p><strong>Geeignet f\u00fcr Yanmar Motoren:<\/strong> 6LYA-STP 370HP, 6LYA-UTE 260HP, 6LYA-STE 290HP, 6LY2A-UTP 370HP, 6LY2A-STP 440HP, 6LY400 400HP, 6LY440 440HP, 8LV320 320HP, 8LV350 350HP, 8LV370 370HP.<\/p>\n","protected":false},"excerpt":{"rendered":"<p>Zinkanode Yanmar 119574-18790 Zinkanode, Zinkschraube, f\u00fcr die Motoren der Yanmar 8LV Serie (W\u00e4rmetauscher) &amp; der 6LYA, 6LY2 und 6LY Common-Rail Serie (Luftk\u00fchler). Geeignet f\u00fcr Yanmar Motoren: 6LYA-STP 370HP, 6LYA-UTE 260HP, 6LYA-STE 290HP, 6LY2A-UTP 370HP, 6LY2A-STP 440HP, 6LY400 400HP, 6LY440 440HP, 8LV320 320HP, 8LV350 350HP, 8LV370 370HP.<\/p>\n","protected":false},"featured_media":0,"comment_status":"open","ping_status":"closed","template":"","meta":[],"product_brand":[4236],"product_cat":[3286,2498],"product_tag":[],"class_list":{"0":"post-33356","1":"product","2":"type-product","3":"status-publish","5":"product_brand-yanmar","6":"product_cat-anoden","7":"product_cat-ersatzteile-fur-motoren","8":"pa_condition-neu","9":"pa_model-6ly2-ste","10":"pa_model-6ly2a-stp","11":"pa_model-6ly2a-utp","12":"pa_model-6ly2m-wdt","13":"pa_model-6ly2m-wst","14":"pa_model-6ly400","15":"pa_model-6ly440","16":"pa_model-6lya-ste","17":"pa_model-6lya-stp","18":"pa_model-6lya-ute","19":"pa_model-8lv320","20":"pa_model-8lv350","21":"pa_model-8lv370","22":"pa_oem-or-aftermarket-aftermarket","24":"first","25":"instock","26":"taxable","27":"shipping-taxable","28":"purchasable","29":"product-type-simple"},"supplier_id":7294,"supplier_sku":"","barcode":null,"atum_controlled":true,"out_stock_date":null,"out_stock_threshold":null,"inheritable":false,"inbound_stock":0,"stock_on_hold":0,"sold_today":0,"sales_last_days":0,"reserved_stock":0,"customer_returns":0,"warehouse_damage":0,"lost_in_post":0,"other_logs":0,"out_stock_days":0,"lost_sales":0,"has_location":false,"update_date":"2025-10-22T14:36:35","atum_locations":[],"atum_stock_status":"instock","restock_status":false,"low_stock_amount":1,"sales_update_date":"2025-10-22T14:36:35","calc_backorders":0,"_links":{"self":[{"href":"https:\/\/mps.digital-monkey.in\/de\/wp-json\/wp\/v2\/product\/33356","targetHints":{"allow":["GET"]}}],"collection":[{"href":"https:\/\/mps.digital-monkey.in\/de\/wp-json\/wp\/v2\/product"}],"about":[{"href":"https:\/\/mps.digital-monkey.in\/de\/wp-json\/wp\/v2\/types\/product"}],"replies":[{"embeddable":true,"href":"https:\/\/mps.digital-monkey.in\/de\/wp-json\/wp\/v2\/comments?post=33356"}],"wp:attachment":[{"href":"https:\/\/mps.digital-monkey.in\/de\/wp-json\/wp\/v2\/media?parent=33356"}],"wp:term":[{"taxonomy":"product_brand","embeddable":true,"href":"https:\/\/mps.digital-monkey.in\/de\/wp-json\/wp\/v2\/product_brand?post=33356"},{"taxonomy":"product_cat","embeddable":true,"href":"https:\/\/mps.digital-monkey.in\/de\/wp-json\/wp\/v2\/product_cat?post=33356"},{"taxonomy":"product_tag","embeddable":true,"href":"https:\/\/mps.digital-monkey.in\/de\/wp-json\/wp\/v2\/product_tag?post=33356"}],"curies":[{"name":"wp","href":"https:\/\/api.w.org\/{rel}","templated":true}]}}