{"id":33362,"date":"2025-06-17T13:44:46","date_gmt":"2025-06-17T13:44:46","guid":{"rendered":"https:\/\/mps.digital-monkey.in\/product\/kraftstofffilter-yanmar-119773-55510\/"},"modified":"2026-03-20T13:50:06","modified_gmt":"2026-03-20T13:50:06","slug":"kraftstofffilter-yanmar-119773-55510","status":"publish","type":"product","link":"https:\/\/mps.digital-monkey.in\/de\/product\/kraftstofffilter-yanmar-119773-55510\/","title":{"rendered":"Kraftstofffilter Yanmar 119773-55510"},"content":{"rendered":"<p>Kraftstofffilter passend f\u00fcr alle Motortypen der 6LP-Serie (6LP und 6LPA) <strong>(au\u00dfer dem 6LPA-STP2. F\u00fcr dieses Modell verwenden Sie den Filter 119773-55710)<\/strong>.<\/p>\n<p>6LP DTE 250HP, 6LP STE 300HP, 6LPA DTE 250HP, 6LPA DTP 260HP, 6LPA STE 300HP, 6LPA STP 315HP<\/p>\n","protected":false},"excerpt":{"rendered":"<p>Kraftstofffilter passend f\u00fcr alle Motortypen der 6LP-Serie (6LP und 6LPA) (au\u00dfer dem 6LPA-STP2. F\u00fcr dieses Modell verwenden Sie den Filter 119773-55710). 6LP DTE 250HP, 6LP STE 300HP, 6LPA DTE 250HP, 6LPA DTP 260HP, 6LPA STE 300HP, 6LPA STP 315HP<\/p>\n","protected":false},"featured_media":33363,"comment_status":"open","ping_status":"closed","template":"","meta":[],"product_brand":[4236],"product_cat":[2498,2681,4555,4531],"product_tag":[],"class_list":{"0":"post-33362","1":"product","2":"type-product","3":"status-publish","4":"has-post-thumbnail","6":"product_brand-yanmar","7":"product_cat-ersatzteile-fur-motoren","8":"product_cat-kraftstofffilter","9":"product_cat-yanmar-kraftstofffilter","10":"product_cat-yanmar-service-teile","11":"pa_condition-neu","12":"pa_model-6lp-dte","13":"pa_model-6lp-ste","14":"pa_model-6lpa-dte","15":"pa_model-6lpa-dtp","16":"pa_model-6lpa-ste","17":"pa_model-6lpa-stp","18":"pa_oem-or-aftermarket-oem","20":"first","21":"onbackorder","22":"taxable","23":"shipping-taxable","24":"purchasable","25":"product-type-simple"},"supplier_id":32143,"supplier_sku":"","barcode":null,"atum_controlled":true,"out_stock_date":"2025-11-21 14:07:41","out_stock_threshold":null,"inheritable":false,"inbound_stock":0,"stock_on_hold":0,"sold_today":0,"sales_last_days":0,"reserved_stock":0,"customer_returns":0,"warehouse_damage":0,"lost_in_post":0,"other_logs":0,"out_stock_days":118,"lost_sales":0,"has_location":false,"update_date":"2026-03-20T13:51:11","atum_locations":[],"atum_stock_status":"onbackorder","restock_status":false,"low_stock_amount":"","sales_update_date":"2026-03-20T13:29:34","calc_backorders":0,"_links":{"self":[{"href":"https:\/\/mps.digital-monkey.in\/de\/wp-json\/wp\/v2\/product\/33362","targetHints":{"allow":["GET"]}}],"collection":[{"href":"https:\/\/mps.digital-monkey.in\/de\/wp-json\/wp\/v2\/product"}],"about":[{"href":"https:\/\/mps.digital-monkey.in\/de\/wp-json\/wp\/v2\/types\/product"}],"replies":[{"embeddable":true,"href":"https:\/\/mps.digital-monkey.in\/de\/wp-json\/wp\/v2\/comments?post=33362"}],"wp:featuredmedia":[{"embeddable":true,"href":"https:\/\/mps.digital-monkey.in\/de\/wp-json\/wp\/v2\/media\/33363"}],"wp:attachment":[{"href":"https:\/\/mps.digital-monkey.in\/de\/wp-json\/wp\/v2\/media?parent=33362"}],"wp:term":[{"taxonomy":"product_brand","embeddable":true,"href":"https:\/\/mps.digital-monkey.in\/de\/wp-json\/wp\/v2\/product_brand?post=33362"},{"taxonomy":"product_cat","embeddable":true,"href":"https:\/\/mps.digital-monkey.in\/de\/wp-json\/wp\/v2\/product_cat?post=33362"},{"taxonomy":"product_tag","embeddable":true,"href":"https:\/\/mps.digital-monkey.in\/de\/wp-json\/wp\/v2\/product_tag?post=33362"}],"curies":[{"name":"wp","href":"https:\/\/api.w.org\/{rel}","templated":true}]}}