{"id":33387,"date":"2025-06-17T14:22:25","date_gmt":"2025-06-17T14:22:25","guid":{"rendered":"https:\/\/mps.digital-monkey.in\/product\/dichtungssatz-fuer-wasserpumpe-volvo-penta-aq60-bis-aq130-mb20-md3-md17-2\/"},"modified":"2025-10-29T10:49:15","modified_gmt":"2025-10-29T10:49:15","slug":"dichtungssatz-fuer-wasserpumpe-volvo-penta-aq60-bis-aq130-mb20-md3-md17-2","status":"publish","type":"product","link":"https:\/\/mps.digital-monkey.in\/de\/produkt\/dichtungssatz-fuer-wasserpumpe-volvo-penta-aq60-bis-aq130-mb20-md3-md17-2\/","title":{"rendered":"Dichtungssatz f\u00fcr Wasserpumpe Volvo Penta AQ60 bis AQ130, MB20, MD3, MD17"},"content":{"rendered":"<p><strong>Dichtungssatz f\u00fcr Wasserpumpe Volvo Penta AQ60 bis AQ130, MB20, MD3, MD17<\/strong><\/p>\n<div>f\u00fcr Volvo Penta Seewasserpumpen f\u00fcr die folgenden Motormodelle:<\/div>\n<div>\n<p>AQ60F, AQ90, AQ95, AQ95A, AQ110, AQ120, BB30, BB100, MB18, AQ105A, AQ115A, AQ115B, AQ130A, AQ130B, AQ130C, AQ130D, BB115, BB115B, BB115C, MB20A, MB20B, MB20C, MD3B, MD17C und MD17D<\/p>\n<p><strong>F\u00fcr Pumpen mit Kugellager<\/strong><\/p>\n<\/div>\n<div><\/div>\n<div>Ma\u00dfgeschneiderter Bausatz f\u00fcr Wasserpumpe<\/div>\n","protected":false},"excerpt":{"rendered":"<p>Dichtungssatz f\u00fcr Wasserpumpe Volvo Penta AQ60 bis AQ130, MB20, MD3, MD17 f\u00fcr Volvo Penta Seewasserpumpen f\u00fcr die folgenden Motormodelle: AQ60F, AQ90, AQ95, AQ95A, AQ110, AQ120, BB30, BB100, MB18, AQ105A, AQ115A, AQ115B, AQ130A, AQ130B, AQ130C, AQ130D, BB115, BB115B, BB115C, MB20A, MB20B, MB20C, MD3B, MD17C und MD17D F\u00fcr Pumpen mit Kugellager Ma\u00dfgeschneiderter Bausatz f\u00fcr Wasserpumpe<\/p>\n","protected":false},"featured_media":33388,"comment_status":"open","ping_status":"closed","template":"","meta":[],"product_brand":[4230],"product_cat":[2498,3037,4308,4309,4369,4353,4526,3215],"product_tag":[],"class_list":{"0":"post-33387","1":"product","2":"type-product","3":"status-publish","4":"has-post-thumbnail","6":"product_brand-volvo-penta","7":"product_cat-ersatzteile-fur-motoren","8":"product_cat-kits-fur-wartung-und-reparatur","9":"product_cat-volvo-penta","10":"product_cat-volvo-penta-md-serie","11":"product_cat-volvo-penta-md17","12":"product_cat-volvo-penta-md3","13":"product_cat-volvo-penta-service-teile","14":"product_cat-wasserpumpen-teile","15":"pa_condition-neu","16":"pa_model-md17","17":"pa_model-md17c","18":"pa_model-md17d","19":"pa_model-md3","20":"pa_model-md3b","21":"pa_oem-or-aftermarket-aftermarket","23":"first","24":"onbackorder","25":"taxable","26":"shipping-taxable","27":"purchasable","28":"product-type-simple"},"supplier_id":7294,"supplier_sku":"","barcode":null,"atum_controlled":true,"out_stock_date":"2025-11-21 12:44:47","out_stock_threshold":null,"inheritable":false,"inbound_stock":0,"stock_on_hold":0,"sold_today":0,"sales_last_days":0,"reserved_stock":0,"customer_returns":0,"warehouse_damage":0,"lost_in_post":0,"other_logs":0,"out_stock_days":0,"lost_sales":0,"has_location":false,"update_date":"2025-11-21T12:44:47","atum_locations":[],"atum_stock_status":"onbackorder","restock_status":false,"low_stock_amount":1,"sales_update_date":"2025-09-22T08:41:37","calc_backorders":0,"_links":{"self":[{"href":"https:\/\/mps.digital-monkey.in\/de\/wp-json\/wp\/v2\/product\/33387","targetHints":{"allow":["GET"]}}],"collection":[{"href":"https:\/\/mps.digital-monkey.in\/de\/wp-json\/wp\/v2\/product"}],"about":[{"href":"https:\/\/mps.digital-monkey.in\/de\/wp-json\/wp\/v2\/types\/product"}],"replies":[{"embeddable":true,"href":"https:\/\/mps.digital-monkey.in\/de\/wp-json\/wp\/v2\/comments?post=33387"}],"wp:featuredmedia":[{"embeddable":true,"href":"https:\/\/mps.digital-monkey.in\/de\/wp-json\/wp\/v2\/media\/33388"}],"wp:attachment":[{"href":"https:\/\/mps.digital-monkey.in\/de\/wp-json\/wp\/v2\/media?parent=33387"}],"wp:term":[{"taxonomy":"product_brand","embeddable":true,"href":"https:\/\/mps.digital-monkey.in\/de\/wp-json\/wp\/v2\/product_brand?post=33387"},{"taxonomy":"product_cat","embeddable":true,"href":"https:\/\/mps.digital-monkey.in\/de\/wp-json\/wp\/v2\/product_cat?post=33387"},{"taxonomy":"product_tag","embeddable":true,"href":"https:\/\/mps.digital-monkey.in\/de\/wp-json\/wp\/v2\/product_tag?post=33387"}],"curies":[{"name":"wp","href":"https:\/\/api.w.org\/{rel}","templated":true}]}}