{"id":33411,"date":"2025-06-17T14:21:59","date_gmt":"2025-06-17T14:21:59","guid":{"rendered":"https:\/\/mps.digital-monkey.in\/product\/thermostat-volvo-penta-md6-md7-60c-875796\/"},"modified":"2025-10-29T10:59:43","modified_gmt":"2025-10-29T10:59:43","slug":"thermostat-volvo-penta-md6-md7-60c-875796","status":"publish","type":"product","link":"https:\/\/mps.digital-monkey.in\/de\/product\/thermostat-volvo-penta-md6-md7-60c-875796\/","title":{"rendered":"Thermostat Volvo Penta MD6 MD7 60\u00b0C &#8211; 875796"},"content":{"rendered":"<h3>Thermostat f\u00fcr Volvo Penta MD6 \/ MD7 Dieselmotoren &#8211; 875796<\/h3>\n<p>Dieses hochwertige Ersatzthermostat (Teilenummer 875796) wurde speziell f\u00fcr Volvo Penta Dieselmotoren der Serien MD6 und MD7 entwickelt. Es spielt eine wichtige Rolle bei der Regulierung der Motortemperatur auf 60\u00b0C, um eine optimale Leistung zu gew\u00e4hrleisten und den Motor vor \u00dcberhitzung in maritimer Umgebung zu sch\u00fctzen. <\/p>\n<p><strong>Geeignet f\u00fcr Volvo Penta Motormodelle:<\/strong><\/p>\n<p><strong>MD6 Serie:<\/strong><br \/>\nMD6A, MD6B<\/p>\n<p><strong>MD7 Serie:<\/strong><br \/>\nMD7A, MD7B<\/p>\n<hr>\n<h3>Wichtige Merkmale:<\/h3>\n<ul>\n<li>\n<p>Nicht originales Ersatzthermostat &#8211; Teil Nr. 875796<\/p>\n<\/li>\n<li>\n<p>H\u00e4lt die Motortemperatur pr\u00e4zise bei 60\u00b0C<\/p>\n<\/li>\n<li>\n<p>Verbessert die Kraftstoffeffizienz und reduziert den Motorverschlei\u00df<\/p>\n<\/li>\n<li>\n<p>Gebaut f\u00fcr Schiffsdieselmotoren mit korrosionsbest\u00e4ndigen Materialien<\/p>\n<\/li>\n<li>\n<p>Zuverl\u00e4ssiger Ersatz in Aftermarket-Qualit\u00e4t<\/p>\n<\/li>\n<\/ul>\n<p>???? <strong>Teilenummer:<\/strong> 875796<br \/>\n????\ufe0f <strong>Typ:<\/strong> Hochwertiger Ersatzthermostat<br \/>\n???? <strong>Enth\u00e4lt:<\/strong> Nur Thermostateinheit<\/p>\n<hr>\n","protected":false},"excerpt":{"rendered":"<p>Thermostat f\u00fcr Volvo Penta MD6 \/ MD7 Dieselmotoren &#8211; 875796 Dieses hochwertige Ersatzthermostat (Teilenummer 875796) wurde speziell f\u00fcr Volvo Penta Dieselmotoren der Serien MD6 und MD7 entwickelt. Es spielt eine wichtige Rolle bei der Regulierung der Motortemperatur auf 60\u00b0C, um eine optimale Leistung zu gew\u00e4hrleisten und den Motor vor \u00dcberhitzung in maritimer Umgebung zu sch\u00fctzen. [&hellip;]<\/p>\n","protected":false},"featured_media":27610,"comment_status":"open","ping_status":"closed","template":"","meta":[],"product_brand":[4230],"product_cat":[2498,3294,4308,4309,4360,4363,4526],"product_tag":[],"class_list":{"0":"post-33411","1":"product","2":"type-product","3":"status-publish","4":"has-post-thumbnail","6":"product_brand-volvo-penta","7":"product_cat-ersatzteile-fur-motoren","8":"product_cat-thermostate","9":"product_cat-volvo-penta","10":"product_cat-volvo-penta-md-serie","11":"product_cat-volvo-penta-md6","12":"product_cat-volvo-penta-md7","13":"product_cat-volvo-penta-service-teile","15":"first","16":"instock","17":"taxable","18":"shipping-taxable","19":"purchasable","20":"product-type-simple"},"supplier_id":7294,"supplier_sku":"","barcode":null,"atum_controlled":true,"out_stock_date":null,"out_stock_threshold":null,"inheritable":false,"inbound_stock":0,"stock_on_hold":0,"sold_today":0,"sales_last_days":0,"reserved_stock":0,"customer_returns":0,"warehouse_damage":0,"lost_in_post":0,"other_logs":0,"out_stock_days":0,"lost_sales":0,"has_location":false,"update_date":"2026-01-29T09:11:17","atum_locations":[],"atum_stock_status":"instock","restock_status":false,"low_stock_amount":1,"sales_update_date":"2026-01-29T09:11:17","calc_backorders":0,"_links":{"self":[{"href":"https:\/\/mps.digital-monkey.in\/de\/wp-json\/wp\/v2\/product\/33411","targetHints":{"allow":["GET"]}}],"collection":[{"href":"https:\/\/mps.digital-monkey.in\/de\/wp-json\/wp\/v2\/product"}],"about":[{"href":"https:\/\/mps.digital-monkey.in\/de\/wp-json\/wp\/v2\/types\/product"}],"replies":[{"embeddable":true,"href":"https:\/\/mps.digital-monkey.in\/de\/wp-json\/wp\/v2\/comments?post=33411"}],"wp:featuredmedia":[{"embeddable":true,"href":"https:\/\/mps.digital-monkey.in\/de\/wp-json\/wp\/v2\/media\/27610"}],"wp:attachment":[{"href":"https:\/\/mps.digital-monkey.in\/de\/wp-json\/wp\/v2\/media?parent=33411"}],"wp:term":[{"taxonomy":"product_brand","embeddable":true,"href":"https:\/\/mps.digital-monkey.in\/de\/wp-json\/wp\/v2\/product_brand?post=33411"},{"taxonomy":"product_cat","embeddable":true,"href":"https:\/\/mps.digital-monkey.in\/de\/wp-json\/wp\/v2\/product_cat?post=33411"},{"taxonomy":"product_tag","embeddable":true,"href":"https:\/\/mps.digital-monkey.in\/de\/wp-json\/wp\/v2\/product_tag?post=33411"}],"curies":[{"name":"wp","href":"https:\/\/api.w.org\/{rel}","templated":true}]}}