{"id":33434,"date":"2025-06-17T14:21:58","date_gmt":"2025-06-17T14:21:58","guid":{"rendered":"https:\/\/mps.digital-monkey.in\/product\/ellebogen-70-yanmar-128170-08350-1gm-1gm10-motorhalterung\/"},"modified":"2025-11-24T10:13:18","modified_gmt":"2025-11-24T10:13:18","slug":"ellebogen-70-yanmar-128170-08350-1gm-1gm10-motorhalterung","status":"publish","type":"product","link":"https:\/\/mps.digital-monkey.in\/de\/produkt\/ellebogen-70-yanmar-128170-08350-1gm-1gm10-motorhalterung\/","title":{"rendered":"Ellebogen 70 (Yanmar 128170-08350 1GM &amp; 1GM10) Motorhalterung"},"content":{"rendered":"<p><strong>Ellebogen 70 (Yanmar 1GM &amp; 1GM10) Motorhalterung<\/strong><\/p>\n<p>Der Ellebogen 70 Marinemotortr\u00e4ger mit der Referenz 128170-08350 wird als Fronttr\u00e4ger f\u00fcr 1GM10 Motoren verwendet.<\/p>\n<ul>\n<li><strong>Angabe auf Gummi: <\/strong>70<\/li>\n<li><strong>Maximale statische Belastung: <\/strong>40 kg<\/li>\n<\/ul>\n","protected":false},"excerpt":{"rendered":"<p>Ellebogen 70 (Yanmar 1GM &amp; 1GM10) Motorhalterung Der Ellebogen 70 Marinemotortr\u00e4ger mit der Referenz 128170-08350 wird als Fronttr\u00e4ger f\u00fcr 1GM10 Motoren verwendet. Angabe auf Gummi: 70 Maximale statische Belastung: 40 kg<\/p>\n","protected":false},"featured_media":33435,"comment_status":"open","ping_status":"closed","template":"","meta":[],"product_brand":[4234,4236],"product_cat":[4452,2532,2886,4441,4565],"product_tag":[],"class_list":{"0":"post-33434","1":"product","2":"type-product","3":"status-publish","4":"has-post-thumbnail","6":"product_brand-ellebogen","7":"product_brand-yanmar","8":"product_cat-1gm-1gm10-teile","9":"product_cat-motorenteile","10":"product_cat-motorhalterungen","11":"product_cat-yanmar","12":"product_cat-yanmar-motorhalterungen","13":"pa_condition-neu","14":"pa_model-1gm","15":"pa_model-1gm10","16":"pa_model-1gm10c","17":"pa_oem-or-aftermarket-oem","19":"first","20":"instock","21":"taxable","22":"shipping-taxable","23":"purchasable","24":"product-type-simple"},"supplier_id":7297,"supplier_sku":"","barcode":null,"atum_controlled":true,"out_stock_date":null,"out_stock_threshold":null,"inheritable":false,"inbound_stock":0,"stock_on_hold":0,"sold_today":0,"sales_last_days":0,"reserved_stock":0,"customer_returns":0,"warehouse_damage":0,"lost_in_post":0,"other_logs":0,"out_stock_days":2,"lost_sales":0,"has_location":false,"update_date":"2025-11-24T10:10:05","atum_locations":[],"atum_stock_status":"instock","restock_status":false,"low_stock_amount":"","sales_update_date":null,"calc_backorders":null,"_links":{"self":[{"href":"https:\/\/mps.digital-monkey.in\/de\/wp-json\/wp\/v2\/product\/33434","targetHints":{"allow":["GET"]}}],"collection":[{"href":"https:\/\/mps.digital-monkey.in\/de\/wp-json\/wp\/v2\/product"}],"about":[{"href":"https:\/\/mps.digital-monkey.in\/de\/wp-json\/wp\/v2\/types\/product"}],"replies":[{"embeddable":true,"href":"https:\/\/mps.digital-monkey.in\/de\/wp-json\/wp\/v2\/comments?post=33434"}],"wp:featuredmedia":[{"embeddable":true,"href":"https:\/\/mps.digital-monkey.in\/de\/wp-json\/wp\/v2\/media\/33435"}],"wp:attachment":[{"href":"https:\/\/mps.digital-monkey.in\/de\/wp-json\/wp\/v2\/media?parent=33434"}],"wp:term":[{"taxonomy":"product_brand","embeddable":true,"href":"https:\/\/mps.digital-monkey.in\/de\/wp-json\/wp\/v2\/product_brand?post=33434"},{"taxonomy":"product_cat","embeddable":true,"href":"https:\/\/mps.digital-monkey.in\/de\/wp-json\/wp\/v2\/product_cat?post=33434"},{"taxonomy":"product_tag","embeddable":true,"href":"https:\/\/mps.digital-monkey.in\/de\/wp-json\/wp\/v2\/product_tag?post=33434"}],"curies":[{"name":"wp","href":"https:\/\/api.w.org\/{rel}","templated":true}]}}