{"id":33482,"date":"2025-06-17T14:21:58","date_gmt":"2025-06-17T14:21:58","guid":{"rendered":"https:\/\/mps.digital-monkey.in\/product\/thermostat-kit-volvo-penta-md5-875783\/"},"modified":"2025-10-29T10:51:48","modified_gmt":"2025-10-29T10:51:48","slug":"thermostat-kit-volvo-penta-md5-875783","status":"publish","type":"product","link":"https:\/\/mps.digital-monkey.in\/de\/produkt\/thermostat-kit-volvo-penta-md5-875783\/","title":{"rendered":"Thermostat-Kit Volvo Penta MD5 - 875783"},"content":{"rendered":"<p data-start=\"96\" data-end=\"143\"><strong data-start=\"96\" data-end=\"143\">Thermostat-Kit f\u00fcr Volvo Penta MD5 - 875783<\/strong><\/p>\n<p data-start=\"145\" data-end=\"393\">Dieses hochwertige <strong data-start=\"163\" data-end=\"178\">Aftermarket-Thermostat-Kit<\/strong> (Teilenummer 875783) ist ein direkter Ersatz f\u00fcr Volvo Penta-Dieselmotoren der MD5-Serie. Es hilft bei der Regulierung der Motortemperatur und sorgt f\u00fcr eine zuverl\u00e4ssige Leistung unter anspruchsvollen maritimen Bedingungen.<\/p>\n<p data-start=\"395\" data-end=\"438\"><strong data-start=\"395\" data-end=\"438\">Geeignet f\u00fcr Volvo Penta Motormodelle:<\/strong><\/p>\n<ul data-start=\"440\" data-end=\"476\">\n<li data-start=\"440\" data-end=\"452\">\n<p data-start=\"442\" data-end=\"452\"><strong data-start=\"442\" data-end=\"450\">MD5A<\/strong><\/p>\n<\/li>\n<li data-start=\"453\" data-end=\"465\">\n<p data-start=\"455\" data-end=\"465\"><strong data-start=\"455\" data-end=\"463\">MD5B<\/strong><\/p>\n<\/li>\n<li data-start=\"466\" data-end=\"476\">\n<p data-start=\"468\" data-end=\"476\"><strong data-start=\"468\" data-end=\"476\">MD5C<\/strong><\/p>\n<\/li>\n<\/ul>\n<hr data-start=\"478\" data-end=\"481\">\n<p data-start=\"483\" data-end=\"500\"><strong data-start=\"483\" data-end=\"500\">Wichtige Merkmale:<\/strong><\/p>\n<ul data-start=\"502\" data-end=\"663\">\n<li data-start=\"502\" data-end=\"565\">\n<p data-start=\"504\" data-end=\"565\">Hochwertiger Ersatz f\u00fcr das Volvo Penta Teil 875783<\/p>\n<\/li>\n<li data-start=\"566\" data-end=\"606\">\n<p data-start=\"568\" data-end=\"606\">H\u00e4lt die optimale Motortemperatur aufrecht<\/p>\n<\/li>\n<li data-start=\"607\" data-end=\"641\">\n<p data-start=\"609\" data-end=\"641\">Langlebige Materialien in Marinequalit\u00e4t<\/p>\n<\/li>\n<li data-start=\"642\" data-end=\"663\">\n<p data-start=\"644\" data-end=\"663\">Einfache Installation<\/p>\n<\/li>\n<\/ul>\n<p data-start=\"665\" data-end=\"796\">???? <strong data-start=\"668\" data-end=\"684\">Teilenummer:<\/strong> 875783<br data-start=\"691\" data-end=\"694\">???? <strong data-start=\"697\" data-end=\"714\">Ersetzt OEM:<\/strong> Volvo Penta 875783 (Nicht-Originalteil)<br data-start=\"752\" data-end=\"755\">???? <strong data-start=\"758\" data-end=\"771\">Enth\u00e4lt:<\/strong> Thermostat und Dichtung(en)<\/p>\n<hr data-start=\"798\" data-end=\"801\">\n<p><a href=\"https:\/\/mps.digital-monkey.in\/product\/thermostaat-kit-volvo-penta-875783\/\">OEM: Klicken Sie hier<\/a><\/p>\n<p>&nbsp;<\/p>\n","protected":false},"excerpt":{"rendered":"<p>Thermostat-Kit f\u00fcr Volvo Penta MD5 - 875783 Dieses hochwertige Aftermarket-Thermostat-Kit (Teilenummer 875783) ist ein direkter Ersatz f\u00fcr Volvo Penta-Dieselmotoren der MD5-Serie. Es hilft bei der Regulierung der Motortemperatur und sorgt f\u00fcr eine zuverl\u00e4ssige Leistung unter anspruchsvollen maritimen Bedingungen. Geeignet f\u00fcr Volvo Penta Motormodelle: MD5A MD5B MD5C Wichtige Merkmale: Hochwertiger Ersatz f\u00fcr das Volvo Penta Teil [&hellip;]<\/p>\n","protected":false},"featured_media":27605,"comment_status":"open","ping_status":"closed","template":"","meta":[],"product_brand":[4230],"product_cat":[2498,3294,4308,4309,4357,4526],"product_tag":[],"class_list":{"0":"post-33482","1":"product","2":"type-product","3":"status-publish","4":"has-post-thumbnail","6":"product_brand-volvo-penta","7":"product_cat-ersatzteile-fur-motoren","8":"product_cat-thermostate","9":"product_cat-volvo-penta","10":"product_cat-volvo-penta-md-serie","11":"product_cat-volvo-penta-md5","12":"product_cat-volvo-penta-service-teile","14":"first","15":"instock","16":"taxable","17":"shipping-taxable","18":"purchasable","19":"product-type-simple"},"supplier_id":7294,"supplier_sku":"","barcode":null,"atum_controlled":true,"out_stock_date":null,"out_stock_threshold":null,"inheritable":false,"inbound_stock":0,"stock_on_hold":0,"sold_today":0,"sales_last_days":0,"reserved_stock":0,"customer_returns":0,"warehouse_damage":0,"lost_in_post":0,"other_logs":0,"out_stock_days":0,"lost_sales":0,"has_location":false,"update_date":"2025-10-29T10:49:50","atum_locations":[],"atum_stock_status":"instock","restock_status":false,"low_stock_amount":1,"sales_update_date":"2025-10-22T14:36:35","calc_backorders":0,"_links":{"self":[{"href":"https:\/\/mps.digital-monkey.in\/de\/wp-json\/wp\/v2\/product\/33482","targetHints":{"allow":["GET"]}}],"collection":[{"href":"https:\/\/mps.digital-monkey.in\/de\/wp-json\/wp\/v2\/product"}],"about":[{"href":"https:\/\/mps.digital-monkey.in\/de\/wp-json\/wp\/v2\/types\/product"}],"replies":[{"embeddable":true,"href":"https:\/\/mps.digital-monkey.in\/de\/wp-json\/wp\/v2\/comments?post=33482"}],"wp:featuredmedia":[{"embeddable":true,"href":"https:\/\/mps.digital-monkey.in\/de\/wp-json\/wp\/v2\/media\/27605"}],"wp:attachment":[{"href":"https:\/\/mps.digital-monkey.in\/de\/wp-json\/wp\/v2\/media?parent=33482"}],"wp:term":[{"taxonomy":"product_brand","embeddable":true,"href":"https:\/\/mps.digital-monkey.in\/de\/wp-json\/wp\/v2\/product_brand?post=33482"},{"taxonomy":"product_cat","embeddable":true,"href":"https:\/\/mps.digital-monkey.in\/de\/wp-json\/wp\/v2\/product_cat?post=33482"},{"taxonomy":"product_tag","embeddable":true,"href":"https:\/\/mps.digital-monkey.in\/de\/wp-json\/wp\/v2\/product_tag?post=33482"}],"curies":[{"name":"wp","href":"https:\/\/api.w.org\/{rel}","templated":true}]}}