{"id":33494,"date":"2025-06-17T13:45:15","date_gmt":"2025-06-17T13:45:15","guid":{"rendered":"https:\/\/mps.digital-monkey.in\/product\/auspuffkruemmer-mischkruemmer-edelstahl-yanmar-128370-13550\/"},"modified":"2026-01-16T11:24:45","modified_gmt":"2026-01-16T11:24:45","slug":"auspuffkruemmer-mischkruemmer-edelstahl-yanmar-128370-13550","status":"publish","type":"product","link":"https:\/\/mps.digital-monkey.in\/de\/product\/auspuffkruemmer-mischkruemmer-edelstahl-yanmar-128370-13550\/","title":{"rendered":"Auspuffkr\u00fcmmer Mischkr\u00fcmmer Edelstahl Yanmar 128370-13550"},"content":{"rendered":"<h4><strong>Auspuffkr\u00fcmmer Mischkr\u00fcmmer Edelstahl Yanmar 128370-13550<\/strong><\/h4>\n<p>F\u00fcr:<\/p>\n<p>3GM30, 3GM30B, 3GM30C, 3GM30VE<br \/>\n3HM35<\/p>\n<p><strong>Nicht geeignet f\u00fcr indirekt gek\u00fchlte Motoren!!<\/strong><\/p>\n<p><strong> <\/strong><\/p>\n<p><strong>Dies ist kein Originalprodukt von Yanmar (AFTERMARKET).<\/strong><\/p>\n<p><strong>H\u00e4lt (mehr als 10 Jahre) l\u00e4nger als Ihr gusseiserner Auspuffkr\u00fcmmer.<\/strong><\/p>\n<p><strong> <\/strong><\/p>\n<p>&nbsp;<\/p>\n","protected":false},"excerpt":{"rendered":"<p>Auspuffkr\u00fcmmer Mischkr\u00fcmmer Edelstahl Yanmar 128370-13550 F\u00fcr: 3GM30, 3GM30B, 3GM30C, 3GM30VE 3HM35 Nicht geeignet f\u00fcr indirekt gek\u00fchlte Motoren!! Dies ist kein Originalprodukt von Yanmar (AFTERMARKET). H\u00e4lt (mehr als 10 Jahre) l\u00e4nger als Ihr gusseiserner Auspuffkr\u00fcmmer. &nbsp;<\/p>\n","protected":false},"featured_media":33495,"comment_status":"open","ping_status":"closed","template":"","meta":[],"product_brand":[4236],"product_cat":[4443,3207,3208,2532,4441],"product_tag":[],"class_list":{"0":"post-33494","1":"product","2":"type-product","3":"status-publish","4":"has-post-thumbnail","6":"product_brand-yanmar","7":"product_cat-3gm-3gm30-teile","8":"product_cat-auspuffanlagen","9":"product_cat-auspuffkrummer","10":"product_cat-motorenteile","11":"product_cat-yanmar","12":"pa_condition-neu","13":"pa_model-3gm30","14":"pa_model-3gm30b","15":"pa_model-3gm30c","16":"pa_model-3gm30ve","17":"pa_model-3hm35","18":"pa_oem-or-aftermarket-aftermarket","20":"first","21":"instock","22":"taxable","23":"shipping-taxable","24":"purchasable","25":"product-type-simple"},"supplier_id":7294,"supplier_sku":"REC128370-13550","barcode":null,"atum_controlled":true,"out_stock_date":null,"out_stock_threshold":null,"inheritable":false,"inbound_stock":0,"stock_on_hold":0,"sold_today":0,"sales_last_days":0,"reserved_stock":0,"customer_returns":0,"warehouse_damage":0,"lost_in_post":0,"other_logs":0,"out_stock_days":0,"lost_sales":0,"has_location":false,"update_date":"2026-03-20T13:50:51","atum_locations":[],"atum_stock_status":"instock","restock_status":false,"low_stock_amount":1,"sales_update_date":"2026-03-20T13:50:51","calc_backorders":0,"_links":{"self":[{"href":"https:\/\/mps.digital-monkey.in\/de\/wp-json\/wp\/v2\/product\/33494","targetHints":{"allow":["GET"]}}],"collection":[{"href":"https:\/\/mps.digital-monkey.in\/de\/wp-json\/wp\/v2\/product"}],"about":[{"href":"https:\/\/mps.digital-monkey.in\/de\/wp-json\/wp\/v2\/types\/product"}],"replies":[{"embeddable":true,"href":"https:\/\/mps.digital-monkey.in\/de\/wp-json\/wp\/v2\/comments?post=33494"}],"wp:featuredmedia":[{"embeddable":true,"href":"https:\/\/mps.digital-monkey.in\/de\/wp-json\/wp\/v2\/media\/33495"}],"wp:attachment":[{"href":"https:\/\/mps.digital-monkey.in\/de\/wp-json\/wp\/v2\/media?parent=33494"}],"wp:term":[{"taxonomy":"product_brand","embeddable":true,"href":"https:\/\/mps.digital-monkey.in\/de\/wp-json\/wp\/v2\/product_brand?post=33494"},{"taxonomy":"product_cat","embeddable":true,"href":"https:\/\/mps.digital-monkey.in\/de\/wp-json\/wp\/v2\/product_cat?post=33494"},{"taxonomy":"product_tag","embeddable":true,"href":"https:\/\/mps.digital-monkey.in\/de\/wp-json\/wp\/v2\/product_tag?post=33494"}],"curies":[{"name":"wp","href":"https:\/\/api.w.org\/{rel}","templated":true}]}}