{"id":33519,"date":"2025-06-17T13:45:15","date_gmt":"2025-06-17T13:45:15","guid":{"rendered":"https:\/\/mps.digital-monkey.in\/product\/impeller-bausatz-yanmar-128176-42090\/"},"modified":"2026-03-20T14:03:30","modified_gmt":"2026-03-20T14:03:30","slug":"impeller-bausatz-yanmar-128176-42090","status":"publish","type":"product","link":"https:\/\/mps.digital-monkey.in\/de\/produkt\/impeller-bausatz-yanmar-128176-42090\/","title":{"rendered":"Impeller Bausatz Yanmar 128176-42090"},"content":{"rendered":"<p><strong>Impeller Bausatz<\/strong> f\u00fcr den 1GM &amp; 1GM10, einschlie\u00dflich des Laufrads mit Dichtung (vorher 128176-42080).<\/p>\n<p>Das einzelne Laufrad 128176-42071 ist nicht mehr verf\u00fcgbar.<\/p>\n<ul>\n<li>1GM 7,5HP, 1GM10 9HP<\/li>\n<\/ul>\n","protected":false},"excerpt":{"rendered":"<p>Impeller Bausatz f\u00fcr den 1GM &amp; 1GM10, einschlie\u00dflich des Laufrads mit Dichtung (vorher 128176-42080). Das einzelne Laufrad 128176-42071 ist nicht mehr verf\u00fcgbar. 1GM 7,5HP, 1GM10 9HP<\/p>\n","protected":false},"featured_media":33520,"comment_status":"open","ping_status":"closed","template":"","meta":[],"product_brand":[4236],"product_cat":[4452,2498,3027,4441,4559,4531],"product_tag":[],"class_list":{"0":"post-33519","1":"product","2":"type-product","3":"status-publish","4":"has-post-thumbnail","6":"product_brand-yanmar","7":"product_cat-1gm-1gm10-teile","8":"product_cat-ersatzteile-fur-motoren","9":"product_cat-impeller","10":"product_cat-yanmar","11":"product_cat-yanmar-impellers","12":"product_cat-yanmar-service-teile","13":"pa_condition-neu","14":"pa_model-1gm","15":"pa_model-1gm10","16":"pa_model-1gm10c","17":"pa_oem-or-aftermarket-oem","19":"first","20":"instock","21":"taxable","22":"shipping-taxable","23":"purchasable","24":"product-type-simple"},"supplier_id":32143,"supplier_sku":"","barcode":null,"atum_controlled":true,"out_stock_date":null,"out_stock_threshold":null,"inheritable":false,"inbound_stock":0,"stock_on_hold":1,"sold_today":0,"sales_last_days":0,"reserved_stock":0,"customer_returns":0,"warehouse_damage":0,"lost_in_post":0,"other_logs":0,"out_stock_days":0,"lost_sales":0,"has_location":false,"update_date":"2026-03-20T14:04:42","atum_locations":[],"atum_stock_status":"instock","restock_status":false,"low_stock_amount":"","sales_update_date":"2026-03-20T13:50:51","calc_backorders":0,"_links":{"self":[{"href":"https:\/\/mps.digital-monkey.in\/de\/wp-json\/wp\/v2\/product\/33519","targetHints":{"allow":["GET"]}}],"collection":[{"href":"https:\/\/mps.digital-monkey.in\/de\/wp-json\/wp\/v2\/product"}],"about":[{"href":"https:\/\/mps.digital-monkey.in\/de\/wp-json\/wp\/v2\/types\/product"}],"replies":[{"embeddable":true,"href":"https:\/\/mps.digital-monkey.in\/de\/wp-json\/wp\/v2\/comments?post=33519"}],"wp:featuredmedia":[{"embeddable":true,"href":"https:\/\/mps.digital-monkey.in\/de\/wp-json\/wp\/v2\/media\/33520"}],"wp:attachment":[{"href":"https:\/\/mps.digital-monkey.in\/de\/wp-json\/wp\/v2\/media?parent=33519"}],"wp:term":[{"taxonomy":"product_brand","embeddable":true,"href":"https:\/\/mps.digital-monkey.in\/de\/wp-json\/wp\/v2\/product_brand?post=33519"},{"taxonomy":"product_cat","embeddable":true,"href":"https:\/\/mps.digital-monkey.in\/de\/wp-json\/wp\/v2\/product_cat?post=33519"},{"taxonomy":"product_tag","embeddable":true,"href":"https:\/\/mps.digital-monkey.in\/de\/wp-json\/wp\/v2\/product_tag?post=33519"}],"curies":[{"name":"wp","href":"https:\/\/api.w.org\/{rel}","templated":true}]}}