{"id":33528,"date":"2025-06-17T13:45:39","date_gmt":"2025-06-17T13:45:39","guid":{"rendered":"https:\/\/mps.digital-monkey.in\/product\/ellebogen-200\/"},"modified":"2025-11-24T10:14:36","modified_gmt":"2025-11-24T10:14:36","slug":"ellebogen-200","status":"publish","type":"product","link":"https:\/\/mps.digital-monkey.in\/de\/product\/ellebogen-200\/","title":{"rendered":"Ellebogen 200 Marine Motorhalterung &#8211; 129470-08350"},"content":{"rendered":"<h2 data-start=\"193\" data-end=\"260\"><strong data-start=\"196\" data-end=\"258\">Ellebogen 200 Marine Motorhalterung &#8211; Referenz 129470-08350<\/strong><\/h2>\n<p data-start=\"262\" data-end=\"556\">Der <strong data-start=\"266\" data-end=\"303\">Ellebogen 200 Marinemotortr\u00e4ger<\/strong> (Referenz <strong data-start=\"315\" data-end=\"331\">129470-08350<\/strong>) ist ein hochbelastbarer Motortr\u00e4ger, der f\u00fcr gr\u00f6\u00dfere Yanmar Marinemotoren entwickelt wurde. Er ist auf Langlebigkeit und Vibrationsd\u00e4mpfung ausgelegt und gew\u00e4hrleistet einen stabilen Motorbetrieb und eine lang anhaltende Leistung in anspruchsvollen Meeresumgebungen.<\/p>\n<hr data-start=\"558\" data-end=\"561\">\n<h3 data-start=\"563\" data-end=\"607\"><strong data-start=\"567\" data-end=\"607\">Kompatible Motoren und Montagepositionen<\/strong><\/h3>\n<p data-start=\"609\" data-end=\"639\"><strong data-start=\"609\" data-end=\"637\">Vordere und hintere Hafenmontage:<\/strong><\/p>\n<ul data-start=\"640\" data-end=\"801\">\n<li data-start=\"640\" data-end=\"801\">\n<p data-start=\"642\" data-end=\"801\">4JH-E, 4JH-TE, 4JH-HTE, 4JH-DTE, 4JH2, 4JH2E, 4JH2TE, 4JH2BE, 4JH2TBE, 4JH2HTE, 4JH2DTE, 4JH2UTBE, 4JH2UTE, 4JH3E, 4JH4, 4JH4-E, 4JH4-AE, 4JH5E, 4JH45, 4JH57<\/p>\n<\/li>\n<\/ul>\n<p data-start=\"803\" data-end=\"828\"><strong data-start=\"803\" data-end=\"826\">Front- und Heckmontage:<\/strong><\/p>\n<ul data-start=\"829\" data-end=\"896\">\n<li data-start=\"829\" data-end=\"896\">\n<p data-start=\"831\" data-end=\"896\">4JH3-TE, 4JH3-HTE, 4JH3-DTE, 4JH4-TE, 4JH4-HTE, 4JH80*, 4JH110*<\/p>\n<\/li>\n<\/ul>\n<hr data-start=\"898\" data-end=\"901\">\n<h3 data-start=\"903\" data-end=\"935\"><strong data-start=\"907\" data-end=\"935\">Technische Daten<\/strong><\/h3>\n<ul data-start=\"936\" data-end=\"1230\">\n<li data-start=\"936\" data-end=\"1003\">\n<p data-start=\"938\" data-end=\"1003\"><strong data-start=\"938\" data-end=\"960\">Referenz-Nummern:<\/strong> 129470-08350, 129670-08351, 129670-08350<\/p>\n<\/li>\n<li data-start=\"1004\" data-end=\"1037\">\n<p data-start=\"1006\" data-end=\"1037\"><strong data-start=\"1006\" data-end=\"1031\">Indikation auf Gummi:<\/strong> 200<\/p>\n<\/li>\n<li data-start=\"1038\" data-end=\"1073\">\n<p data-start=\"1040\" data-end=\"1073\"><strong data-start=\"1040\" data-end=\"1064\">Maximale statische Belastung:<\/strong> 150 kg<\/p>\n<\/li>\n<li data-start=\"1074\" data-end=\"1154\">\n<p data-start=\"1076\" data-end=\"1154\"><strong data-start=\"1076\" data-end=\"1096\">Montagepositionen:<\/strong> Vorne und hinten, Backbord oder Steuerbord (je nach Motor)<\/p>\n<\/li>\n<li data-start=\"1155\" data-end=\"1230\">\n<p data-start=\"1157\" data-end=\"1230\"><strong data-start=\"1157\" data-end=\"1170\">Funktion:<\/strong> Starke Vibrationsd\u00e4mpfung und sichere Motorabst\u00fctzung<\/p>\n<\/li>\n<\/ul>\n<hr data-start=\"1232\" data-end=\"1235\">\n<h3 data-start=\"1237\" data-end=\"1257\"><strong data-start=\"1241\" data-end=\"1257\">Wesentliche Merkmale<\/strong><\/h3>\n<ul data-start=\"1258\" data-end=\"1551\">\n<li data-start=\"1258\" data-end=\"1326\">\n<p data-start=\"1260\" data-end=\"1326\">Strapazierf\u00e4hige Gummikonstruktion f\u00fcr hervorragende Vibrationsd\u00e4mpfung.<\/p>\n<\/li>\n<li data-start=\"1327\" data-end=\"1389\">\n<p data-start=\"1329\" data-end=\"1389\">Entwickelt f\u00fcr gr\u00f6\u00dfere Yanmar-Motoren mit hoher statischer Belastung.<\/p>\n<\/li>\n<li data-start=\"1390\" data-end=\"1440\">\n<p data-start=\"1392\" data-end=\"1440\">Direkter Ersatz f\u00fcr die originalen Yanmar-Halterungen.<\/p>\n<\/li>\n<li data-start=\"1441\" data-end=\"1497\">\n<p data-start=\"1443\" data-end=\"1497\">Strapazierf\u00e4hig und langlebig unter rauen Meeresbedingungen.<\/p>\n<\/li>\n<li data-start=\"1498\" data-end=\"1551\">\n<p data-start=\"1500\" data-end=\"1551\">Einfache Installation f\u00fcr Wartung oder Austausch.<\/p>\n<\/li>\n<\/ul>\n<p>&nbsp;<\/p>\n<h2 data-start=\"293\" data-end=\"347\"><strong data-start=\"296\" data-end=\"347\">Ellebogen 200 Marine Motorhalterung Kompatibilit\u00e4t<\/strong><\/h2>\n<p data-start=\"349\" data-end=\"444\"><strong data-start=\"349\" data-end=\"363\">Referenz:<\/strong> 129470-08350<br data-start=\"376\" data-end=\"379\"><strong data-start=\"379\" data-end=\"404\">Angabe auf Gummi:<\/strong> 200<br data-start=\"408\" data-end=\"411\"><strong data-start=\"411\" data-end=\"435\">Maximale statische Belastung:<\/strong> 150 kg<\/p>\n<div class=\"_tableContainer_1rjym_1\">\n<div class=\"group _tableWrapper_1rjym_13 flex w-fit flex-col-reverse\" tabindex=\"-1\">\n<table class=\"w-fit min-w-(--thread-content-width)\" data-start=\"446\" data-end=\"2650\">\n<thead data-start=\"446\" data-end=\"522\">\n<tr data-start=\"446\" data-end=\"522\">\n<th data-start=\"446\" data-end=\"461\" data-col-size=\"sm\">Motor Modell<\/th>\n<th data-start=\"461\" data-end=\"473\" data-col-size=\"sm\">Backbord hinten<\/th>\n<th data-start=\"473\" data-end=\"490\" data-col-size=\"sm\">Heck Steuerbord<\/th>\n<th data-start=\"490\" data-end=\"503\" data-col-size=\"sm\">Backbord vorne<\/th>\n<th data-start=\"503\" data-end=\"522\" data-col-size=\"sm\">Vorne Steuerbord<\/th>\n<\/tr>\n<\/thead>\n<tbody data-start=\"599\" data-end=\"2650\">\n<tr data-start=\"599\" data-end=\"674\">\n<td data-start=\"599\" data-end=\"614\" data-col-size=\"sm\">4JH-E<\/td>\n<td data-start=\"614\" data-end=\"626\" data-col-size=\"sm\">\u2713<\/td>\n<td data-start=\"626\" data-end=\"643\" data-col-size=\"sm\"><\/td>\n<td data-start=\"643\" data-end=\"655\" data-col-size=\"sm\">\u2713<\/td>\n<td data-start=\"655\" data-end=\"674\" data-col-size=\"sm\"><\/td>\n<\/tr>\n<tr data-start=\"675\" data-end=\"750\">\n<td data-start=\"675\" data-end=\"690\" data-col-size=\"sm\">4JH-TE<\/td>\n<td data-start=\"690\" data-end=\"702\" data-col-size=\"sm\">\u2713<\/td>\n<td data-start=\"702\" data-end=\"719\" data-col-size=\"sm\"><\/td>\n<td data-start=\"719\" data-end=\"731\" data-col-size=\"sm\">\u2713<\/td>\n<td data-start=\"731\" data-end=\"750\" data-col-size=\"sm\"><\/td>\n<\/tr>\n<tr data-start=\"751\" data-end=\"826\">\n<td data-start=\"751\" data-end=\"766\" data-col-size=\"sm\">4JH-HTE<\/td>\n<td data-start=\"766\" data-end=\"778\" data-col-size=\"sm\">\u2713<\/td>\n<td data-start=\"778\" data-end=\"795\" data-col-size=\"sm\"><\/td>\n<td data-start=\"795\" data-end=\"807\" data-col-size=\"sm\">\u2713<\/td>\n<td data-start=\"807\" data-end=\"826\" data-col-size=\"sm\"><\/td>\n<\/tr>\n<tr data-start=\"827\" data-end=\"902\">\n<td data-start=\"827\" data-end=\"842\" data-col-size=\"sm\">4JH-DTE<\/td>\n<td data-start=\"842\" data-end=\"854\" data-col-size=\"sm\">\u2713<\/td>\n<td data-start=\"854\" data-end=\"871\" data-col-size=\"sm\"><\/td>\n<td data-start=\"871\" data-end=\"883\" data-col-size=\"sm\">\u2713<\/td>\n<td data-start=\"883\" data-end=\"902\" data-col-size=\"sm\"><\/td>\n<\/tr>\n<tr data-start=\"903\" data-end=\"978\">\n<td data-start=\"903\" data-end=\"918\" data-col-size=\"sm\">4JH2<\/td>\n<td data-start=\"918\" data-end=\"930\" data-col-size=\"sm\">\u2713<\/td>\n<td data-start=\"930\" data-end=\"947\" data-col-size=\"sm\"><\/td>\n<td data-start=\"947\" data-end=\"959\" data-col-size=\"sm\">\u2713<\/td>\n<td data-start=\"959\" data-end=\"978\" data-col-size=\"sm\"><\/td>\n<\/tr>\n<tr data-start=\"979\" data-end=\"1054\">\n<td data-start=\"979\" data-end=\"994\" data-col-size=\"sm\">4JH2E<\/td>\n<td data-start=\"994\" data-end=\"1006\" data-col-size=\"sm\">\u2713<\/td>\n<td data-start=\"1006\" data-end=\"1023\" data-col-size=\"sm\"><\/td>\n<td data-start=\"1023\" data-end=\"1035\" data-col-size=\"sm\">\u2713<\/td>\n<td data-start=\"1035\" data-end=\"1054\" data-col-size=\"sm\"><\/td>\n<\/tr>\n<tr data-start=\"1055\" data-end=\"1130\">\n<td data-start=\"1055\" data-end=\"1070\" data-col-size=\"sm\">4JH2TE<\/td>\n<td data-start=\"1070\" data-end=\"1082\" data-col-size=\"sm\">\u2713<\/td>\n<td data-start=\"1082\" data-end=\"1099\" data-col-size=\"sm\"><\/td>\n<td data-start=\"1099\" data-end=\"1111\" data-col-size=\"sm\">\u2713<\/td>\n<td data-start=\"1111\" data-end=\"1130\" data-col-size=\"sm\"><\/td>\n<\/tr>\n<tr data-start=\"1131\" data-end=\"1206\">\n<td data-start=\"1131\" data-end=\"1146\" data-col-size=\"sm\">4JH2BE<\/td>\n<td data-start=\"1146\" data-end=\"1158\" data-col-size=\"sm\">\u2713<\/td>\n<td data-start=\"1158\" data-end=\"1175\" data-col-size=\"sm\"><\/td>\n<td data-start=\"1175\" data-end=\"1187\" data-col-size=\"sm\">\u2713<\/td>\n<td data-start=\"1187\" data-end=\"1206\" data-col-size=\"sm\"><\/td>\n<\/tr>\n<tr data-start=\"1207\" data-end=\"1282\">\n<td data-start=\"1207\" data-end=\"1222\" data-col-size=\"sm\">4JH2TBE<\/td>\n<td data-start=\"1222\" data-end=\"1234\" data-col-size=\"sm\">\u2713<\/td>\n<td data-start=\"1234\" data-end=\"1251\" data-col-size=\"sm\"><\/td>\n<td data-start=\"1251\" data-end=\"1263\" data-col-size=\"sm\">\u2713<\/td>\n<td data-start=\"1263\" data-end=\"1282\" data-col-size=\"sm\"><\/td>\n<\/tr>\n<tr data-start=\"1283\" data-end=\"1358\">\n<td data-start=\"1283\" data-end=\"1298\" data-col-size=\"sm\">4JH2HTE<\/td>\n<td data-start=\"1298\" data-end=\"1310\" data-col-size=\"sm\">\u2713<\/td>\n<td data-start=\"1310\" data-end=\"1327\" data-col-size=\"sm\"><\/td>\n<td data-start=\"1327\" data-end=\"1339\" data-col-size=\"sm\">\u2713<\/td>\n<td data-start=\"1339\" data-end=\"1358\" data-col-size=\"sm\"><\/td>\n<\/tr>\n<tr data-start=\"1359\" data-end=\"1434\">\n<td data-start=\"1359\" data-end=\"1374\" data-col-size=\"sm\">4JH2DTE<\/td>\n<td data-start=\"1374\" data-end=\"1386\" data-col-size=\"sm\">\u2713<\/td>\n<td data-start=\"1386\" data-end=\"1403\" data-col-size=\"sm\"><\/td>\n<td data-start=\"1403\" data-end=\"1415\" data-col-size=\"sm\">\u2713<\/td>\n<td data-start=\"1415\" data-end=\"1434\" data-col-size=\"sm\"><\/td>\n<\/tr>\n<tr data-start=\"1435\" data-end=\"1510\">\n<td data-start=\"1435\" data-end=\"1450\" data-col-size=\"sm\">4JH2UTBE<\/td>\n<td data-start=\"1450\" data-end=\"1462\" data-col-size=\"sm\">\u2713<\/td>\n<td data-start=\"1462\" data-end=\"1479\" data-col-size=\"sm\"><\/td>\n<td data-start=\"1479\" data-end=\"1491\" data-col-size=\"sm\">\u2713<\/td>\n<td data-start=\"1491\" data-end=\"1510\" data-col-size=\"sm\"><\/td>\n<\/tr>\n<tr data-start=\"1511\" data-end=\"1586\">\n<td data-start=\"1511\" data-end=\"1526\" data-col-size=\"sm\">4JH2UTE<\/td>\n<td data-start=\"1526\" data-end=\"1538\" data-col-size=\"sm\">\u2713<\/td>\n<td data-start=\"1538\" data-end=\"1555\" data-col-size=\"sm\"><\/td>\n<td data-start=\"1555\" data-end=\"1567\" data-col-size=\"sm\">\u2713<\/td>\n<td data-start=\"1567\" data-end=\"1586\" data-col-size=\"sm\"><\/td>\n<\/tr>\n<tr data-start=\"1587\" data-end=\"1662\">\n<td data-start=\"1587\" data-end=\"1602\" data-col-size=\"sm\">4JH3E<\/td>\n<td data-start=\"1602\" data-end=\"1614\" data-col-size=\"sm\">\u2713<\/td>\n<td data-start=\"1614\" data-end=\"1631\" data-col-size=\"sm\"><\/td>\n<td data-start=\"1631\" data-end=\"1643\" data-col-size=\"sm\">\u2713<\/td>\n<td data-start=\"1643\" data-end=\"1662\" data-col-size=\"sm\"><\/td>\n<\/tr>\n<tr data-start=\"1663\" data-end=\"1738\">\n<td data-start=\"1663\" data-end=\"1678\" data-col-size=\"sm\">4JH4<\/td>\n<td data-start=\"1678\" data-end=\"1690\" data-col-size=\"sm\">\u2713<\/td>\n<td data-start=\"1690\" data-end=\"1707\" data-col-size=\"sm\"><\/td>\n<td data-start=\"1707\" data-end=\"1719\" data-col-size=\"sm\">\u2713<\/td>\n<td data-start=\"1719\" data-end=\"1738\" data-col-size=\"sm\"><\/td>\n<\/tr>\n<tr data-start=\"1739\" data-end=\"1814\">\n<td data-start=\"1739\" data-end=\"1754\" data-col-size=\"sm\">4JH4-E<\/td>\n<td data-start=\"1754\" data-end=\"1766\" data-col-size=\"sm\">\u2713<\/td>\n<td data-start=\"1766\" data-end=\"1783\" data-col-size=\"sm\"><\/td>\n<td data-start=\"1783\" data-end=\"1795\" data-col-size=\"sm\">\u2713<\/td>\n<td data-start=\"1795\" data-end=\"1814\" data-col-size=\"sm\"><\/td>\n<\/tr>\n<tr data-start=\"1815\" data-end=\"1890\">\n<td data-start=\"1815\" data-end=\"1830\" data-col-size=\"sm\">4JH4-AE<\/td>\n<td data-start=\"1830\" data-end=\"1842\" data-col-size=\"sm\">\u2713<\/td>\n<td data-start=\"1842\" data-end=\"1859\" data-col-size=\"sm\"><\/td>\n<td data-start=\"1859\" data-end=\"1871\" data-col-size=\"sm\">\u2713<\/td>\n<td data-start=\"1871\" data-end=\"1890\" data-col-size=\"sm\"><\/td>\n<\/tr>\n<tr data-start=\"1891\" data-end=\"1966\">\n<td data-start=\"1891\" data-end=\"1906\" data-col-size=\"sm\">4JH5E<\/td>\n<td data-start=\"1906\" data-end=\"1918\" data-col-size=\"sm\">\u2713<\/td>\n<td data-start=\"1918\" data-end=\"1935\" data-col-size=\"sm\"><\/td>\n<td data-start=\"1935\" data-end=\"1947\" data-col-size=\"sm\">\u2713<\/td>\n<td data-start=\"1947\" data-end=\"1966\" data-col-size=\"sm\"><\/td>\n<\/tr>\n<tr data-start=\"1967\" data-end=\"2042\">\n<td data-start=\"1967\" data-end=\"1982\" data-col-size=\"sm\">4JH45<\/td>\n<td data-start=\"1982\" data-end=\"1994\" data-col-size=\"sm\">\u2713<\/td>\n<td data-start=\"1994\" data-end=\"2011\" data-col-size=\"sm\"><\/td>\n<td data-start=\"2011\" data-end=\"2023\" data-col-size=\"sm\">\u2713<\/td>\n<td data-start=\"2023\" data-end=\"2042\" data-col-size=\"sm\"><\/td>\n<\/tr>\n<tr data-start=\"2043\" data-end=\"2118\">\n<td data-start=\"2043\" data-end=\"2058\" data-col-size=\"sm\">4JH57<\/td>\n<td data-start=\"2058\" data-end=\"2070\" data-col-size=\"sm\">\u2713<\/td>\n<td data-start=\"2070\" data-end=\"2087\" data-col-size=\"sm\"><\/td>\n<td data-start=\"2087\" data-end=\"2099\" data-col-size=\"sm\">\u2713<\/td>\n<td data-start=\"2099\" data-end=\"2118\" data-col-size=\"sm\"><\/td>\n<\/tr>\n<tr data-start=\"2119\" data-end=\"2194\">\n<td data-start=\"2119\" data-end=\"2134\" data-col-size=\"sm\">4JH3-TE<\/td>\n<td data-start=\"2134\" data-end=\"2146\" data-col-size=\"sm\">\u2713<\/td>\n<td data-start=\"2146\" data-end=\"2163\" data-col-size=\"sm\">\u2713<\/td>\n<td data-start=\"2163\" data-end=\"2175\" data-col-size=\"sm\">\u2713<\/td>\n<td data-start=\"2175\" data-end=\"2194\" data-col-size=\"sm\">\u2713<\/td>\n<\/tr>\n<tr data-start=\"2195\" data-end=\"2270\">\n<td data-start=\"2195\" data-end=\"2210\" data-col-size=\"sm\">4JH3-HTE<\/td>\n<td data-start=\"2210\" data-end=\"2222\" data-col-size=\"sm\">\u2713<\/td>\n<td data-start=\"2222\" data-end=\"2239\" data-col-size=\"sm\">\u2713<\/td>\n<td data-start=\"2239\" data-end=\"2251\" data-col-size=\"sm\">\u2713<\/td>\n<td data-start=\"2251\" data-end=\"2270\" data-col-size=\"sm\">\u2713<\/td>\n<\/tr>\n<tr data-start=\"2271\" data-end=\"2346\">\n<td data-start=\"2271\" data-end=\"2286\" data-col-size=\"sm\">4JH3-DTE<\/td>\n<td data-start=\"2286\" data-end=\"2298\" data-col-size=\"sm\">\u2713<\/td>\n<td data-start=\"2298\" data-end=\"2315\" data-col-size=\"sm\">\u2713<\/td>\n<td data-start=\"2315\" data-end=\"2327\" data-col-size=\"sm\">\u2713<\/td>\n<td data-start=\"2327\" data-end=\"2346\" data-col-size=\"sm\">\u2713<\/td>\n<\/tr>\n<tr data-start=\"2347\" data-end=\"2422\">\n<td data-start=\"2347\" data-end=\"2362\" data-col-size=\"sm\">4JH4-TE<\/td>\n<td data-start=\"2362\" data-end=\"2374\" data-col-size=\"sm\">\u2713<\/td>\n<td data-start=\"2374\" data-end=\"2391\" data-col-size=\"sm\">\u2713<\/td>\n<td data-start=\"2391\" data-end=\"2403\" data-col-size=\"sm\">\u2713<\/td>\n<td data-start=\"2403\" data-end=\"2422\" data-col-size=\"sm\">\u2713<\/td>\n<\/tr>\n<tr data-start=\"2423\" data-end=\"2498\">\n<td data-start=\"2423\" data-end=\"2438\" data-col-size=\"sm\">4JH4-HTE<\/td>\n<td data-start=\"2438\" data-end=\"2450\" data-col-size=\"sm\">\u2713<\/td>\n<td data-start=\"2450\" data-end=\"2467\" data-col-size=\"sm\">\u2713<\/td>\n<td data-start=\"2467\" data-end=\"2479\" data-col-size=\"sm\">\u2713<\/td>\n<td data-start=\"2479\" data-end=\"2498\" data-col-size=\"sm\">\u2713<\/td>\n<\/tr>\n<tr data-start=\"2499\" data-end=\"2574\">\n<td data-start=\"2499\" data-end=\"2514\" data-col-size=\"sm\">4JH80*<\/td>\n<td data-start=\"2514\" data-end=\"2526\" data-col-size=\"sm\">\u2713<\/td>\n<td data-start=\"2526\" data-end=\"2543\" data-col-size=\"sm\">\u2713<\/td>\n<td data-start=\"2543\" data-end=\"2555\" data-col-size=\"sm\">\u2713<\/td>\n<td data-start=\"2555\" data-end=\"2574\" data-col-size=\"sm\">\u2713<\/td>\n<\/tr>\n<tr data-start=\"2575\" data-end=\"2650\">\n<td data-start=\"2575\" data-end=\"2590\" data-col-size=\"sm\">4JH110*<\/td>\n<td data-start=\"2590\" data-end=\"2602\" data-col-size=\"sm\">\u2713<\/td>\n<td data-start=\"2602\" data-end=\"2619\" data-col-size=\"sm\">\u2713<\/td>\n<td data-start=\"2619\" data-end=\"2631\" data-col-size=\"sm\">\u2713<\/td>\n<td data-start=\"2631\" data-end=\"2650\" data-col-size=\"sm\">\u2713<\/td>\n<\/tr>\n<\/tbody>\n<\/table>\n<\/div>\n<\/div>\n<hr data-start=\"2652\" data-end=\"2655\">\n<h3 data-start=\"2657\" data-end=\"2669\">\u2705 Anmerkungen:<\/h3>\n<ul data-start=\"2670\" data-end=\"2890\">\n<li data-start=\"2670\" data-end=\"2744\">\n<p data-start=\"2672\" data-end=\"2744\">Pr\u00fcfen Sie die Seriennummer\/Modell des Motors sorgf\u00e4ltig, um die korrekte Positionierung der Halterung sicherzustellen.<\/p>\n<\/li>\n<li data-start=\"2745\" data-end=\"2801\">\n<p data-start=\"2747\" data-end=\"2801\">&#8222;\u2713&#8220; bedeutet Kompatibilit\u00e4t f\u00fcr diese Montageposition.<\/p>\n<\/li>\n<li data-start=\"2802\" data-end=\"2890\">\n<p data-start=\"2804\" data-end=\"2890\">Geeignet f\u00fcr die Montage <strong data-start=\"2817\" data-end=\"2858\">vorne\/hinten Backbord, vorne\/hinten Steuerbord<\/strong>, je nach Motor.<\/p>\n<\/li>\n<\/ul>\n","protected":false},"excerpt":{"rendered":"<p>Ellebogen 200 Marine Motorhalterung &#8211; Referenz 129470-08350 Der Ellebogen 200 Marinemotortr\u00e4ger (Referenz 129470-08350) ist ein hochbelastbarer Motortr\u00e4ger, der f\u00fcr gr\u00f6\u00dfere Yanmar Marinemotoren entwickelt wurde. Er ist auf Langlebigkeit und Vibrationsd\u00e4mpfung ausgelegt und gew\u00e4hrleistet einen stabilen Motorbetrieb und eine lang anhaltende Leistung in anspruchsvollen Meeresumgebungen. Kompatible Motoren und Montagepositionen Vordere und hintere Hafenmontage: 4JH-E, 4JH-TE, 4JH-HTE, [&hellip;]<\/p>\n","protected":false},"featured_media":33529,"comment_status":"open","ping_status":"closed","template":"","meta":[],"product_brand":[4234,4236],"product_cat":[2886,4565],"product_tag":[],"class_list":{"0":"post-33528","1":"product","2":"type-product","3":"status-publish","4":"has-post-thumbnail","6":"product_brand-ellebogen","7":"product_brand-yanmar","8":"product_cat-motorhalterungen","9":"product_cat-yanmar-motorhalterungen","10":"pa_condition-neu","11":"pa_model-4jh-e","12":"pa_model-4jh2","13":"pa_model-4jh3","14":"pa_model-4jh3-e","15":"pa_oem-or-aftermarket-oem","17":"first","18":"instock","19":"taxable","20":"shipping-taxable","21":"purchasable","22":"product-type-simple"},"supplier_id":null,"supplier_sku":"","barcode":null,"atum_controlled":true,"out_stock_date":null,"out_stock_threshold":null,"inheritable":false,"inbound_stock":0,"stock_on_hold":0,"sold_today":0,"sales_last_days":0,"reserved_stock":0,"customer_returns":0,"warehouse_damage":0,"lost_in_post":0,"other_logs":0,"out_stock_days":0,"lost_sales":0,"has_location":false,"update_date":"2026-03-20T13:50:51","atum_locations":[],"atum_stock_status":"instock","restock_status":false,"low_stock_amount":1,"sales_update_date":"2026-03-20T13:50:51","calc_backorders":0,"_links":{"self":[{"href":"https:\/\/mps.digital-monkey.in\/de\/wp-json\/wp\/v2\/product\/33528","targetHints":{"allow":["GET"]}}],"collection":[{"href":"https:\/\/mps.digital-monkey.in\/de\/wp-json\/wp\/v2\/product"}],"about":[{"href":"https:\/\/mps.digital-monkey.in\/de\/wp-json\/wp\/v2\/types\/product"}],"replies":[{"embeddable":true,"href":"https:\/\/mps.digital-monkey.in\/de\/wp-json\/wp\/v2\/comments?post=33528"}],"wp:featuredmedia":[{"embeddable":true,"href":"https:\/\/mps.digital-monkey.in\/de\/wp-json\/wp\/v2\/media\/33529"}],"wp:attachment":[{"href":"https:\/\/mps.digital-monkey.in\/de\/wp-json\/wp\/v2\/media?parent=33528"}],"wp:term":[{"taxonomy":"product_brand","embeddable":true,"href":"https:\/\/mps.digital-monkey.in\/de\/wp-json\/wp\/v2\/product_brand?post=33528"},{"taxonomy":"product_cat","embeddable":true,"href":"https:\/\/mps.digital-monkey.in\/de\/wp-json\/wp\/v2\/product_cat?post=33528"},{"taxonomy":"product_tag","embeddable":true,"href":"https:\/\/mps.digital-monkey.in\/de\/wp-json\/wp\/v2\/product_tag?post=33528"}],"curies":[{"name":"wp","href":"https:\/\/api.w.org\/{rel}","templated":true}]}}