{"id":33671,"date":"2025-06-17T13:46:04","date_gmt":"2025-06-17T13:46:04","guid":{"rendered":"https:\/\/mps.digital-monkey.in\/product\/ellebogen-sd-430\/"},"modified":"2025-11-24T10:23:32","modified_gmt":"2025-11-24T10:23:32","slug":"ellebogen-sd-430","status":"publish","type":"product","link":"https:\/\/mps.digital-monkey.in\/de\/produkt\/ellebogen-sd-430\/","title":{"rendered":"Ellebogen SD 430"},"content":{"rendered":"<h3><strong>Ellebogen SD 430<\/strong><\/h3>\n<p>&nbsp;<\/p>\n<p>Der Ellebogen SD 430 Marinemotortr\u00e4ger mit der Referenz 196440-02380 wird als hinterer Tr\u00e4ger f\u00fcr 4JH3E, 4JH3TE, 4JH4E, 4JH4AE und 4JH4TE Motoren mit Saildrive SD40 oder SD50 Antriebssystemen verwendet.<\/p>\n<p>&nbsp;<\/p>\n<ul>\n<li><strong>Angabe auf Gummi: 430<\/strong><\/li>\n<li><strong>Maximale statische Belastung: 175<\/strong> kg<\/li>\n<\/ul>\n<p>&nbsp;<\/p>\n","protected":false},"excerpt":{"rendered":"<p>Ellebogen SD 430 &nbsp; Der Ellebogen SD 430 Marinemotortr\u00e4ger mit der Referenz 196440-02380 wird als hinterer Tr\u00e4ger f\u00fcr 4JH3E, 4JH3TE, 4JH4E, 4JH4AE und 4JH4TE Motoren mit Saildrive SD40 oder SD50 Antriebssystemen verwendet. &nbsp; Angabe auf Gummi: 430 Maximale statische Belastung: 175 kg &nbsp;<\/p>\n","protected":false},"featured_media":33673,"comment_status":"open","ping_status":"closed","template":"","meta":[],"product_brand":[4234,4236],"product_cat":[2532,2886,4565,4570],"product_tag":[],"class_list":{"0":"post-33671","1":"product","2":"type-product","3":"status-publish","4":"has-post-thumbnail","6":"product_brand-ellebogen","7":"product_brand-yanmar","8":"product_cat-motorenteile","9":"product_cat-motorhalterungen","10":"product_cat-yanmar-motorhalterungen","11":"product_cat-yanmar-saildrive-service-teile","12":"pa_condition-neu","13":"pa_model-4jh3","14":"pa_model-4jh3-e","15":"pa_model-4jh4","16":"pa_model-4jh4-ae","17":"pa_model-4jh4-e","18":"pa_model-4jh4-te","19":"pa_model-sd40","20":"pa_model-sd50","21":"pa_oem-or-aftermarket-aftermarket","23":"first","24":"instock","25":"taxable","26":"shipping-taxable","27":"purchasable","28":"product-type-simple"},"supplier_id":null,"supplier_sku":"","barcode":null,"atum_controlled":true,"out_stock_date":null,"out_stock_threshold":null,"inheritable":false,"inbound_stock":0,"stock_on_hold":0,"sold_today":0,"sales_last_days":0,"reserved_stock":0,"customer_returns":0,"warehouse_damage":0,"lost_in_post":0,"other_logs":0,"out_stock_days":0,"lost_sales":0,"has_location":false,"update_date":"2026-03-20T14:05:14","atum_locations":[],"atum_stock_status":"instock","restock_status":false,"low_stock_amount":1,"sales_update_date":"2026-03-20T14:05:14","calc_backorders":0,"_links":{"self":[{"href":"https:\/\/mps.digital-monkey.in\/de\/wp-json\/wp\/v2\/product\/33671","targetHints":{"allow":["GET"]}}],"collection":[{"href":"https:\/\/mps.digital-monkey.in\/de\/wp-json\/wp\/v2\/product"}],"about":[{"href":"https:\/\/mps.digital-monkey.in\/de\/wp-json\/wp\/v2\/types\/product"}],"replies":[{"embeddable":true,"href":"https:\/\/mps.digital-monkey.in\/de\/wp-json\/wp\/v2\/comments?post=33671"}],"wp:featuredmedia":[{"embeddable":true,"href":"https:\/\/mps.digital-monkey.in\/de\/wp-json\/wp\/v2\/media\/33673"}],"wp:attachment":[{"href":"https:\/\/mps.digital-monkey.in\/de\/wp-json\/wp\/v2\/media?parent=33671"}],"wp:term":[{"taxonomy":"product_brand","embeddable":true,"href":"https:\/\/mps.digital-monkey.in\/de\/wp-json\/wp\/v2\/product_brand?post=33671"},{"taxonomy":"product_cat","embeddable":true,"href":"https:\/\/mps.digital-monkey.in\/de\/wp-json\/wp\/v2\/product_cat?post=33671"},{"taxonomy":"product_tag","embeddable":true,"href":"https:\/\/mps.digital-monkey.in\/de\/wp-json\/wp\/v2\/product_tag?post=33671"}],"curies":[{"name":"wp","href":"https:\/\/api.w.org\/{rel}","templated":true}]}}