{"id":33710,"date":"2025-06-17T13:46:06","date_gmt":"2025-06-17T13:46:06","guid":{"rendered":"https:\/\/mps.digital-monkey.in\/product\/thermostat-volvo-penta-20460312\/"},"modified":"2026-03-20T14:14:42","modified_gmt":"2026-03-20T14:14:42","slug":"thermostat-volvo-penta-20460312","status":"publish","type":"product","link":"https:\/\/mps.digital-monkey.in\/de\/product\/thermostat-volvo-penta-20460312\/","title":{"rendered":"Thermostat Volvo Penta 20460312"},"content":{"rendered":"<p data-start=\"81\" data-end=\"133\"><strong data-start=\"81\" data-end=\"133\">Thermostat f\u00fcr Volvo Penta TAD Serie &#8211; 20460312<\/strong><\/p>\n<p data-start=\"135\" data-end=\"382\">Dieser <strong data-start=\"140\" data-end=\"193\">OEM-Thermostat von Volvo Penta (Teilenummer 20460312)<\/strong> ist f\u00fcr eine Reihe von Hochleistungs-Industriedieselmotoren der TAD-Serie konzipiert. Er sorgt f\u00fcr eine pr\u00e4zise Temperaturregelung und optimale Motorleistung in anspruchsvollen Umgebungen. <\/p>\n<p data-start=\"384\" data-end=\"427\"><strong data-start=\"384\" data-end=\"427\">Geeignet f\u00fcr Volvo Penta Motormodelle:<\/strong><\/p>\n<ul data-start=\"429\" data-end=\"660\">\n<li data-start=\"429\" data-end=\"456\">\n<p data-start=\"431\" data-end=\"456\"><strong data-start=\"431\" data-end=\"454\">TAD520GE \/ TAD520VE<\/strong><\/p>\n<\/li>\n<li data-start=\"457\" data-end=\"484\">\n<p data-start=\"459\" data-end=\"484\"><strong data-start=\"459\" data-end=\"482\">TAD550GE \/ TAD551GE<\/strong><\/p>\n<\/li>\n<li data-start=\"485\" data-end=\"512\">\n<p data-start=\"487\" data-end=\"512\"><strong data-start=\"487\" data-end=\"510\">TAD720GE \/ TAD720VE<\/strong><\/p>\n<\/li>\n<li data-start=\"513\" data-end=\"540\">\n<p data-start=\"515\" data-end=\"540\"><strong data-start=\"515\" data-end=\"538\">TAD721GE \/ TAD721VE<\/strong><\/p>\n<\/li>\n<li data-start=\"541\" data-end=\"568\">\n<p data-start=\"543\" data-end=\"568\"><strong data-start=\"543\" data-end=\"566\">TAD722GE \/ TAD722VE<\/strong><\/p>\n<\/li>\n<li data-start=\"569\" data-end=\"606\">\n<p data-start=\"571\" data-end=\"606\"><strong data-start=\"571\" data-end=\"604\">TAD732GE EDC4 \/ TAD733GE EDC4<\/strong><\/p>\n<\/li>\n<li data-start=\"607\" data-end=\"645\">\n<p data-start=\"609\" data-end=\"645\"><strong data-start=\"609\" data-end=\"643\">TAD750GE \/ TAD750VE \/ TAD751GE<\/strong><\/p>\n<\/li>\n<li data-start=\"646\" data-end=\"660\">\n<p data-start=\"648\" data-end=\"660\"><strong data-start=\"648\" data-end=\"660\">TAD760VE<\/strong><\/p>\n<\/li>\n<\/ul>\n<hr data-start=\"662\" data-end=\"665\">\n<p data-start=\"667\" data-end=\"684\"><strong data-start=\"667\" data-end=\"684\">Wichtige Merkmale:<\/strong><\/p>\n<ul data-start=\"686\" data-end=\"879\">\n<li data-start=\"686\" data-end=\"723\">\n<p data-start=\"688\" data-end=\"723\">Volvo Penta-Originalteil 20460312<\/p>\n<\/li>\n<li data-start=\"724\" data-end=\"771\">\n<p data-start=\"726\" data-end=\"771\">Bietet eine pr\u00e4zise Kontrolle der Motortemperatur<\/p>\n<\/li>\n<li data-start=\"772\" data-end=\"836\">\n<p data-start=\"774\" data-end=\"836\">Sorgt f\u00fcr effizienten Betrieb und sch\u00fctzt vor \u00dcberhitzung<\/p>\n<\/li>\n<li data-start=\"837\" data-end=\"879\">\n<p data-start=\"839\" data-end=\"879\">Gebaut f\u00fcr Zuverl\u00e4ssigkeit in Industriequalit\u00e4t<\/p>\n<\/li>\n<\/ul>\n<p data-start=\"881\" data-end=\"1007\">???? <strong data-start=\"884\" data-end=\"900\">Teilenummer:<\/strong> 20460312<br data-start=\"909\" data-end=\"912\">????\ufe0f <strong data-start=\"916\" data-end=\"925\">Typ:<\/strong> Original OEM Volvo Penta Thermostat<br data-start=\"960\" data-end=\"963\">???? <strong data-start=\"966\" data-end=\"979\">Enth\u00e4lt:<\/strong> Thermostateinheit (ohne Dichtung)<\/p>\n<hr data-start=\"1009\" data-end=\"1012\">\n<p data-start=\"1014\" data-end=\"1181\"><strong data-start=\"1014\" data-end=\"1035\">Meta-Beschreibung:<\/strong><\/p>\n","protected":false},"excerpt":{"rendered":"<p>Thermostat f\u00fcr Volvo Penta TAD Serie &#8211; 20460312 Dieser OEM-Thermostat von Volvo Penta (Teilenummer 20460312) ist f\u00fcr eine Reihe von Hochleistungs-Industriedieselmotoren der TAD-Serie konzipiert. Er sorgt f\u00fcr eine pr\u00e4zise Temperaturregelung und optimale Motorleistung in anspruchsvollen Umgebungen. Geeignet f\u00fcr Volvo Penta Motormodelle: TAD520GE \/ TAD520VE TAD550GE \/ TAD551GE TAD720GE \/ TAD720VE TAD721GE \/ TAD721VE TAD722GE \/ [&hellip;]<\/p>\n","protected":false},"featured_media":33711,"comment_status":"open","ping_status":"closed","template":"","meta":[],"product_brand":[4230],"product_cat":[2498,3294,4526],"product_tag":[],"class_list":{"0":"post-33710","1":"product","2":"type-product","3":"status-publish","4":"has-post-thumbnail","6":"product_brand-volvo-penta","7":"product_cat-ersatzteile-fur-motoren","8":"product_cat-thermostate","9":"product_cat-volvo-penta-service-teile","11":"first","12":"onbackorder","13":"sale","14":"taxable","15":"shipping-taxable","16":"purchasable","17":"product-type-simple"},"supplier_id":32142,"supplier_sku":"","barcode":null,"atum_controlled":true,"out_stock_date":"2025-11-21 12:56:47","out_stock_threshold":null,"inheritable":false,"inbound_stock":0,"stock_on_hold":0,"sold_today":0,"sales_last_days":0,"reserved_stock":0,"customer_returns":0,"warehouse_damage":0,"lost_in_post":0,"other_logs":0,"out_stock_days":119,"lost_sales":0,"has_location":false,"update_date":"2026-03-20T14:16:07","atum_locations":[],"atum_stock_status":"onbackorder","restock_status":false,"low_stock_amount":"","sales_update_date":"2026-03-20T14:05:13","calc_backorders":0,"_links":{"self":[{"href":"https:\/\/mps.digital-monkey.in\/de\/wp-json\/wp\/v2\/product\/33710","targetHints":{"allow":["GET"]}}],"collection":[{"href":"https:\/\/mps.digital-monkey.in\/de\/wp-json\/wp\/v2\/product"}],"about":[{"href":"https:\/\/mps.digital-monkey.in\/de\/wp-json\/wp\/v2\/types\/product"}],"replies":[{"embeddable":true,"href":"https:\/\/mps.digital-monkey.in\/de\/wp-json\/wp\/v2\/comments?post=33710"}],"wp:featuredmedia":[{"embeddable":true,"href":"https:\/\/mps.digital-monkey.in\/de\/wp-json\/wp\/v2\/media\/33711"}],"wp:attachment":[{"href":"https:\/\/mps.digital-monkey.in\/de\/wp-json\/wp\/v2\/media?parent=33710"}],"wp:term":[{"taxonomy":"product_brand","embeddable":true,"href":"https:\/\/mps.digital-monkey.in\/de\/wp-json\/wp\/v2\/product_brand?post=33710"},{"taxonomy":"product_cat","embeddable":true,"href":"https:\/\/mps.digital-monkey.in\/de\/wp-json\/wp\/v2\/product_cat?post=33710"},{"taxonomy":"product_tag","embeddable":true,"href":"https:\/\/mps.digital-monkey.in\/de\/wp-json\/wp\/v2\/product_tag?post=33710"}],"curies":[{"name":"wp","href":"https:\/\/api.w.org\/{rel}","templated":true}]}}