{"id":33776,"date":"2025-06-17T13:46:35","date_gmt":"2025-06-17T13:46:35","guid":{"rendered":"https:\/\/mps.digital-monkey.in\/product\/volvo-penta-service-kit-d2-50-55-60-75-21189426\/"},"modified":"2026-03-20T14:15:41","modified_gmt":"2026-03-20T14:15:41","slug":"volvo-penta-service-kit-d2-50-55-60-75-21189426","status":"publish","type":"product","link":"https:\/\/mps.digital-monkey.in\/de\/product\/volvo-penta-service-kit-d2-50-55-60-75-21189426\/","title":{"rendered":"Volvo Penta Service-Kit D2-50, 55, 60, 75 21189426"},"content":{"rendered":"<p data-start=\"475\" data-end=\"524\"><strong data-start=\"475\" data-end=\"522\">Volvo Penta Wartungssatz &#8211; D2-50, 55, 60, 75<\/strong><\/p>\n<p data-start=\"526\" data-end=\"666\">Halten Sie Ihren Volvo Penta-Motor mit diesem Komplett-Service-Kit f\u00fcr die Modelle D2-50, D2-55, D2-60 und D2-75 auf H\u00f6chstleistung.<\/p>\n<p data-start=\"668\" data-end=\"683\"><strong data-start=\"668\" data-end=\"681\">Beinhaltet:<\/strong><\/p>\n<ul data-start=\"684\" data-end=\"977\">\n<li data-start=\"684\" data-end=\"775\">\n<p data-start=\"686\" data-end=\"775\"><strong data-start=\"686\" data-end=\"702\">\u00d6lfilter:<\/strong> 3840525 &#8211; Halten Sie Ihr \u00d6l sauber und sch\u00fctzen Sie Ihren Motor vor Verschlei\u00df.<\/p>\n<\/li>\n<li data-start=\"776\" data-end=\"864\">\n<p data-start=\"778\" data-end=\"864\"><strong data-start=\"778\" data-end=\"794\">Kraftstofffilter:<\/strong> 861477 &#8211; Sorgt f\u00fcr verunreinigungsfreien Kraftstoff f\u00fcr einen reibungslosen Motorbetrieb.<\/p>\n<\/li>\n<li data-start=\"865\" data-end=\"977\">\n<p data-start=\"867\" data-end=\"977\"><strong data-start=\"867\" data-end=\"880\">Impeller:<\/strong> 21951346 &#8211; Sorgt f\u00fcr einen ordnungsgem\u00e4\u00dfen Wasserdurchfluss, um eine \u00dcberhitzung zu verhindern und die Motorkomponenten zu sch\u00fctzen.<\/p>\n<\/li>\n<\/ul>\n<p data-start=\"979\" data-end=\"1023\"><strong data-start=\"979\" data-end=\"1021\">Passend f\u00fcr die folgenden Volvo Penta Modelle:<\/strong><\/p>\n<ul data-start=\"1024\" data-end=\"1110\">\n<li data-start=\"1024\" data-end=\"1034\">\n<p data-start=\"1026\" data-end=\"1034\">D2-50F<\/p>\n<\/li>\n<li data-start=\"1035\" data-end=\"1084\">\n<p data-start=\"1037\" data-end=\"1084\">D2-55, D2-55B, D2-55C, D2-55D, D2-55E, D2-55F<\/p>\n<\/li>\n<li data-start=\"1085\" data-end=\"1110\">\n<p data-start=\"1087\" data-end=\"1110\">D2-75, D2-75B, D2-75C<\/p>\n<\/li>\n<\/ul>\n<p data-start=\"1112\" data-end=\"1238\">Perfekt f\u00fcr die professionelle Wartung oder den Heimwerker, bietet dieses Kit alle wichtigen Komponenten in einem praktischen Paket.<\/p>\n","protected":false},"excerpt":{"rendered":"<p>Volvo Penta Wartungssatz &#8211; D2-50, 55, 60, 75 Halten Sie Ihren Volvo Penta-Motor mit diesem Komplett-Service-Kit f\u00fcr die Modelle D2-50, D2-55, D2-60 und D2-75 auf H\u00f6chstleistung. Beinhaltet: \u00d6lfilter: 3840525 &#8211; Halten Sie Ihr \u00d6l sauber und sch\u00fctzen Sie Ihren Motor vor Verschlei\u00df. Kraftstofffilter: 861477 &#8211; Sorgt f\u00fcr verunreinigungsfreien Kraftstoff f\u00fcr einen reibungslosen Motorbetrieb. Impeller: 21951346 [&hellip;]<\/p>\n","protected":false},"featured_media":24349,"comment_status":"open","ping_status":"closed","template":"","meta":[],"product_brand":[4230],"product_cat":[2498,3202,4479,4308,4335,4336,4331,4526],"product_tag":[],"class_list":{"0":"post-33776","1":"product","2":"type-product","3":"status-publish","4":"has-post-thumbnail","6":"product_brand-volvo-penta","7":"product_cat-ersatzteile-fur-motoren","8":"product_cat-service-kits","9":"product_cat-service-kits-volvo-penta","10":"product_cat-volvo-penta","11":"product_cat-volvo-penta-d2-55-teile","12":"product_cat-volvo-penta-d2-75-teile","13":"product_cat-volvo-penta-serie-d2","14":"product_cat-volvo-penta-service-teile","15":"pa_condition-neu","16":"pa_model-d2-50","17":"pa_model-d2-55","18":"pa_model-d2-75","19":"pa_oem-or-aftermarket-oem","21":"first","22":"onbackorder","23":"sale","24":"taxable","25":"shipping-taxable","26":"purchasable","27":"product-type-simple"},"supplier_id":32142,"supplier_sku":"","barcode":null,"atum_controlled":true,"out_stock_date":"2025-11-21 12:56:35","out_stock_threshold":null,"inheritable":false,"inbound_stock":0,"stock_on_hold":0,"sold_today":0,"sales_last_days":0,"reserved_stock":0,"customer_returns":0,"warehouse_damage":0,"lost_in_post":0,"other_logs":0,"out_stock_days":119,"lost_sales":0,"has_location":false,"update_date":"2026-03-20T14:16:08","atum_locations":[],"atum_stock_status":"onbackorder","restock_status":false,"low_stock_amount":"","sales_update_date":"2026-03-20T14:05:12","calc_backorders":0,"_links":{"self":[{"href":"https:\/\/mps.digital-monkey.in\/de\/wp-json\/wp\/v2\/product\/33776","targetHints":{"allow":["GET"]}}],"collection":[{"href":"https:\/\/mps.digital-monkey.in\/de\/wp-json\/wp\/v2\/product"}],"about":[{"href":"https:\/\/mps.digital-monkey.in\/de\/wp-json\/wp\/v2\/types\/product"}],"replies":[{"embeddable":true,"href":"https:\/\/mps.digital-monkey.in\/de\/wp-json\/wp\/v2\/comments?post=33776"}],"wp:featuredmedia":[{"embeddable":true,"href":"https:\/\/mps.digital-monkey.in\/de\/wp-json\/wp\/v2\/media\/24349"}],"wp:attachment":[{"href":"https:\/\/mps.digital-monkey.in\/de\/wp-json\/wp\/v2\/media?parent=33776"}],"wp:term":[{"taxonomy":"product_brand","embeddable":true,"href":"https:\/\/mps.digital-monkey.in\/de\/wp-json\/wp\/v2\/product_brand?post=33776"},{"taxonomy":"product_cat","embeddable":true,"href":"https:\/\/mps.digital-monkey.in\/de\/wp-json\/wp\/v2\/product_cat?post=33776"},{"taxonomy":"product_tag","embeddable":true,"href":"https:\/\/mps.digital-monkey.in\/de\/wp-json\/wp\/v2\/product_tag?post=33776"}],"curies":[{"name":"wp","href":"https:\/\/api.w.org\/{rel}","templated":true}]}}