{"id":33782,"date":"2025-06-17T13:46:35","date_gmt":"2025-06-17T13:46:35","guid":{"rendered":"https:\/\/mps.digital-monkey.in\/product\/luftfilter-21171277\/"},"modified":"2026-03-20T14:15:27","modified_gmt":"2026-03-20T14:15:27","slug":"luftfilter-21171277","status":"publish","type":"product","link":"https:\/\/mps.digital-monkey.in\/de\/product\/luftfilter-21171277\/","title":{"rendered":"Luftfilter 21171277"},"content":{"rendered":"<p data-start=\"107\" data-end=\"130\"><strong data-start=\"107\" data-end=\"130\">Luftfilter 21171277<\/strong><\/p>\n<p data-start=\"132\" data-end=\"308\">Der Luftfilter 21171277 sorgt f\u00fcr einen sauberen Luftstrom zu Ihrem Motor und sch\u00fctzt ihn vor Staub, Schmutz und anderen sch\u00e4dlichen Partikeln. Dies hilft Ihrem Motor, besser zu funktionieren und l\u00e4nger zu halten. <\/p>\n<p data-start=\"310\" data-end=\"461\"><strong data-start=\"310\" data-end=\"344\">Kompatibel mit diesen Motoren:<\/strong><br data-start=\"344\" data-end=\"347\">D3-110I: B, C<br data-start=\"360\" data-end=\"363\">D3-130A: B, C<br data-start=\"376\" data-end=\"379\">D3-130I: B, C<br data-start=\"392\" data-end=\"395\">D3-160A: B, C<br data-start=\"408\" data-end=\"411\">D3-160I: B, C<br data-start=\"424\" data-end=\"427\">D3-190A: B, C<br data-start=\"440\" data-end=\"443\">D3-190I: A, B, C<\/p>\n<p data-start=\"463\" data-end=\"550\">Bitte \u00fcberpr\u00fcfen Sie vor dem Einbau immer die Kompatibilit\u00e4t mit Ihrem spezifischen Motormodell.<\/p>\n","protected":false},"excerpt":{"rendered":"<p>Luftfilter 21171277 Der Luftfilter 21171277 sorgt f\u00fcr einen sauberen Luftstrom zu Ihrem Motor und sch\u00fctzt ihn vor Staub, Schmutz und anderen sch\u00e4dlichen Partikeln. Dies hilft Ihrem Motor, besser zu funktionieren und l\u00e4nger zu halten. Kompatibel mit diesen Motoren:D3-110I: B, CD3-130A: B, CD3-130I: B, CD3-160A: B, CD3-160I: B, CD3-190A: B, CD3-190I: A, B, C Bitte \u00fcberpr\u00fcfen [&hellip;]<\/p>\n","protected":false},"featured_media":43279,"comment_status":"open","ping_status":"closed","template":"","meta":[],"product_brand":[4230],"product_cat":[2498,2663,4526],"product_tag":[],"class_list":{"0":"post-33782","1":"product","2":"type-product","3":"status-publish","4":"has-post-thumbnail","6":"product_brand-volvo-penta","7":"product_cat-ersatzteile-fur-motoren","8":"product_cat-luftfilter","9":"product_cat-volvo-penta-service-teile","10":"pa_condition-neu","11":"pa_model-d3-110","12":"pa_model-d3-130","13":"pa_model-d3-160","14":"pa_model-d3-190","15":"pa_oem-or-aftermarket-oem","17":"first","18":"onbackorder","19":"sale","20":"taxable","21":"shipping-taxable","22":"purchasable","23":"product-type-simple"},"supplier_id":32142,"supplier_sku":"","barcode":null,"atum_controlled":true,"out_stock_date":"2026-03-20 14:15:33","out_stock_threshold":null,"inheritable":false,"inbound_stock":0,"stock_on_hold":0,"sold_today":0,"sales_last_days":0,"reserved_stock":0,"customer_returns":0,"warehouse_damage":0,"lost_in_post":0,"other_logs":0,"out_stock_days":0,"lost_sales":0,"has_location":false,"update_date":"2026-03-20T14:16:08","atum_locations":[],"atum_stock_status":"onbackorder","restock_status":false,"low_stock_amount":"","sales_update_date":"2026-03-20T14:05:12","calc_backorders":-2,"_links":{"self":[{"href":"https:\/\/mps.digital-monkey.in\/de\/wp-json\/wp\/v2\/product\/33782","targetHints":{"allow":["GET"]}}],"collection":[{"href":"https:\/\/mps.digital-monkey.in\/de\/wp-json\/wp\/v2\/product"}],"about":[{"href":"https:\/\/mps.digital-monkey.in\/de\/wp-json\/wp\/v2\/types\/product"}],"replies":[{"embeddable":true,"href":"https:\/\/mps.digital-monkey.in\/de\/wp-json\/wp\/v2\/comments?post=33782"}],"wp:featuredmedia":[{"embeddable":true,"href":"https:\/\/mps.digital-monkey.in\/de\/wp-json\/wp\/v2\/media\/43279"}],"wp:attachment":[{"href":"https:\/\/mps.digital-monkey.in\/de\/wp-json\/wp\/v2\/media?parent=33782"}],"wp:term":[{"taxonomy":"product_brand","embeddable":true,"href":"https:\/\/mps.digital-monkey.in\/de\/wp-json\/wp\/v2\/product_brand?post=33782"},{"taxonomy":"product_cat","embeddable":true,"href":"https:\/\/mps.digital-monkey.in\/de\/wp-json\/wp\/v2\/product_cat?post=33782"},{"taxonomy":"product_tag","embeddable":true,"href":"https:\/\/mps.digital-monkey.in\/de\/wp-json\/wp\/v2\/product_tag?post=33782"}],"curies":[{"name":"wp","href":"https:\/\/api.w.org\/{rel}","templated":true}]}}