{"id":33908,"date":"2025-06-17T13:47:02","date_gmt":"2025-06-17T13:47:02","guid":{"rendered":"https:\/\/mps.digital-monkey.in\/product\/luftfilter-21379288\/"},"modified":"2026-03-20T14:26:52","modified_gmt":"2026-03-20T14:26:52","slug":"luftfilter-21379288","status":"publish","type":"product","link":"https:\/\/mps.digital-monkey.in\/de\/product\/luftfilter-21379288\/","title":{"rendered":"Luftfilter 21379288"},"content":{"rendered":"<h3 data-start=\"145\" data-end=\"172\"><strong data-start=\"149\" data-end=\"172\">Luftfilter 21379288<\/strong><\/h3>\n<p data-start=\"174\" data-end=\"349\">Der <strong data-start=\"178\" data-end=\"201\">Luftfilter 21379288<\/strong> sorgt f\u00fcr einen sauberen Luftstrom zum Motor und sch\u00fctzt ihn vor Staub, Schmutz und anderen sch\u00e4dlichen Partikeln. Dies tr\u00e4gt dazu bei, dass der Motor besser l\u00e4uft und l\u00e4nger h\u00e4lt. <\/p>\n<p data-start=\"482\" data-end=\"524\"><strong data-start=\"482\" data-end=\"524\">Kompatibel mit den folgenden Motoren:<\/strong><\/p>\n<ul data-start=\"525\" data-end=\"834\">\n<li data-start=\"525\" data-end=\"555\">\n<p data-start=\"527\" data-end=\"555\"><strong data-start=\"527\" data-end=\"538\">D3-110I<\/strong>: D, E, F, G, H<\/p>\n<\/li>\n<li data-start=\"556\" data-end=\"586\">\n<p data-start=\"558\" data-end=\"586\"><strong data-start=\"558\" data-end=\"569\">D3-140A<\/strong>: D, E, F, G, H<\/p>\n<\/li>\n<li data-start=\"587\" data-end=\"617\">\n<p data-start=\"589\" data-end=\"617\"><strong data-start=\"589\" data-end=\"600\">D3-140I<\/strong>: D, E, F, G, H<\/p>\n<\/li>\n<li data-start=\"618\" data-end=\"648\">\n<p data-start=\"620\" data-end=\"648\"><strong data-start=\"620\" data-end=\"631\">D3-150I<\/strong>: D, E, F, G, H<\/p>\n<\/li>\n<li data-start=\"649\" data-end=\"679\">\n<p data-start=\"651\" data-end=\"679\"><strong data-start=\"651\" data-end=\"662\">D3-170A<\/strong>: D, E, F, G, H<\/p>\n<\/li>\n<li data-start=\"680\" data-end=\"710\">\n<p data-start=\"682\" data-end=\"710\"><strong data-start=\"682\" data-end=\"693\">D3-170I<\/strong>: D, E, F, G, H<\/p>\n<\/li>\n<li data-start=\"711\" data-end=\"741\">\n<p data-start=\"713\" data-end=\"741\"><strong data-start=\"713\" data-end=\"724\">D3-200A<\/strong>: D, E, F, G, H<\/p>\n<\/li>\n<li data-start=\"742\" data-end=\"772\">\n<p data-start=\"744\" data-end=\"772\"><strong data-start=\"744\" data-end=\"755\">D3-200I<\/strong>: D, E, F, G, H<\/p>\n<\/li>\n<li data-start=\"773\" data-end=\"803\">\n<p data-start=\"775\" data-end=\"803\"><strong data-start=\"775\" data-end=\"786\">D3-220A<\/strong>: D, E, F, G, H<\/p>\n<\/li>\n<li data-start=\"804\" data-end=\"834\">\n<p data-start=\"806\" data-end=\"834\"><strong data-start=\"806\" data-end=\"817\">D3-220I<\/strong>: D, E, F, G, H<\/p>\n<\/li>\n<\/ul>\n<p data-start=\"836\" data-end=\"916\">\u00dcberpr\u00fcfen Sie vor dem Einbau immer die Kompatibilit\u00e4t mit Ihrem spezifischen Motormodell.<\/p>\n","protected":false},"excerpt":{"rendered":"<p>Luftfilter 21379288 Der Luftfilter 21379288 sorgt f\u00fcr einen sauberen Luftstrom zum Motor und sch\u00fctzt ihn vor Staub, Schmutz und anderen sch\u00e4dlichen Partikeln. Dies tr\u00e4gt dazu bei, dass der Motor besser l\u00e4uft und l\u00e4nger h\u00e4lt. Kompatibel mit den folgenden Motoren: D3-110I: D, E, F, G, H D3-140A: D, E, F, G, H D3-140I: D, E, F, [&hellip;]<\/p>\n","protected":false},"featured_media":43275,"comment_status":"open","ping_status":"closed","template":"","meta":[],"product_brand":[4230],"product_cat":[2498,2663,4526],"product_tag":[],"class_list":{"0":"post-33908","1":"product","2":"type-product","3":"status-publish","4":"has-post-thumbnail","6":"product_brand-volvo-penta","7":"product_cat-ersatzteile-fur-motoren","8":"product_cat-luftfilter","9":"product_cat-volvo-penta-service-teile","10":"pa_condition-neu","11":"pa_model-d3-110","12":"pa_model-d3-140","13":"pa_model-d3-150","14":"pa_model-d3-170","15":"pa_model-d3-200","16":"pa_model-d3-220","17":"pa_oem-or-aftermarket-oem","19":"first","20":"onbackorder","21":"sale","22":"taxable","23":"shipping-taxable","24":"purchasable","25":"product-type-simple"},"supplier_id":32142,"supplier_sku":"","barcode":null,"atum_controlled":true,"out_stock_date":"2025-11-21 12:56:27","out_stock_threshold":null,"inheritable":false,"inbound_stock":0,"stock_on_hold":0,"sold_today":0,"sales_last_days":0,"reserved_stock":0,"customer_returns":0,"warehouse_damage":0,"lost_in_post":0,"other_logs":0,"out_stock_days":119,"lost_sales":0,"has_location":false,"update_date":"2026-03-20T14:28:28","atum_locations":[],"atum_stock_status":"onbackorder","restock_status":false,"low_stock_amount":"","sales_update_date":"2026-03-20T14:16:58","calc_backorders":0,"_links":{"self":[{"href":"https:\/\/mps.digital-monkey.in\/de\/wp-json\/wp\/v2\/product\/33908","targetHints":{"allow":["GET"]}}],"collection":[{"href":"https:\/\/mps.digital-monkey.in\/de\/wp-json\/wp\/v2\/product"}],"about":[{"href":"https:\/\/mps.digital-monkey.in\/de\/wp-json\/wp\/v2\/types\/product"}],"replies":[{"embeddable":true,"href":"https:\/\/mps.digital-monkey.in\/de\/wp-json\/wp\/v2\/comments?post=33908"}],"wp:featuredmedia":[{"embeddable":true,"href":"https:\/\/mps.digital-monkey.in\/de\/wp-json\/wp\/v2\/media\/43275"}],"wp:attachment":[{"href":"https:\/\/mps.digital-monkey.in\/de\/wp-json\/wp\/v2\/media?parent=33908"}],"wp:term":[{"taxonomy":"product_brand","embeddable":true,"href":"https:\/\/mps.digital-monkey.in\/de\/wp-json\/wp\/v2\/product_brand?post=33908"},{"taxonomy":"product_cat","embeddable":true,"href":"https:\/\/mps.digital-monkey.in\/de\/wp-json\/wp\/v2\/product_cat?post=33908"},{"taxonomy":"product_tag","embeddable":true,"href":"https:\/\/mps.digital-monkey.in\/de\/wp-json\/wp\/v2\/product_tag?post=33908"}],"curies":[{"name":"wp","href":"https:\/\/api.w.org\/{rel}","templated":true}]}}