{"id":33970,"date":"2025-06-17T13:47:30","date_gmt":"2025-06-17T13:47:30","guid":{"rendered":"https:\/\/mps.digital-monkey.in\/product\/oelfilter-21549544\/"},"modified":"2026-03-20T14:45:15","modified_gmt":"2026-03-20T14:45:15","slug":"oelfilter-21549544","status":"publish","type":"product","link":"https:\/\/mps.digital-monkey.in\/de\/product\/oelfilter-21549544\/","title":{"rendered":"Volvo Penta \u00d6lfilter 21549544"},"content":{"rendered":"<p data-start=\"385\" data-end=\"422\"><strong data-start=\"385\" data-end=\"420\">Volvo Penta \u00d6lfilter 21549544<\/strong><\/p>\n<p data-start=\"424\" data-end=\"549\">Halten Sie Ihren Volvo Penta-Motor mit diesem Original-\u00d6lfilter 21549544 f\u00fcr MD21B- und AQD21B-Motoren reibungslos am Laufen.<\/p>\n<p data-start=\"551\" data-end=\"570\"><strong data-start=\"551\" data-end=\"568\">Wichtige Merkmale:<\/strong><\/p>\n<ul data-start=\"571\" data-end=\"720\">\n<li data-start=\"571\" data-end=\"625\">\n<p data-start=\"573\" data-end=\"625\">Bietet eine hervorragende Filtration zum Schutz des Motors<\/p>\n<\/li>\n<li data-start=\"626\" data-end=\"678\">\n<p data-start=\"628\" data-end=\"678\">Sorgt f\u00fcr einen sauberen \u00d6lfluss und optimale Leistung<\/p>\n<\/li>\n<li data-start=\"679\" data-end=\"720\">\n<p data-start=\"681\" data-end=\"720\">Langlebiges und zuverl\u00e4ssiges Ersatzteil<\/p>\n<\/li>\n<\/ul>\n<p data-start=\"722\" data-end=\"747\"><strong data-start=\"722\" data-end=\"745\">Kompatible Motoren:<\/strong><\/p>\n<ul data-start=\"748\" data-end=\"792\">\n<li data-start=\"748\" data-end=\"769\">\n<p data-start=\"750\" data-end=\"769\">Volvo Penta MD21B<\/p>\n<\/li>\n<li data-start=\"770\" data-end=\"792\">\n<p data-start=\"772\" data-end=\"792\">Volvo Penta AQD21B<\/p>\n<\/li>\n<\/ul>\n<p data-start=\"794\" data-end=\"922\">Dieser \u00d6lfilter eignet sich perfekt f\u00fcr die professionelle Wartung oder den Heimwerker und tr\u00e4gt dazu bei, die Lebensdauer des Motors zu verl\u00e4ngern und die Spitzenleistung zu erhalten.<\/p>\n<h3 data-start=\"929\" data-end=\"953\"><\/h3>\n","protected":false},"excerpt":{"rendered":"<p>Volvo Penta \u00d6lfilter 21549544 Halten Sie Ihren Volvo Penta-Motor mit diesem Original-\u00d6lfilter 21549544 f\u00fcr MD21B- und AQD21B-Motoren reibungslos am Laufen. Wichtige Merkmale: Bietet eine hervorragende Filtration zum Schutz des Motors Sorgt f\u00fcr einen sauberen \u00d6lfluss und optimale Leistung Langlebiges und zuverl\u00e4ssiges Ersatzteil Kompatible Motoren: Volvo Penta MD21B Volvo Penta AQD21B Dieser \u00d6lfilter eignet sich perfekt [&hellip;]<\/p>\n","protected":false},"featured_media":24520,"comment_status":"open","ping_status":"closed","template":"","meta":[],"product_brand":[4230],"product_cat":[2498,2790,4587,4526],"product_tag":[],"class_list":{"0":"post-33970","1":"product","2":"type-product","3":"status-publish","4":"has-post-thumbnail","6":"product_brand-volvo-penta","7":"product_cat-ersatzteile-fur-motoren","8":"product_cat-olfilter","9":"product_cat-volvo-penta-olfilter","10":"product_cat-volvo-penta-service-teile","11":"pa_condition-neu","12":"pa_model-aqd21","13":"pa_model-aqd21b","14":"pa_model-md21","15":"pa_model-md21b","16":"pa_oem-or-aftermarket-oem","18":"first","19":"onbackorder","20":"sale","21":"taxable","22":"shipping-taxable","23":"purchasable","24":"product-type-simple"},"supplier_id":32142,"supplier_sku":"21549544","barcode":null,"atum_controlled":true,"out_stock_date":"2025-12-01 14:24:38","out_stock_threshold":null,"inheritable":false,"inbound_stock":0,"stock_on_hold":0,"sold_today":0,"sales_last_days":0,"reserved_stock":0,"customer_returns":0,"warehouse_damage":0,"lost_in_post":0,"other_logs":0,"out_stock_days":109,"lost_sales":0,"has_location":false,"update_date":"2026-03-20T14:45:14","atum_locations":[],"atum_stock_status":"onbackorder","restock_status":false,"low_stock_amount":"","sales_update_date":"2026-03-20T14:31:40","calc_backorders":0,"_links":{"self":[{"href":"https:\/\/mps.digital-monkey.in\/de\/wp-json\/wp\/v2\/product\/33970","targetHints":{"allow":["GET"]}}],"collection":[{"href":"https:\/\/mps.digital-monkey.in\/de\/wp-json\/wp\/v2\/product"}],"about":[{"href":"https:\/\/mps.digital-monkey.in\/de\/wp-json\/wp\/v2\/types\/product"}],"replies":[{"embeddable":true,"href":"https:\/\/mps.digital-monkey.in\/de\/wp-json\/wp\/v2\/comments?post=33970"}],"wp:featuredmedia":[{"embeddable":true,"href":"https:\/\/mps.digital-monkey.in\/de\/wp-json\/wp\/v2\/media\/24520"}],"wp:attachment":[{"href":"https:\/\/mps.digital-monkey.in\/de\/wp-json\/wp\/v2\/media?parent=33970"}],"wp:term":[{"taxonomy":"product_brand","embeddable":true,"href":"https:\/\/mps.digital-monkey.in\/de\/wp-json\/wp\/v2\/product_brand?post=33970"},{"taxonomy":"product_cat","embeddable":true,"href":"https:\/\/mps.digital-monkey.in\/de\/wp-json\/wp\/v2\/product_cat?post=33970"},{"taxonomy":"product_tag","embeddable":true,"href":"https:\/\/mps.digital-monkey.in\/de\/wp-json\/wp\/v2\/product_tag?post=33970"}],"curies":[{"name":"wp","href":"https:\/\/api.w.org\/{rel}","templated":true}]}}