{"id":33973,"date":"2025-06-17T13:47:30","date_gmt":"2025-06-17T13:47:30","guid":{"rendered":"https:\/\/mps.digital-monkey.in\/product\/oelfilter-21549542\/"},"modified":"2026-03-20T14:44:55","modified_gmt":"2026-03-20T14:44:55","slug":"oelfilter-21549542","status":"publish","type":"product","link":"https:\/\/mps.digital-monkey.in\/de\/product\/oelfilter-21549542\/","title":{"rendered":"\u00d6lfilter 21549542"},"content":{"rendered":"<p data-start=\"334\" data-end=\"385\"><strong data-start=\"334\" data-end=\"383\">Volvo Penta 21549542 \u00d6lfilter &#8211; Original OEM<\/strong><\/p>\n<p data-start=\"387\" data-end=\"656\">Der <strong data-start=\"391\" data-end=\"426\">Volvo Penta 21549542 \u00d6lfilter<\/strong> ist ein Original-Erstausr\u00fcsterteil, das daf\u00fcr sorgt, dass Ihr Schiffsdieselmotor gesch\u00fctzt ist und reibungslos l\u00e4uft. \u00d6l ist das Lebenselixier Ihres Motors, und dieser Filter sorgt daf\u00fcr, dass es sauber bleibt, indem er sch\u00e4dlichen Schmutz, Metallpartikel und Schlamm entfernt.<\/p>\n<p data-start=\"658\" data-end=\"913\">Die Verwendung des <strong data-start=\"668\" data-end=\"691\">21549542 \u00d6lfilters<\/strong> garantiert den korrekten Sitz, eine hohe Filtrationsleistung und die Einhaltung der strengen Qualit\u00e4tsstandards von Volvo Penta. Wenn Sie sich f\u00fcr Originalteile entscheiden, verl\u00e4ngern Sie die Lebensdauer Ihres Motors und sch\u00fctzen Ihre Investition auf dem Wasser.<\/p>\n<hr data-start=\"915\" data-end=\"918\">\n<h2 data-start=\"920\" data-end=\"940\">\ud83d\udd27 Wichtigste Vorteile<\/h2>\n<ul data-start=\"941\" data-end=\"1227\">\n<li data-start=\"941\" data-end=\"994\">\n<p data-start=\"943\" data-end=\"994\">Original OEM Volvo Penta \u00d6lfilter<strong data-start=\"979\" data-end=\"991\">(21549542)<\/strong><\/p>\n<\/li>\n<li data-start=\"995\" data-end=\"1051\">\n<p data-start=\"997\" data-end=\"1051\">Entwickelt f\u00fcr perfekten Sitz und optimale \u00d6lzirkulation<\/p>\n<\/li>\n<li data-start=\"1052\" data-end=\"1116\">\n<p data-start=\"1054\" data-end=\"1116\">Hochwertige Filterung sch\u00fctzt Motorkomponenten vor Verschlei\u00df<\/p>\n<\/li>\n<li data-start=\"1117\" data-end=\"1181\">\n<p data-start=\"1119\" data-end=\"1181\">Gebaut f\u00fcr eine lange Lebensdauer in anspruchsvollen Meeresumgebungen<\/p>\n<\/li>\n<li data-start=\"1182\" data-end=\"1227\">\n<p data-start=\"1184\" data-end=\"1227\">H\u00e4lt die Volvo Penta Garantie ein<\/p>\n<\/li>\n<\/ul>\n<hr data-start=\"1229\" data-end=\"1232\">\n<h2 data-start=\"1234\" data-end=\"1275\">\u2693 Geeignet f\u00fcr folgende Motoren<\/h2>\n<p data-start=\"1276\" data-end=\"1360\">Dieser Filter ist f\u00fcr eine breite Palette von Volvo Penta-Dieselmotoren geeignet, darunter:<\/p>\n<ul data-start=\"1362\" data-end=\"1598\">\n<li data-start=\"1362\" data-end=\"1372\">\n<p data-start=\"1364\" data-end=\"1372\">AQD21A<\/p>\n<\/li>\n<li data-start=\"1373\" data-end=\"1382\">\n<p data-start=\"1375\" data-end=\"1382\">MD21A<\/p>\n<\/li>\n<li data-start=\"1383\" data-end=\"1394\">\n<p data-start=\"1385\" data-end=\"1394\">TAMD61A<\/p>\n<\/li>\n<li data-start=\"1395\" data-end=\"1420\">\n<p data-start=\"1397\" data-end=\"1420\">TAMD63L-A \/ TAMD63P-A<\/p>\n<\/li>\n<li data-start=\"1421\" data-end=\"1442\">\n<p data-start=\"1423\" data-end=\"1442\">TAMD71A \/ TAMD71B<\/p>\n<\/li>\n<li data-start=\"1443\" data-end=\"1479\">\n<p data-start=\"1445\" data-end=\"1479\">TAMD72A \/ TAMD72P-A \/ TAMD72WJ-A<\/p>\n<\/li>\n<li data-start=\"1480\" data-end=\"1506\">\n<p data-start=\"1482\" data-end=\"1506\">TAMD73P-A \/ TAMD73WJ-A<\/p>\n<\/li>\n<li data-start=\"1507\" data-end=\"1532\">\n<p data-start=\"1509\" data-end=\"1532\">TAMD74C-A \/ TAMD74C-B<\/p>\n<\/li>\n<li data-start=\"1533\" data-end=\"1558\">\n<p data-start=\"1535\" data-end=\"1558\">TAMD74L-A \/ TAMD74L-B<\/p>\n<\/li>\n<li data-start=\"1559\" data-end=\"1584\">\n<p data-start=\"1561\" data-end=\"1584\">TAMD74P-A \/ TAMD74P-B<\/p>\n<\/li>\n<li data-start=\"1585\" data-end=\"1598\">\n<p data-start=\"1587\" data-end=\"1598\">TAMD75P-A<\/p>\n<\/li>\n<\/ul>\n<p data-start=\"1600\" data-end=\"1721\">Wenn Ihr Motor oben aufgef\u00fchrt ist, ist der <strong data-start=\"1636\" data-end=\"1671\">Volvo Penta 21549542 \u00d6lfilter<\/strong> der richtige und empfohlene OEM-Ersatz.<\/p>\n<hr data-start=\"1723\" data-end=\"1726\">\n<h2 data-start=\"1728\" data-end=\"1761\">\u2699\ufe0f Wartung &amp; Ersatz<\/h2>\n<ul data-start=\"1762\" data-end=\"2053\">\n<li data-start=\"1762\" data-end=\"1837\">\n<p data-start=\"1764\" data-end=\"1837\">Wechseln Sie den \u00d6lfilter alle <strong data-start=\"1793\" data-end=\"1806\">200 Betriebsstunden<\/strong> oder einmal im Jahr.<\/p>\n<\/li>\n<li data-start=\"1838\" data-end=\"1889\">\n<p data-start=\"1840\" data-end=\"1889\">Wechseln Sie den Filter immer bei einem \u00d6lwechsel.<\/p>\n<\/li>\n<li data-start=\"1890\" data-end=\"1957\">\n<p data-start=\"1892\" data-end=\"1957\">\u00d6len Sie die Dichtung vor dem Einbau leicht ein und ziehen Sie sie von Hand fest.<\/p>\n<\/li>\n<li data-start=\"1958\" data-end=\"2053\">\n<p data-start=\"1960\" data-end=\"2053\">Untersuchen Sie den entfernten Filter auf Schlamm oder Metallr\u00fcckst\u00e4nde als Fr\u00fchwarnzeichen f\u00fcr Motorprobleme.<\/p>\n<\/li>\n<\/ul>\n<hr data-start=\"2055\" data-end=\"2058\">\n<h2 data-start=\"2060\" data-end=\"2098\">\ud83d\uded2 Warum bei MarinePartSystem kaufen?<\/h2>\n<p data-start=\"2099\" data-end=\"2338\">Bei <strong data-start=\"2102\" data-end=\"2128\">MarinePartSystem (MPS<\/strong>) liefern wir nur Volvo Penta-Originalteile wie den <strong data-start=\"2180\" data-end=\"2203\">21549542 \u00d6lfilter<\/strong>. Mit schnellem weltweitem Versand, wettbewerbsf\u00e4higen Preisen und fachkundiger Unterst\u00fctzung helfen wir Ihnen, Ihren Motor zuverl\u00e4ssig und seetauglich zu halten.<\/p>\n","protected":false},"excerpt":{"rendered":"<p>Volvo Penta 21549542 \u00d6lfilter &#8211; Original OEM Der Volvo Penta 21549542 \u00d6lfilter ist ein Original-Erstausr\u00fcsterteil, das daf\u00fcr sorgt, dass Ihr Schiffsdieselmotor gesch\u00fctzt ist und reibungslos l\u00e4uft. \u00d6l ist das Lebenselixier Ihres Motors, und dieser Filter sorgt daf\u00fcr, dass es sauber bleibt, indem er sch\u00e4dlichen Schmutz, Metallpartikel und Schlamm entfernt. Die Verwendung des 21549542 \u00d6lfilters garantiert [&hellip;]<\/p>\n","protected":false},"featured_media":24515,"comment_status":"open","ping_status":"closed","template":"","meta":[],"product_brand":[4230],"product_cat":[2498,2790,4308,4309,4360,4587,4526],"product_tag":[],"class_list":{"0":"post-33973","1":"product","2":"type-product","3":"status-publish","4":"has-post-thumbnail","6":"product_brand-volvo-penta","7":"product_cat-ersatzteile-fur-motoren","8":"product_cat-olfilter","9":"product_cat-volvo-penta","10":"product_cat-volvo-penta-md-serie","11":"product_cat-volvo-penta-md6","12":"product_cat-volvo-penta-olfilter","13":"product_cat-volvo-penta-service-teile","14":"pa_condition-neu","15":"pa_model-aqd21a","16":"pa_model-md21a","17":"pa_model-tamd61","18":"pa_model-tamd63","19":"pa_model-tamd71","20":"pa_model-tamd72","21":"pa_model-tamd73","22":"pa_model-tamd74","23":"pa_model-tamd75","24":"pa_oem-or-aftermarket-oem","26":"first","27":"onbackorder","28":"sale","29":"taxable","30":"shipping-taxable","31":"purchasable","32":"product-type-simple"},"supplier_id":32142,"supplier_sku":"","barcode":null,"atum_controlled":true,"out_stock_date":"2025-12-01 14:24:33","out_stock_threshold":null,"inheritable":false,"inbound_stock":0,"stock_on_hold":0,"sold_today":0,"sales_last_days":0,"reserved_stock":0,"customer_returns":0,"warehouse_damage":0,"lost_in_post":0,"other_logs":0,"out_stock_days":109,"lost_sales":0,"has_location":false,"update_date":"2026-03-20T14:44:54","atum_locations":[],"atum_stock_status":"onbackorder","restock_status":false,"low_stock_amount":"","sales_update_date":"2026-03-20T14:31:40","calc_backorders":0,"_links":{"self":[{"href":"https:\/\/mps.digital-monkey.in\/de\/wp-json\/wp\/v2\/product\/33973","targetHints":{"allow":["GET"]}}],"collection":[{"href":"https:\/\/mps.digital-monkey.in\/de\/wp-json\/wp\/v2\/product"}],"about":[{"href":"https:\/\/mps.digital-monkey.in\/de\/wp-json\/wp\/v2\/types\/product"}],"replies":[{"embeddable":true,"href":"https:\/\/mps.digital-monkey.in\/de\/wp-json\/wp\/v2\/comments?post=33973"}],"wp:featuredmedia":[{"embeddable":true,"href":"https:\/\/mps.digital-monkey.in\/de\/wp-json\/wp\/v2\/media\/24515"}],"wp:attachment":[{"href":"https:\/\/mps.digital-monkey.in\/de\/wp-json\/wp\/v2\/media?parent=33973"}],"wp:term":[{"taxonomy":"product_brand","embeddable":true,"href":"https:\/\/mps.digital-monkey.in\/de\/wp-json\/wp\/v2\/product_brand?post=33973"},{"taxonomy":"product_cat","embeddable":true,"href":"https:\/\/mps.digital-monkey.in\/de\/wp-json\/wp\/v2\/product_cat?post=33973"},{"taxonomy":"product_tag","embeddable":true,"href":"https:\/\/mps.digital-monkey.in\/de\/wp-json\/wp\/v2\/product_tag?post=33973"}],"curies":[{"name":"wp","href":"https:\/\/api.w.org\/{rel}","templated":true}]}}