{"id":33976,"date":"2025-06-17T13:47:54","date_gmt":"2025-06-17T13:47:54","guid":{"rendered":"https:\/\/mps.digital-monkey.in\/product\/luftfilter-21646645\/"},"modified":"2026-03-20T14:45:33","modified_gmt":"2026-03-20T14:45:33","slug":"luftfilter-21646645","status":"publish","type":"product","link":"https:\/\/mps.digital-monkey.in\/de\/product\/luftfilter-21646645\/","title":{"rendered":"Luftfilter 21646645"},"content":{"rendered":"<p data-start=\"126\" data-end=\"149\"><strong data-start=\"126\" data-end=\"149\">Luftfilter 21646645<\/strong><\/p>\n<p data-start=\"151\" data-end=\"361\">Der Luftfilter 21646645 sorgt f\u00fcr einen sauberen, zuverl\u00e4ssigen Luftstrom zu Ihrem Motor und h\u00e4lt gleichzeitig Staub, Schmutz und andere sch\u00e4dliche Partikel zur\u00fcck. Er tr\u00e4gt dazu bei, die Leistung zu verbessern, interne Komponenten zu sch\u00fctzen und die Lebensdauer des Motors zu verl\u00e4ngern. <\/p>\n<p data-start=\"363\" data-end=\"612\"><strong data-start=\"363\" data-end=\"397\">Kompatibel mit diesen Motoren:<\/strong><br \/>\nAD31L-A, AD31P-A<br \/>\nAD41L-A, AD41P-A<br \/>\nD3-110I-A<br \/>\nD3-130A-A, D3-130I-A<br \/>\nD3-160A-A, D3-160I-A<br \/>\nD41L-A<br \/>\nTAMD31L-A, TAMD31M-A, TAMD31P-A, TAMD31S<br \/>\nTAMD41H-A, TAMD41H-B<br \/>\nTAMD41P, TAMD41P-A<br \/>\nTMD31L-A, TMD41L-A<\/p>\n<p data-start=\"614\" data-end=\"694\">Bitte \u00fcberpr\u00fcfen Sie vor dem Einbau die Kompatibilit\u00e4t mit Ihrem spezifischen Motormodell.<\/p>\n","protected":false},"excerpt":{"rendered":"<p>Luftfilter 21646645 Der Luftfilter 21646645 sorgt f\u00fcr einen sauberen, zuverl\u00e4ssigen Luftstrom zu Ihrem Motor und h\u00e4lt gleichzeitig Staub, Schmutz und andere sch\u00e4dliche Partikel zur\u00fcck. Er tr\u00e4gt dazu bei, die Leistung zu verbessern, interne Komponenten zu sch\u00fctzen und die Lebensdauer des Motors zu verl\u00e4ngern. Kompatibel mit diesen Motoren: AD31L-A, AD31P-A AD41L-A, AD41P-A D3-110I-A D3-130A-A, D3-130I-A D3-160A-A, [&hellip;]<\/p>\n","protected":false},"featured_media":42062,"comment_status":"open","ping_status":"closed","template":"","meta":[],"product_brand":[4230],"product_cat":[2498,2663,4526],"product_tag":[],"class_list":{"0":"post-33976","1":"product","2":"type-product","3":"status-publish","4":"has-post-thumbnail","6":"product_brand-volvo-penta","7":"product_cat-ersatzteile-fur-motoren","8":"product_cat-luftfilter","9":"product_cat-volvo-penta-service-teile","10":"pa_condition-neu","11":"pa_model-ad31","12":"pa_model-ad41","13":"pa_model-d3-110","14":"pa_model-d3-130","15":"pa_model-d3-160","16":"pa_model-d41","17":"pa_model-tamd31","18":"pa_model-tamd41","19":"pa_model-tmd31","20":"pa_model-tmd41","21":"pa_oem-or-aftermarket-oem","23":"first","24":"instock","25":"sale","26":"taxable","27":"shipping-taxable","28":"purchasable","29":"product-type-simple"},"supplier_id":32142,"supplier_sku":"","barcode":null,"atum_controlled":true,"out_stock_date":null,"out_stock_threshold":null,"inheritable":false,"inbound_stock":0,"stock_on_hold":0,"sold_today":0,"sales_last_days":0,"reserved_stock":0,"customer_returns":0,"warehouse_damage":0,"lost_in_post":0,"other_logs":0,"out_stock_days":0,"lost_sales":0,"has_location":false,"update_date":"2026-03-20T14:45:32","atum_locations":[],"atum_stock_status":"instock","restock_status":false,"low_stock_amount":"","sales_update_date":"2026-03-20T14:31:40","calc_backorders":0,"_links":{"self":[{"href":"https:\/\/mps.digital-monkey.in\/de\/wp-json\/wp\/v2\/product\/33976","targetHints":{"allow":["GET"]}}],"collection":[{"href":"https:\/\/mps.digital-monkey.in\/de\/wp-json\/wp\/v2\/product"}],"about":[{"href":"https:\/\/mps.digital-monkey.in\/de\/wp-json\/wp\/v2\/types\/product"}],"replies":[{"embeddable":true,"href":"https:\/\/mps.digital-monkey.in\/de\/wp-json\/wp\/v2\/comments?post=33976"}],"wp:featuredmedia":[{"embeddable":true,"href":"https:\/\/mps.digital-monkey.in\/de\/wp-json\/wp\/v2\/media\/42062"}],"wp:attachment":[{"href":"https:\/\/mps.digital-monkey.in\/de\/wp-json\/wp\/v2\/media?parent=33976"}],"wp:term":[{"taxonomy":"product_brand","embeddable":true,"href":"https:\/\/mps.digital-monkey.in\/de\/wp-json\/wp\/v2\/product_brand?post=33976"},{"taxonomy":"product_cat","embeddable":true,"href":"https:\/\/mps.digital-monkey.in\/de\/wp-json\/wp\/v2\/product_cat?post=33976"},{"taxonomy":"product_tag","embeddable":true,"href":"https:\/\/mps.digital-monkey.in\/de\/wp-json\/wp\/v2\/product_tag?post=33976"}],"curies":[{"name":"wp","href":"https:\/\/api.w.org\/{rel}","templated":true}]}}