{"id":33991,"date":"2025-06-17T13:47:55","date_gmt":"2025-06-17T13:47:55","guid":{"rendered":"https:\/\/mps.digital-monkey.in\/product\/luftfilter-21702999\/"},"modified":"2026-03-20T14:45:49","modified_gmt":"2026-03-20T14:45:49","slug":"luftfilter-21702999","status":"publish","type":"product","link":"https:\/\/mps.digital-monkey.in\/de\/product\/luftfilter-21702999\/","title":{"rendered":"Luftfilter 21702999"},"content":{"rendered":"<p data-start=\"142\" data-end=\"165\"><strong data-start=\"142\" data-end=\"165\">Luftfilter 21702999<\/strong><\/p>\n<p data-start=\"167\" data-end=\"526\">Der Luftfilter 21702999 wurde entwickelt, um einen sauberen, effizienten Luftstrom zu Ihrem Motor zu gew\u00e4hrleisten und ihn vor Staub, Schmutz und anderen sch\u00e4dlichen Verunreinigungen zu sch\u00fctzen. Dieser Hochleistungsfilter unterst\u00fctzt eine optimale Verbrennung, eine bessere Kraftstoffeffizienz und eine l\u00e4ngere Lebensdauer des Motors. Er wurde nach OEM-Spezifikationen gebaut und gew\u00e4hrleistet einen zuverl\u00e4ssigen Betrieb unter maritimen und industriellen Bedingungen.  <\/p>\n<p data-start=\"528\" data-end=\"576\"><strong data-start=\"528\" data-end=\"576\">Kompatibel mit den folgenden Motormodellen:<\/strong><\/p>\n<p data-start=\"578\" data-end=\"664\"><strong data-start=\"578\" data-end=\"593\">D11 Serie:<\/strong><br data-start=\"593\" data-end=\"596\">D11A-A, D11A-B, D11A-C, D11A-C (IPS), D11A-C MP, D11A-D MP, D11A-E<\/p>\n<p data-start=\"666\" data-end=\"1036\"><strong data-start=\"666\" data-end=\"680\">D4 Serie:<\/strong><br data-start=\"680\" data-end=\"683\">D4-150A-G<br data-start=\"692\" data-end=\"695\">D4-175I-G<br data-start=\"704\" data-end=\"707\">D4-180I-B, C, D, E, F<br data-start=\"728\" data-end=\"731\">D4-210A-A, B<br data-start=\"743\" data-end=\"746\">D4-210I-A, B<br data-start=\"758\" data-end=\"761\">D4-225A-B, C, D, E, F<br data-start=\"782\" data-end=\"785\">D4-225I-B, C, D, E, F<br data-start=\"806\" data-end=\"809\">D4-230A-G<br data-start=\"818\" data-end=\"821\">D4-230I-G<br data-start=\"830\" data-end=\"833\">D4-260A-A, B, C, D, E, F<br data-start=\"857\" data-end=\"860\">D4-260D-B, C, D, E, F<br data-start=\"881\" data-end=\"884\">D4-260I-A, B, C, D, E, F<br data-start=\"908\" data-end=\"911\">D4-270A-G<br data-start=\"920\" data-end=\"923\">D4-270I-G<br data-start=\"932\" data-end=\"935\">D4-300A-A, C, D, E, F, G<br data-start=\"959\" data-end=\"962\">D4-300D-A, C, D, E, F<br data-start=\"983\" data-end=\"986\">D4-300I-A, C, D, E, F, G<br data-start=\"1010\" data-end=\"1013\">D4-320A-G<br data-start=\"1022\" data-end=\"1025\">D4-320I-G<\/p>\n<p data-start=\"1038\" data-end=\"1609\"><strong data-start=\"1038\" data-end=\"1052\">Serie D6:<\/strong><br data-start=\"1052\" data-end=\"1055\">D6-280A-A, B, C, D, E<br data-start=\"1076\" data-end=\"1079\">D6-280I-A, B, C, D, E<br data-start=\"1100\" data-end=\"1103\">D6-300A-F, G<br data-start=\"1115\" data-end=\"1118\">D6-300D-F, G<br data-start=\"1130\" data-end=\"1133\">D6-300I-F, G<br data-start=\"1145\" data-end=\"1148\">D6-310A-A, B, C, D, E<br data-start=\"1169\" data-end=\"1172\">D6-310D-B, C, D, E<br data-start=\"1190\" data-end=\"1193\">D6-310I-A, B, C, D, E<br data-start=\"1214\" data-end=\"1217\">D6-330A-B, C, D, E, F<br data-start=\"1238\" data-end=\"1241\">D6-330D-B, C, D, E, F<br data-start=\"1262\" data-end=\"1265\">D6-330I-B, C, D, E, F<br data-start=\"1286\" data-end=\"1289\">D6-340A-G<br data-start=\"1298\" data-end=\"1301\">D6-340D-G<br data-start=\"1310\" data-end=\"1313\">D6-340I-G<br data-start=\"1322\" data-end=\"1325\">D6-350A-A, B<br data-start=\"1337\" data-end=\"1340\">D6-370A-B, C, D, E, F<br data-start=\"1361\" data-end=\"1364\">D6-370D-A, B, C, D, E, F<br data-start=\"1388\" data-end=\"1391\">D6-370I-A, B, C, D, E, F<br data-start=\"1415\" data-end=\"1418\">D6-380A-G<br data-start=\"1427\" data-end=\"1430\">D6-380D-G<br data-start=\"1439\" data-end=\"1442\">D6-380I-G<br data-start=\"1451\" data-end=\"1454\">D6-400A-E, F, G<br data-start=\"1469\" data-end=\"1472\">D6-435D-A, C, D, E, F<br data-start=\"1493\" data-end=\"1496\">D6-435I-A, C, D, E, F<br data-start=\"1517\" data-end=\"1520\">D6-440A-G<br data-start=\"1529\" data-end=\"1532\">D6-440D-G<br data-start=\"1541\" data-end=\"1544\">D6-440I-G<br data-start=\"1553\" data-end=\"1556\">D6-440I-WJ-G<br data-start=\"1568\" data-end=\"1571\">D6-480D-G<br data-start=\"1580\" data-end=\"1583\">D6-480I-G<br data-start=\"1592\" data-end=\"1595\">D6-480I-WJ-G<\/p>\n<p data-start=\"1611\" data-end=\"1718\"><strong data-start=\"1611\" data-end=\"1625\">D9 Serie:<\/strong><br data-start=\"1625\" data-end=\"1628\">D9A2A, B, C, D, E, F, G, H, J, K<br data-start=\"1660\" data-end=\"1663\">D9A2L MH<br data-start=\"1671\" data-end=\"1674\">D9A2M MP<\/p>\n","protected":false},"excerpt":{"rendered":"<p>Luftfilter 21702999 Der Luftfilter 21702999 wurde entwickelt, um einen sauberen, effizienten Luftstrom zu Ihrem Motor zu gew\u00e4hrleisten und ihn vor Staub, Schmutz und anderen sch\u00e4dlichen Verunreinigungen zu sch\u00fctzen. Dieser Hochleistungsfilter unterst\u00fctzt eine optimale Verbrennung, eine bessere Kraftstoffeffizienz und eine l\u00e4ngere Lebensdauer des Motors. Er wurde nach OEM-Spezifikationen gebaut und gew\u00e4hrleistet einen zuverl\u00e4ssigen Betrieb unter maritimen [&hellip;]<\/p>\n","protected":false},"featured_media":43258,"comment_status":"open","ping_status":"closed","template":"","meta":[],"product_brand":[4230],"product_cat":[2498,2663,4526],"product_tag":[],"class_list":{"0":"post-33991","1":"product","2":"type-product","3":"status-publish","4":"has-post-thumbnail","6":"product_brand-volvo-penta","7":"product_cat-ersatzteile-fur-motoren","8":"product_cat-luftfilter","9":"product_cat-volvo-penta-service-teile","10":"pa_condition-neu","11":"pa_model-d4-150","12":"pa_model-d4-175","13":"pa_model-d4-180","14":"pa_model-d4-210","15":"pa_model-d4-225","16":"pa_model-d4-230","17":"pa_model-d4-260","18":"pa_model-d4-270","19":"pa_model-d4-300","20":"pa_model-d4-320","21":"pa_model-d6-280","22":"pa_model-d6-300","23":"pa_model-d6-310","24":"pa_model-d6-330","25":"pa_model-d6-340","26":"pa_model-d6-350","27":"pa_model-d6-370","28":"pa_model-d6-380","29":"pa_model-d6-400","30":"pa_model-d6-435","31":"pa_model-d6-440","32":"pa_model-d6-480","33":"pa_oem-or-aftermarket-oem","35":"first","36":"onbackorder","37":"sale","38":"taxable","39":"shipping-taxable","40":"purchasable","41":"product-type-simple"},"supplier_id":32142,"supplier_sku":"","barcode":null,"atum_controlled":true,"out_stock_date":"2025-11-21 12:55:30","out_stock_threshold":null,"inheritable":false,"inbound_stock":0,"stock_on_hold":0,"sold_today":0,"sales_last_days":0,"reserved_stock":0,"customer_returns":0,"warehouse_damage":0,"lost_in_post":0,"other_logs":0,"out_stock_days":119,"lost_sales":0,"has_location":false,"update_date":"2026-03-20T14:45:49","atum_locations":[],"atum_stock_status":"onbackorder","restock_status":false,"low_stock_amount":"","sales_update_date":"2026-03-20T14:31:40","calc_backorders":0,"_links":{"self":[{"href":"https:\/\/mps.digital-monkey.in\/de\/wp-json\/wp\/v2\/product\/33991","targetHints":{"allow":["GET"]}}],"collection":[{"href":"https:\/\/mps.digital-monkey.in\/de\/wp-json\/wp\/v2\/product"}],"about":[{"href":"https:\/\/mps.digital-monkey.in\/de\/wp-json\/wp\/v2\/types\/product"}],"replies":[{"embeddable":true,"href":"https:\/\/mps.digital-monkey.in\/de\/wp-json\/wp\/v2\/comments?post=33991"}],"wp:featuredmedia":[{"embeddable":true,"href":"https:\/\/mps.digital-monkey.in\/de\/wp-json\/wp\/v2\/media\/43258"}],"wp:attachment":[{"href":"https:\/\/mps.digital-monkey.in\/de\/wp-json\/wp\/v2\/media?parent=33991"}],"wp:term":[{"taxonomy":"product_brand","embeddable":true,"href":"https:\/\/mps.digital-monkey.in\/de\/wp-json\/wp\/v2\/product_brand?post=33991"},{"taxonomy":"product_cat","embeddable":true,"href":"https:\/\/mps.digital-monkey.in\/de\/wp-json\/wp\/v2\/product_cat?post=33991"},{"taxonomy":"product_tag","embeddable":true,"href":"https:\/\/mps.digital-monkey.in\/de\/wp-json\/wp\/v2\/product_tag?post=33991"}],"curies":[{"name":"wp","href":"https:\/\/api.w.org\/{rel}","templated":true}]}}