{"id":34010,"date":"2025-06-17T13:48:28","date_gmt":"2025-06-17T13:48:28","guid":{"rendered":"https:\/\/mps.digital-monkey.in\/product\/volvo-penta-service-kit-d3-d-h-21759184\/"},"modified":"2026-03-20T14:46:44","modified_gmt":"2026-03-20T14:46:44","slug":"volvo-penta-service-kit-d3-d-h-21759184","status":"publish","type":"product","link":"https:\/\/mps.digital-monkey.in\/de\/product\/volvo-penta-service-kit-d3-d-h-21759184\/","title":{"rendered":"Volvo Penta Service-Kit D3 D-H 21759184"},"content":{"rendered":"<p data-start=\"534\" data-end=\"579\"><strong data-start=\"534\" data-end=\"577\">Volvo Penta Service Kit &#8211; D3 D-H Serie<\/strong><\/p>\n<p data-start=\"581\" data-end=\"756\">Halten Sie Ihren Volvo Penta D3-Motor mit diesem umfassenden Service-Kit, das mit einer Vielzahl von D3-D-, D3-E- und D3-F-Motorvarianten kompatibel ist, auf H\u00f6chstleistung:<\/p>\n<p data-start=\"758\" data-end=\"790\"><strong data-start=\"758\" data-end=\"788\">Passt zu den folgenden Modellen:<\/strong><\/p>\n<ul data-start=\"791\" data-end=\"1260\">\n<li data-start=\"791\" data-end=\"837\">\n<p data-start=\"793\" data-end=\"837\">D3-110I-D, D3-110I-E, D3-110I-F, D3-110I-G<\/p>\n<\/li>\n<li data-start=\"838\" data-end=\"884\">\n<p data-start=\"840\" data-end=\"884\">D3-140A-D, D3-140A-E, D3-140A-F, D3-140A-G<\/p>\n<\/li>\n<li data-start=\"885\" data-end=\"931\">\n<p data-start=\"887\" data-end=\"931\">D3-140I-D, D3-140I-E, D3-140I-F, D3-140I-G<\/p>\n<\/li>\n<li data-start=\"932\" data-end=\"978\">\n<p data-start=\"934\" data-end=\"978\">D3-150I-D, D3-150I-E, D3-150I-F, D3-150I-G<\/p>\n<\/li>\n<li data-start=\"979\" data-end=\"1025\">\n<p data-start=\"981\" data-end=\"1025\">D3-170A-D, D3-170A-E, D3-170A-F, D3-170A-G<\/p>\n<\/li>\n<li data-start=\"1026\" data-end=\"1072\">\n<p data-start=\"1028\" data-end=\"1072\">D3-170I-D, D3-170I-E, D3-170I-F, D3-170I-G<\/p>\n<\/li>\n<li data-start=\"1073\" data-end=\"1119\">\n<p data-start=\"1075\" data-end=\"1119\">D3-200A-D, D3-200A-E, D3-200A-F, D3-200A-G<\/p>\n<\/li>\n<li data-start=\"1120\" data-end=\"1166\">\n<p data-start=\"1122\" data-end=\"1166\">D3-200I-D, D3-200I-E, D3-200I-F, D3-200I-G<\/p>\n<\/li>\n<li data-start=\"1167\" data-end=\"1213\">\n<p data-start=\"1169\" data-end=\"1213\">D3-220A-D, D3-220A-E, D3-220A-F, D3-220A-G<\/p>\n<\/li>\n<li data-start=\"1214\" data-end=\"1260\">\n<p data-start=\"1216\" data-end=\"1260\">D3-220I-D, D3-220I-E, D3-220I-F, D3-220I-G<\/p>\n<\/li>\n<\/ul>\n<p data-start=\"1262\" data-end=\"1281\"><strong data-start=\"1262\" data-end=\"1279\">Das Kit enth\u00e4lt:<\/strong><\/p>\n<ul data-start=\"1282\" data-end=\"1563\">\n<li data-start=\"1282\" data-end=\"1360\">\n<p data-start=\"1284\" data-end=\"1360\"><strong data-start=\"1284\" data-end=\"1299\">\u00d6lfilter:<\/strong> 30788490 &#8211; H\u00e4lt das Motor\u00f6l sauber und sch\u00fctzt die beweglichen Teile.<\/p>\n<\/li>\n<li data-start=\"1361\" data-end=\"1450\">\n<p data-start=\"1363\" data-end=\"1450\"><strong data-start=\"1363\" data-end=\"1379\">Kraftstofffilter:<\/strong> 2113981 &#8211; Sorgt daf\u00fcr, dass der Kraftstoff frei von Verunreinigungen ist und reibungslos funktioniert.<\/p>\n<\/li>\n<li data-start=\"1451\" data-end=\"1563\">\n<p data-start=\"1453\" data-end=\"1563\"><strong data-start=\"1453\" data-end=\"1466\">Impeller:<\/strong> 21951352 &#8211; Sorgt f\u00fcr einen ordnungsgem\u00e4\u00dfen Wasserdurchfluss, um eine \u00dcberhitzung zu verhindern und die Motorkomponenten zu sch\u00fctzen.<\/p>\n<\/li>\n<\/ul>\n<p data-start=\"1565\" data-end=\"1691\">Dieses Kit ist ideal f\u00fcr die <strong data-start=\"1575\" data-end=\"1618\">professionelle Wartung oder den Heimwerker<\/strong>. Es enth\u00e4lt alle wichtigen Komponenten in einem praktischen Paket.<\/p>\n","protected":false},"excerpt":{"rendered":"<p>Volvo Penta Service Kit &#8211; D3 D-H Serie Halten Sie Ihren Volvo Penta D3-Motor mit diesem umfassenden Service-Kit, das mit einer Vielzahl von D3-D-, D3-E- und D3-F-Motorvarianten kompatibel ist, auf H\u00f6chstleistung: Passt zu den folgenden Modellen: D3-110I-D, D3-110I-E, D3-110I-F, D3-110I-G D3-140A-D, D3-140A-E, D3-140A-F, D3-140A-G D3-140I-D, D3-140I-E, D3-140I-F, D3-140I-G D3-150I-D, D3-150I-E, D3-150I-F, D3-150I-G D3-170A-D, D3-170A-E, D3-170A-F, [&hellip;]<\/p>\n","protected":false},"featured_media":34011,"comment_status":"open","ping_status":"closed","template":"","meta":[],"product_brand":[4230],"product_cat":[2498,3202,4479,4308,4526],"product_tag":[],"class_list":{"0":"post-34010","1":"product","2":"type-product","3":"status-publish","4":"has-post-thumbnail","6":"product_brand-volvo-penta","7":"product_cat-ersatzteile-fur-motoren","8":"product_cat-service-kits","9":"product_cat-service-kits-volvo-penta","10":"product_cat-volvo-penta","11":"product_cat-volvo-penta-service-teile","12":"pa_condition-neu","13":"pa_model-d3-110","14":"pa_model-d3-140","15":"pa_model-d3-150","16":"pa_model-d3-170","17":"pa_model-d3-200","18":"pa_model-d3-220","19":"pa_oem-or-aftermarket-oem","21":"first","22":"onbackorder","23":"sale","24":"taxable","25":"shipping-taxable","26":"purchasable","27":"product-type-simple"},"supplier_id":32142,"supplier_sku":"","barcode":null,"atum_controlled":true,"out_stock_date":"2025-11-21 12:55:10","out_stock_threshold":null,"inheritable":false,"inbound_stock":0,"stock_on_hold":0,"sold_today":0,"sales_last_days":0,"reserved_stock":0,"customer_returns":0,"warehouse_damage":0,"lost_in_post":0,"other_logs":0,"out_stock_days":119,"lost_sales":0,"has_location":false,"update_date":"2026-03-20T14:46:44","atum_locations":[],"atum_stock_status":"onbackorder","restock_status":false,"low_stock_amount":"","sales_update_date":"2026-03-20T14:31:40","calc_backorders":0,"_links":{"self":[{"href":"https:\/\/mps.digital-monkey.in\/de\/wp-json\/wp\/v2\/product\/34010","targetHints":{"allow":["GET"]}}],"collection":[{"href":"https:\/\/mps.digital-monkey.in\/de\/wp-json\/wp\/v2\/product"}],"about":[{"href":"https:\/\/mps.digital-monkey.in\/de\/wp-json\/wp\/v2\/types\/product"}],"replies":[{"embeddable":true,"href":"https:\/\/mps.digital-monkey.in\/de\/wp-json\/wp\/v2\/comments?post=34010"}],"wp:featuredmedia":[{"embeddable":true,"href":"https:\/\/mps.digital-monkey.in\/de\/wp-json\/wp\/v2\/media\/34011"}],"wp:attachment":[{"href":"https:\/\/mps.digital-monkey.in\/de\/wp-json\/wp\/v2\/media?parent=34010"}],"wp:term":[{"taxonomy":"product_brand","embeddable":true,"href":"https:\/\/mps.digital-monkey.in\/de\/wp-json\/wp\/v2\/product_brand?post=34010"},{"taxonomy":"product_cat","embeddable":true,"href":"https:\/\/mps.digital-monkey.in\/de\/wp-json\/wp\/v2\/product_cat?post=34010"},{"taxonomy":"product_tag","embeddable":true,"href":"https:\/\/mps.digital-monkey.in\/de\/wp-json\/wp\/v2\/product_tag?post=34010"}],"curies":[{"name":"wp","href":"https:\/\/api.w.org\/{rel}","templated":true}]}}