{"id":34027,"date":"2025-06-17T13:49:05","date_gmt":"2025-06-17T13:49:05","guid":{"rendered":"https:\/\/mps.digital-monkey.in\/product\/oelfilter-22030848\/"},"modified":"2026-03-20T14:48:12","modified_gmt":"2026-03-20T14:48:12","slug":"oelfilter-22030848","status":"publish","type":"product","link":"https:\/\/mps.digital-monkey.in\/de\/product\/oelfilter-22030848\/","title":{"rendered":"Volvo Penta \u00d6lfilter 22030848"},"content":{"rendered":"<p data-start=\"678\" data-end=\"738\"><strong data-start=\"678\" data-end=\"736\">Kompatible Motoren (unvollst\u00e4ndige Liste aus Gr\u00fcnden der \u00dcbersichtlichkeit):<\/strong><\/p>\n<ul data-start=\"739\" data-end=\"1087\">\n<li data-start=\"739\" data-end=\"887\">\n<p data-start=\"741\" data-end=\"887\"><strong data-start=\"741\" data-end=\"755\">D4 Serie:<\/strong> D4-180I, D4-210A\/B, D4-225A\/B\/C\/D\/E\/F, D4-260A\/B\/C\/D\/E\/F, D4-300A\/B\/C\/D\/E\/F, D4-320I, D4-175I, D4-230I, D4-270I, D4-300I, D4-145I<\/p>\n<\/li>\n<li data-start=\"888\" data-end=\"1087\">\n<p data-start=\"890\" data-end=\"1087\"><strong data-start=\"890\" data-end=\"904\">D6 Serie:<\/strong> D6-280A\/B\/C\/D\/E, D6-310A\/B\/C\/D\/E, D6-330A\/B\/C\/D\/E\/F, D6-340A\/D\/I, D6-350A\/A-B, D6-370A\/B\/C\/D\/F, D6-380A\/D\/I, D6-400A\/G, D6-435D\/A\/C\/D\/E\/F, D6-435I\/A\/C\/E\/F, D6-440A\/D\/I, D6-480A\/D\/I<\/p>\n<\/li>\n<\/ul>\n<p data-start=\"1089\" data-end=\"1108\"><strong data-start=\"1089\" data-end=\"1106\">Wichtige Merkmale:<\/strong><\/p>\n<ul data-start=\"1109\" data-end=\"1291\">\n<li data-start=\"1109\" data-end=\"1170\">\n<p data-start=\"1111\" data-end=\"1170\">Bietet eine hervorragende Filterung zum Schutz der Motorkomponenten<\/p>\n<\/li>\n<li data-start=\"1171\" data-end=\"1220\">\n<p data-start=\"1173\" data-end=\"1220\">Sorgt f\u00fcr einen sauberen \u00d6lfluss und damit f\u00fcr Spitzenleistung<\/p>\n<\/li>\n<li data-start=\"1221\" data-end=\"1291\">\n<p data-start=\"1223\" data-end=\"1291\">Langlebiger und zuverl\u00e4ssiger Ersatz f\u00fcr Volvo Penta D4 und D6 Motoren<\/p>\n<\/li>\n<\/ul>\n<p data-start=\"1293\" data-end=\"1425\">Dieser \u00d6lfilter eignet sich perfekt f\u00fcr die <strong data-start=\"1305\" data-end=\"1350\">professionelle Wartung oder den Heimwerker<\/strong> und tr\u00e4gt dazu bei, die Lebensdauer des Motors zu verl\u00e4ngern und die Spitzenleistung zu erhalten.<\/p>\n<p data-start=\"1746\" data-end=\"1898\">\n","protected":false},"excerpt":{"rendered":"<p>Kompatible Motoren (unvollst\u00e4ndige Liste aus Gr\u00fcnden der \u00dcbersichtlichkeit): D4 Serie: D4-180I, D4-210A\/B, D4-225A\/B\/C\/D\/E\/F, D4-260A\/B\/C\/D\/E\/F, D4-300A\/B\/C\/D\/E\/F, D4-320I, D4-175I, D4-230I, D4-270I, D4-300I, D4-145I D6 Serie: D6-280A\/B\/C\/D\/E, D6-310A\/B\/C\/D\/E, D6-330A\/B\/C\/D\/E\/F, D6-340A\/D\/I, D6-350A\/A-B, D6-370A\/B\/C\/D\/F, D6-380A\/D\/I, D6-400A\/G, D6-435D\/A\/C\/D\/E\/F, D6-435I\/A\/C\/E\/F, D6-440A\/D\/I, D6-480A\/D\/I Wichtige Merkmale: Bietet eine hervorragende Filterung zum Schutz der Motorkomponenten Sorgt f\u00fcr einen sauberen \u00d6lfluss und damit f\u00fcr Spitzenleistung Langlebiger [&hellip;]<\/p>\n","protected":false},"featured_media":24603,"comment_status":"open","ping_status":"closed","template":"","meta":[],"product_brand":[4230],"product_cat":[2498,2790,4587,4526],"product_tag":[],"class_list":{"0":"post-34027","1":"product","2":"type-product","3":"status-publish","4":"has-post-thumbnail","6":"product_brand-volvo-penta","7":"product_cat-ersatzteile-fur-motoren","8":"product_cat-olfilter","9":"product_cat-volvo-penta-olfilter","10":"product_cat-volvo-penta-service-teile","11":"pa_condition-neu","12":"pa_model-d4-145","13":"pa_model-d4-175","14":"pa_model-d4-180","15":"pa_model-d4-210","16":"pa_model-d4-225","17":"pa_model-d4-230","18":"pa_model-d4-260","19":"pa_model-d4-270","20":"pa_model-d4-300","21":"pa_model-d4-320","22":"pa_model-d6-280","23":"pa_model-d6-310","24":"pa_model-d6-330","25":"pa_model-d6-340","26":"pa_model-d6-350","27":"pa_model-d6-370","28":"pa_model-d6-380","29":"pa_model-d6-400","30":"pa_model-d6-435","31":"pa_model-d6-440","32":"pa_model-d6-480","33":"pa_oem-or-aftermarket-oem","35":"first","36":"onbackorder","37":"sale","38":"taxable","39":"shipping-taxable","40":"purchasable","41":"product-type-simple"},"supplier_id":32142,"supplier_sku":"","barcode":null,"atum_controlled":true,"out_stock_date":"2025-12-01 14:24:28","out_stock_threshold":null,"inheritable":false,"inbound_stock":0,"stock_on_hold":0,"sold_today":0,"sales_last_days":0,"reserved_stock":0,"customer_returns":0,"warehouse_damage":0,"lost_in_post":0,"other_logs":0,"out_stock_days":109,"lost_sales":0,"has_location":false,"update_date":"2026-03-20T14:48:12","atum_locations":[],"atum_stock_status":"onbackorder","restock_status":false,"low_stock_amount":"","sales_update_date":"2026-03-20T14:31:40","calc_backorders":0,"_links":{"self":[{"href":"https:\/\/mps.digital-monkey.in\/de\/wp-json\/wp\/v2\/product\/34027","targetHints":{"allow":["GET"]}}],"collection":[{"href":"https:\/\/mps.digital-monkey.in\/de\/wp-json\/wp\/v2\/product"}],"about":[{"href":"https:\/\/mps.digital-monkey.in\/de\/wp-json\/wp\/v2\/types\/product"}],"replies":[{"embeddable":true,"href":"https:\/\/mps.digital-monkey.in\/de\/wp-json\/wp\/v2\/comments?post=34027"}],"wp:featuredmedia":[{"embeddable":true,"href":"https:\/\/mps.digital-monkey.in\/de\/wp-json\/wp\/v2\/media\/24603"}],"wp:attachment":[{"href":"https:\/\/mps.digital-monkey.in\/de\/wp-json\/wp\/v2\/media?parent=34027"}],"wp:term":[{"taxonomy":"product_brand","embeddable":true,"href":"https:\/\/mps.digital-monkey.in\/de\/wp-json\/wp\/v2\/product_brand?post=34027"},{"taxonomy":"product_cat","embeddable":true,"href":"https:\/\/mps.digital-monkey.in\/de\/wp-json\/wp\/v2\/product_cat?post=34027"},{"taxonomy":"product_tag","embeddable":true,"href":"https:\/\/mps.digital-monkey.in\/de\/wp-json\/wp\/v2\/product_tag?post=34027"}],"curies":[{"name":"wp","href":"https:\/\/api.w.org\/{rel}","templated":true}]}}