{"id":34209,"date":"2025-06-17T13:51:52","date_gmt":"2025-06-17T13:51:52","guid":{"rendered":"https:\/\/mps.digital-monkey.in\/product\/volvo-penta-thermostat-3580365\/"},"modified":"2025-10-28T19:07:38","modified_gmt":"2025-10-28T19:07:38","slug":"volvo-penta-thermostat-3580365","status":"publish","type":"product","link":"https:\/\/mps.digital-monkey.in\/de\/produkt\/volvo-penta-thermostat-3580365\/","title":{"rendered":"Volvo Penta Thermostat 3580365"},"content":{"rendered":"<h3>Thermostat f\u00fcr Volvo Penta MD2030 \/ MD2040 \/ D2-55 Motoren - 3580365<\/h3>\n<p>Dieses hochwertige Ersatzthermostat (Teilenummer 3580365) ist f\u00fcr eine Reihe von Volvo Penta Dieselmotoren geeignet. Er sorgt f\u00fcr eine pr\u00e4zise Regulierung der Motortemperatur, um die Leistung zu optimieren und eine \u00dcberhitzung unter anspruchsvollen maritimen Bedingungen zu verhindern. <\/p>\n<p><strong>Passt f\u00fcr die folgenden Motoren:<\/strong><\/p>\n<p><strong>MD2030 Serie:<\/strong><br \/>\nMD2030A, MD2030B, MD2030C, MD2030D<\/p>\n<p><strong>MD2040 Serie:<\/strong><br \/>\nMD2040A, MD2040B, MD2040C, MD2040D<\/p>\n<p><strong>D2-Serie:<\/strong><br \/>\nD2-55A, D2-55B<\/p>\n<hr>\n<h3>Wichtige Merkmale:<\/h3>\n<ul>\n<li>\n<p>Nicht originales Ersatzthermostat - Teil Nr. 3580365<\/p>\n<\/li>\n<li>\n<p>Bietet eine genaue Kontrolle der Motortemperatur<\/p>\n<\/li>\n<li>\n<p>Verbessert die Effizienz und Langlebigkeit des Motors<\/p>\n<\/li>\n<li>\n<p>Entwickelt f\u00fcr Schiffsdieselmotoren mit Korrosionsbest\u00e4ndigkeit<\/p>\n<\/li>\n<li>\n<p>Zuverl\u00e4ssige Aftermarket-Qualit\u00e4t<\/p>\n<\/li>\n<\/ul>\n<p>???? <strong>Teilenummer:<\/strong> 3580365<br \/>\n????\ufe0f <strong>Typ:<\/strong> Ersatzthermostat<br \/>\n???? <strong>Enth\u00e4lt:<\/strong> Nur Thermostateinheit<\/p>\n<hr>\n","protected":false},"excerpt":{"rendered":"<p>Thermostat f\u00fcr Volvo Penta MD2030 \/ MD2040 \/ D2-55 Motoren - 3580365 Dieses hochwertige Ersatzthermostat (Teilenummer 3580365) ist f\u00fcr eine Reihe von Volvo Penta Dieselmotoren geeignet. Er sorgt f\u00fcr eine pr\u00e4zise Regulierung der Motortemperatur, um die Leistung zu optimieren und eine \u00dcberhitzung unter anspruchsvollen maritimen Bedingungen zu verhindern. Passt f\u00fcr die folgenden Motoren: MD2030 Serie: [&hellip;]<\/p>\n","protected":false},"featured_media":24831,"comment_status":"open","ping_status":"closed","template":"","meta":[],"product_brand":[4230],"product_cat":[2498,3294,4308,4335,4309,4316,4318,4331,4526],"product_tag":[],"class_list":{"0":"post-34209","1":"product","2":"type-product","3":"status-publish","4":"has-post-thumbnail","6":"product_brand-volvo-penta","7":"product_cat-ersatzteile-fur-motoren","8":"product_cat-thermostate","9":"product_cat-volvo-penta","10":"product_cat-volvo-penta-d2-55-teile","11":"product_cat-volvo-penta-md-serie","12":"product_cat-volvo-penta-md2030-teile","13":"product_cat-volvo-penta-md2040-teile","14":"product_cat-volvo-penta-serie-d2","15":"product_cat-volvo-penta-service-teile","17":"first","18":"instock","19":"taxable","20":"shipping-taxable","21":"purchasable","22":"product-type-simple"},"supplier_id":null,"supplier_sku":"","barcode":null,"atum_controlled":true,"out_stock_date":null,"out_stock_threshold":null,"inheritable":false,"inbound_stock":0,"stock_on_hold":0,"sold_today":0,"sales_last_days":0,"reserved_stock":0,"customer_returns":0,"warehouse_damage":0,"lost_in_post":0,"other_logs":0,"out_stock_days":0,"lost_sales":0,"has_location":false,"update_date":"2026-03-20T15:53:20","atum_locations":[],"atum_stock_status":"instock","restock_status":false,"low_stock_amount":"","sales_update_date":"2026-03-20T15:53:20","calc_backorders":0,"_links":{"self":[{"href":"https:\/\/mps.digital-monkey.in\/de\/wp-json\/wp\/v2\/product\/34209","targetHints":{"allow":["GET"]}}],"collection":[{"href":"https:\/\/mps.digital-monkey.in\/de\/wp-json\/wp\/v2\/product"}],"about":[{"href":"https:\/\/mps.digital-monkey.in\/de\/wp-json\/wp\/v2\/types\/product"}],"replies":[{"embeddable":true,"href":"https:\/\/mps.digital-monkey.in\/de\/wp-json\/wp\/v2\/comments?post=34209"}],"wp:featuredmedia":[{"embeddable":true,"href":"https:\/\/mps.digital-monkey.in\/de\/wp-json\/wp\/v2\/media\/24831"}],"wp:attachment":[{"href":"https:\/\/mps.digital-monkey.in\/de\/wp-json\/wp\/v2\/media?parent=34209"}],"wp:term":[{"taxonomy":"product_brand","embeddable":true,"href":"https:\/\/mps.digital-monkey.in\/de\/wp-json\/wp\/v2\/product_brand?post=34209"},{"taxonomy":"product_cat","embeddable":true,"href":"https:\/\/mps.digital-monkey.in\/de\/wp-json\/wp\/v2\/product_cat?post=34209"},{"taxonomy":"product_tag","embeddable":true,"href":"https:\/\/mps.digital-monkey.in\/de\/wp-json\/wp\/v2\/product_tag?post=34209"}],"curies":[{"name":"wp","href":"https:\/\/api.w.org\/{rel}","templated":true}]}}