{"id":34279,"date":"2025-06-17T14:19:45","date_gmt":"2025-06-17T14:19:45","guid":{"rendered":"https:\/\/mps.digital-monkey.in\/product\/yanmar-105582-49200-thermostat\/"},"modified":"2025-12-20T05:25:53","modified_gmt":"2025-12-20T05:25:53","slug":"yanmar-105582-49200-thermostat","status":"publish","type":"product","link":"https:\/\/mps.digital-monkey.in\/de\/produkt\/yanmar-105582-49200-thermostat\/","title":{"rendered":"Yanmar 105582-49200 Thermostat"},"content":{"rendered":"<p>Yanmar 105582-49200 Thermostat f\u00fcr die direkt gek\u00fchlten Motoren der GM-Serie, YSM-Serie und des 3QM30.<\/p>\n<p>Die Yanmar 3HM(35) Motoren haben auch dieses Thermostat (2x)<\/p>\n<p>Optional f\u00fcr den Yanmar YSB8, Yanmar YSB12 und Yanmar YSE8, Yanmar YSE12<\/p>\n<p>Dieses Thermostat passt f\u00fcr die unten aufgef\u00fchrten Motoren.<\/p>\n<p>Yanmar YSB8, Yanmar YSB12<\/p>\n<p>Yanmar YSE8, Yanmar YSE12<\/p>\n<p>Yanmar YSM8, Yanmar YSM12<\/p>\n<p>Yanmar 3QM30<\/p>\n<p>Yanmar 1GM, Yanmar 1GM10, Yanmar 2GM, Yanmar 2GM20, Yanmar 2GM20, Yanmar 3GM, Yanmar 3GM30, Yanmar 3GM30 EU<\/p>\n<p>Yanmar 3HM, Yanmar 3HM35<\/p>\n","protected":false},"excerpt":{"rendered":"<p>Yanmar 105582-49200 Thermostat f\u00fcr die direkt gek\u00fchlten Motoren der GM-Serie, YSM-Serie und des 3QM30. Die Yanmar 3HM(35) Motoren haben auch dieses Thermostat (2x) Optional f\u00fcr den Yanmar YSB8, Yanmar YSB12 und Yanmar YSE8, Yanmar YSE12 Dieses Thermostat passt f\u00fcr die unten aufgef\u00fchrten Motoren. Yanmar YSB8, Yanmar YSB12 Yanmar YSE8, Yanmar YSE12 Yanmar YSM8, Yanmar YSM12 [&hellip;]<\/p>\n","protected":false},"featured_media":34280,"comment_status":"open","ping_status":"closed","template":"","meta":[],"product_brand":[4236],"product_cat":[4452,4442,4443,2498,3294,4441],"product_tag":[],"class_list":{"0":"post-34279","1":"product","2":"type-product","3":"status-publish","4":"has-post-thumbnail","6":"product_brand-yanmar","7":"product_cat-1gm-1gm10-teile","8":"product_cat-2gm-2gm20-teile","9":"product_cat-3gm-3gm30-teile","10":"product_cat-ersatzteile-fur-motoren","11":"product_cat-thermostate","12":"product_cat-yanmar","13":"pa_condition-neu","14":"pa_model-1gm","15":"pa_model-1gm10","16":"pa_model-2gm","17":"pa_model-2gm20","18":"pa_model-3gm","19":"pa_model-3gm30","20":"pa_model-3hm","21":"pa_model-3hm35","22":"pa_model-3qm30","23":"pa_model-ysb12","24":"pa_model-ysb8","25":"pa_model-yse12","26":"pa_model-yse8","27":"pa_model-ysm12","28":"pa_model-ysm8","29":"pa_oem-or-aftermarket-aftermarket","31":"first","32":"onbackorder","33":"taxable","34":"shipping-taxable","35":"purchasable","36":"product-type-simple"},"supplier_id":null,"supplier_sku":"","barcode":null,"atum_controlled":true,"out_stock_date":"2025-12-20 05:25:57","out_stock_threshold":null,"inheritable":false,"inbound_stock":0,"stock_on_hold":1,"sold_today":0,"sales_last_days":0,"reserved_stock":0,"customer_returns":0,"warehouse_damage":0,"lost_in_post":0,"other_logs":0,"out_stock_days":40,"lost_sales":0,"has_location":false,"update_date":"2026-01-29T09:11:06","atum_locations":[],"atum_stock_status":"onbackorder","restock_status":false,"low_stock_amount":1,"sales_update_date":"2026-01-29T09:11:06","calc_backorders":0,"_links":{"self":[{"href":"https:\/\/mps.digital-monkey.in\/de\/wp-json\/wp\/v2\/product\/34279","targetHints":{"allow":["GET"]}}],"collection":[{"href":"https:\/\/mps.digital-monkey.in\/de\/wp-json\/wp\/v2\/product"}],"about":[{"href":"https:\/\/mps.digital-monkey.in\/de\/wp-json\/wp\/v2\/types\/product"}],"replies":[{"embeddable":true,"href":"https:\/\/mps.digital-monkey.in\/de\/wp-json\/wp\/v2\/comments?post=34279"}],"wp:featuredmedia":[{"embeddable":true,"href":"https:\/\/mps.digital-monkey.in\/de\/wp-json\/wp\/v2\/media\/34280"}],"wp:attachment":[{"href":"https:\/\/mps.digital-monkey.in\/de\/wp-json\/wp\/v2\/media?parent=34279"}],"wp:term":[{"taxonomy":"product_brand","embeddable":true,"href":"https:\/\/mps.digital-monkey.in\/de\/wp-json\/wp\/v2\/product_brand?post=34279"},{"taxonomy":"product_cat","embeddable":true,"href":"https:\/\/mps.digital-monkey.in\/de\/wp-json\/wp\/v2\/product_cat?post=34279"},{"taxonomy":"product_tag","embeddable":true,"href":"https:\/\/mps.digital-monkey.in\/de\/wp-json\/wp\/v2\/product_tag?post=34279"}],"curies":[{"name":"wp","href":"https:\/\/api.w.org\/{rel}","templated":true}]}}