{"id":34301,"date":"2025-06-17T14:19:45","date_gmt":"2025-06-17T14:19:45","guid":{"rendered":"https:\/\/mps.digital-monkey.in\/product\/doppelter-dualer-primaerer-kraftstofffilter-ersetzt-cav296-1-2-20unf\/"},"modified":"2025-06-17T14:19:45","modified_gmt":"2025-06-17T14:19:45","slug":"doppelter-dualer-primaerer-kraftstofffilter-ersetzt-cav296-1-2-20unf","status":"publish","type":"product","link":"https:\/\/mps.digital-monkey.in\/de\/product\/doppelter-dualer-primaerer-kraftstofffilter-ersetzt-cav296-1-2-20unf\/","title":{"rendered":"Doppelter \/ Dualer prim\u00e4rer Kraftstofffilter ersetzt CAV296 &#8211; 1\/2-20UNF"},"content":{"rendered":"<p>Doppelter \/ Dualer prim\u00e4rer Kraftstofffilter ersetzt CAV296 &#8211; 1\/2-20UNF<\/p>\n<p><strong>Doppelfilter (Typ CAV)<\/strong><br \/>\nPrim\u00e4rer Kraftstofffilter f\u00fcr Dieselmotoren bis zu 130 PS. ( 50 L\/H) <\/p>\n<p>F\u00fcr ein einzelnes Ger\u00e4t Siehe dieses : <a href=\"https:\/\/mps.digital-monkey.in\/nl\/product\/waterafscheidende-dieselbrandstoffilter-cav-delphi-296\/\">Delphi296AM<\/a><\/p>\n<p>Kraftstoffanschl\u00fcsse\/Schlauchanschlussstutzen m\u00fcssen separat bestellt werden, Gewindegr\u00f6\u00dfe 1\/4&#8243; BSP.<\/p>\n<p>Schlauchanschl\u00fcsse: 1\/4 \u201ex 5\/16\u201c (8mm) oder 1\/4 \u201ex 3\/8\u201c (10mm).<\/p>\n<p>Banjo-Verschraubungen: 8mm oder 10mm<\/p>\n","protected":false},"excerpt":{"rendered":"<p>Doppelter \/ Dualer prim\u00e4rer Kraftstofffilter ersetzt CAV296 &#8211; 1\/2-20UNF Doppelfilter (Typ CAV) Prim\u00e4rer Kraftstofffilter f\u00fcr Dieselmotoren bis zu 130 PS. ( 50 L\/H) F\u00fcr ein einzelnes Ger\u00e4t Siehe dieses : Delphi296AM Kraftstoffanschl\u00fcsse\/Schlauchanschlussstutzen m\u00fcssen separat bestellt werden, Gewindegr\u00f6\u00dfe 1\/4&#8243; BSP. Schlauchanschl\u00fcsse: 1\/4 \u201ex 5\/16\u201c (8mm) oder 1\/4 \u201ex 3\/8\u201c (10mm). Banjo-Verschraubungen: 8mm oder 10mm<\/p>\n","protected":false},"featured_media":0,"comment_status":"open","ping_status":"closed","template":"","meta":[],"product_brand":[],"product_cat":[2498],"product_tag":[],"class_list":{"0":"post-34301","1":"product","2":"type-product","3":"status-publish","5":"product_cat-ersatzteile-fur-motoren","7":"first","8":"instock","9":"taxable","10":"shipping-taxable","11":"purchasable","12":"product-type-simple"},"supplier_id":null,"supplier_sku":"","barcode":null,"atum_controlled":true,"out_stock_date":null,"out_stock_threshold":null,"inheritable":false,"inbound_stock":0,"stock_on_hold":0,"sold_today":0,"sales_last_days":0,"reserved_stock":0,"customer_returns":0,"warehouse_damage":0,"lost_in_post":0,"other_logs":0,"out_stock_days":0,"lost_sales":0,"has_location":false,"update_date":"2025-08-29T00:00:42","atum_locations":[],"atum_stock_status":"instock","restock_status":false,"low_stock_amount":1,"sales_update_date":"2025-08-29T00:00:42","calc_backorders":0,"_links":{"self":[{"href":"https:\/\/mps.digital-monkey.in\/de\/wp-json\/wp\/v2\/product\/34301","targetHints":{"allow":["GET"]}}],"collection":[{"href":"https:\/\/mps.digital-monkey.in\/de\/wp-json\/wp\/v2\/product"}],"about":[{"href":"https:\/\/mps.digital-monkey.in\/de\/wp-json\/wp\/v2\/types\/product"}],"replies":[{"embeddable":true,"href":"https:\/\/mps.digital-monkey.in\/de\/wp-json\/wp\/v2\/comments?post=34301"}],"wp:attachment":[{"href":"https:\/\/mps.digital-monkey.in\/de\/wp-json\/wp\/v2\/media?parent=34301"}],"wp:term":[{"taxonomy":"product_brand","embeddable":true,"href":"https:\/\/mps.digital-monkey.in\/de\/wp-json\/wp\/v2\/product_brand?post=34301"},{"taxonomy":"product_cat","embeddable":true,"href":"https:\/\/mps.digital-monkey.in\/de\/wp-json\/wp\/v2\/product_cat?post=34301"},{"taxonomy":"product_tag","embeddable":true,"href":"https:\/\/mps.digital-monkey.in\/de\/wp-json\/wp\/v2\/product_tag?post=34301"}],"curies":[{"name":"wp","href":"https:\/\/api.w.org\/{rel}","templated":true}]}}