{"id":34309,"date":"2025-06-17T14:19:45","date_gmt":"2025-06-17T14:19:45","guid":{"rendered":"https:\/\/mps.digital-monkey.in\/product\/banjo-kit-und-fittings-fuer-8mm-kraftstoffschlaeuche\/"},"modified":"2025-10-03T12:31:09","modified_gmt":"2025-10-03T12:31:09","slug":"banjo-kit-und-fittings-fuer-8mm-kraftstoffschlaeuche","status":"publish","type":"product","link":"https:\/\/mps.digital-monkey.in\/de\/product\/banjo-kit-und-fittings-fuer-8mm-kraftstoffschlaeuche\/","title":{"rendered":"Banjo-Kit und Fittings f\u00fcr 8mm Kraftstoffschl\u00e4uche"},"content":{"rendered":"<p>Banjo-Kit mit Hohlschrauben und Fittings f\u00fcr 8mm Kraftstoffschl\u00e4uche<\/p>\n<p>1\/2-20UNF<\/p>\n","protected":false},"excerpt":{"rendered":"<p>Banjo-Kit mit Hohlschrauben und Fittings f\u00fcr 8mm Kraftstoffschl\u00e4uche 1\/2-20UNF<\/p>\n","protected":false},"featured_media":34310,"comment_status":"open","ping_status":"closed","template":"","meta":[],"product_brand":[],"product_cat":[3598,2498,3597,3596],"product_tag":[],"class_list":{"0":"post-34309","1":"product","2":"type-product","3":"status-publish","4":"has-post-thumbnail","6":"product_cat-beschlage","7":"product_cat-ersatzteile-fur-motoren","8":"product_cat-kraftstoffschlauche","9":"product_cat-schlauche-und-armaturen","11":"first","12":"instock","13":"taxable","14":"shipping-taxable","15":"purchasable","16":"product-type-simple"},"supplier_id":7294,"supplier_sku":"GS30432","barcode":null,"atum_controlled":true,"out_stock_date":null,"out_stock_threshold":null,"inheritable":false,"inbound_stock":0,"stock_on_hold":2,"sold_today":0,"sales_last_days":0,"reserved_stock":0,"customer_returns":0,"warehouse_damage":0,"lost_in_post":0,"other_logs":0,"out_stock_days":0,"lost_sales":0,"has_location":false,"update_date":"2026-01-29T09:10:01","atum_locations":[],"atum_stock_status":"instock","restock_status":false,"low_stock_amount":1,"sales_update_date":"2026-01-29T09:10:01","calc_backorders":0,"_links":{"self":[{"href":"https:\/\/mps.digital-monkey.in\/de\/wp-json\/wp\/v2\/product\/34309","targetHints":{"allow":["GET"]}}],"collection":[{"href":"https:\/\/mps.digital-monkey.in\/de\/wp-json\/wp\/v2\/product"}],"about":[{"href":"https:\/\/mps.digital-monkey.in\/de\/wp-json\/wp\/v2\/types\/product"}],"replies":[{"embeddable":true,"href":"https:\/\/mps.digital-monkey.in\/de\/wp-json\/wp\/v2\/comments?post=34309"}],"wp:featuredmedia":[{"embeddable":true,"href":"https:\/\/mps.digital-monkey.in\/de\/wp-json\/wp\/v2\/media\/34310"}],"wp:attachment":[{"href":"https:\/\/mps.digital-monkey.in\/de\/wp-json\/wp\/v2\/media?parent=34309"}],"wp:term":[{"taxonomy":"product_brand","embeddable":true,"href":"https:\/\/mps.digital-monkey.in\/de\/wp-json\/wp\/v2\/product_brand?post=34309"},{"taxonomy":"product_cat","embeddable":true,"href":"https:\/\/mps.digital-monkey.in\/de\/wp-json\/wp\/v2\/product_cat?post=34309"},{"taxonomy":"product_tag","embeddable":true,"href":"https:\/\/mps.digital-monkey.in\/de\/wp-json\/wp\/v2\/product_tag?post=34309"}],"curies":[{"name":"wp","href":"https:\/\/api.w.org\/{rel}","templated":true}]}}